{"id":9332,"date":"2025-07-28T10:03:02","date_gmt":"2025-07-28T07:03:02","guid":{"rendered":"https:\/\/edituracrimca.ro\/?post_type=product&#038;p=9332"},"modified":"2025-07-28T10:03:02","modified_gmt":"2025-07-28T07:03:02","slug":"voturile-monahale-in-biserica-ortodoxa-romana-intre-dreptul-canonic-si-dreptul-civil","status":"publish","type":"product","link":"https:\/\/edituracrimca.ro\/en\/product\/voturile-monahale-in-biserica-ortodoxa-romana-intre-dreptul-canonic-si-dreptul-civil\/","title":{"rendered":"Voturile monahale \u00een Biserica Ortodox\u0103 Rom\u00e2n\u0103 \u00eentre Dreptul Canonic \u0219i Dreptul Civil"},"content":{"rendered":"<p style=\"font-weight: 400;\"><strong>Voturile monahale \u00een Biserica Ortodox\u0103 Rom\u00e2n\u0103 \u00eentre Dreptul Canonic \u0219i Dreptul Civil <\/strong><\/p>\n<p style=\"font-weight: 400;\"><strong>Protosinghel Iustin TABAN\u00a0 <\/strong><\/p>\n<p style=\"font-weight: 400;\">Cartea p\u0103rintelui protosinghel Iustin Taban reprezint\u0103 prima teza de doctorat \u00een Drept Canonic sus\u021binut\u0103 la Universitatea Babe\u0219-Bolyai Cluj Napoca. Lucrarea a fost prezentat\u0103 \u00eentr-un cadru academic de excep\u021bie, av\u00e2ndu-i ca referen\u021bi pe Pr. Conf. Dr. Patriciu Vlaicu, Pr. Prof. Dr.\u00a0 George Grigori\u021b\u0103, Pr. Conf. Dr. Emilian Iustinian Roman \u0219i Conf. univ. dr. Liviu Marius Harosa. Cartea reprezint\u0103 o analiz\u0103 profund\u0103 a institu\u021biei monahismului \u00een Biserica Ortodox\u0103 Rom\u00e2n\u0103 \u0219i a statutului monahilor \u00een Biseric\u0103 \u0219i \u00een societate, prin prisma interac\u021biunii dintre Dreptul Canonic \u0219i Dreptul Civil.<\/p>\n<p style=\"font-weight: 400;\">Lucrarea de 560 de pagini beneficiaz\u0103 de o Bibliografie bogat\u0103, Anexe cu legisla\u021bie bisericeasc\u0103 \u0219i civil\u0103, spe\u021be \u0219i jurispruden\u021b\u0103 privind dreptul cultelor \u0219i un Indice de institu\u021bii canonice \u0219i juridice. Astfel, ea reprezint\u0103 un compendiu interdisciplinar de mare utilitate pentru to\u021bi cei care doresc s\u0103 aprofundeze dreptul cultelor, libertatea religioas\u0103 \u0219i rela\u021bia Biseric\u0103-Stat: teologi, canoni\u0219ti, avoca\u021bi, consilieri juridici, judec\u0103tori, consilieri biserice\u0219ti \u0219i func\u021bionari ai administra\u021biei publice deopotriv\u0103.<\/p>","protected":false},"excerpt":{"rendered":"<p style=\"font-weight: 400;\"><strong>Voturile monahale \u00een Biserica Ortodox\u0103 Rom\u00e2n\u0103 \u00eentre Dreptul Canonic \u0219i Dreptul Civil <\/strong><\/p>\n<p style=\"font-weight: 400;\"><strong>Protosinghel Iustin TABAN\u00a0 <\/strong><\/p>\n<p style=\"font-weight: 400;\">ISBN:\u00a0 978-606-734-244-4<\/p>\n<p style=\"font-weight: 400;\">Format: 160 X 240<\/p>\n<p style=\"font-weight: 400;\">Num\u0103r pagini: 560<\/p>\n<p style=\"font-weight: 400;\">Anul public\u0103rii: 2025<\/p>\n<p><span style=\"font-weight: 400;\">Tip copert\u0103: Cartonat\u0103<\/span><\/p>","protected":false},"featured_media":9333,"template":"","meta":[],"product_brand":[],"product_cat":[63],"product_tag":[],"class_list":{"0":"post-9332","1":"product","2":"type-product","3":"status-publish","4":"has-post-thumbnail","6":"product_cat-fara-categorie","8":"first","9":"instock","10":"taxable","11":"shipping-taxable","12":"purchasable","13":"product-type-simple"},"_links":{"self":[{"href":"https:\/\/edituracrimca.ro\/en\/wp-json\/wp\/v2\/product\/9332","targetHints":{"allow":["GET"]}}],"collection":[{"href":"https:\/\/edituracrimca.ro\/en\/wp-json\/wp\/v2\/product"}],"about":[{"href":"https:\/\/edituracrimca.ro\/en\/wp-json\/wp\/v2\/types\/product"}],"wp:featuredmedia":[{"embeddable":true,"href":"https:\/\/edituracrimca.ro\/en\/wp-json\/wp\/v2\/media\/9333"}],"wp:attachment":[{"href":"https:\/\/edituracrimca.ro\/en\/wp-json\/wp\/v2\/media?parent=9332"}],"wp:term":[{"taxonomy":"product_brand","embeddable":true,"href":"https:\/\/edituracrimca.ro\/en\/wp-json\/wp\/v2\/product_brand?post=9332"},{"taxonomy":"product_cat","embeddable":true,"href":"https:\/\/edituracrimca.ro\/en\/wp-json\/wp\/v2\/product_cat?post=9332"},{"taxonomy":"product_tag","embeddable":true,"href":"https:\/\/edituracrimca.ro\/en\/wp-json\/wp\/v2\/product_tag?post=9332"}],"curies":[{"name":"wp","href":"https:\/\/api.w.org\/{rel}","templated":true}]}}