{"id":9329,"date":"2025-07-24T12:20:34","date_gmt":"2025-07-24T09:20:34","guid":{"rendered":"https:\/\/edituracrimca.ro\/?post_type=product&#038;p=9329"},"modified":"2025-07-30T13:51:24","modified_gmt":"2025-07-30T10:51:24","slug":"sus-inima","status":"publish","type":"product","link":"https:\/\/edituracrimca.ro\/en\/product\/sus-inima\/","title":{"rendered":"Sus inima!"},"content":{"rendered":"<p style=\"font-weight: 400;\"><strong>Sus inima!<\/strong><\/p>\n<p style=\"font-weight: 400;\"><strong>Preot Alexandru Lungu<\/strong><\/p>\n<p style=\"font-weight: 400;\">P\u0103rintele Alexandru scrie frumos. Scrie nu doar cu peni\u021ba \u2013 ierta\u021bi-m\u0103, cu tastele \u2013 ci cu cele dinl\u0103untru. Cuvintele sale nu sunt izvodite numai din minte, ci le trece prin inim\u0103. Acolo, \u00een inima vegheat\u0103 de Duhul lui Dumnezeu, nu \u00eencape cenzura, auto-cenzura, f\u0103\u021b\u0103ria, compromisul, egoismul, vanitatea. \u0218i p\u0103rintele se str\u0103duie\u0219te ca Lui, lui Dumnezeu, s\u0103 \u00cei plac\u0103 mai \u00eent\u00e2i cele pe care le face \u0219i le cuget\u0103, \u0219i mai apoi s\u0103 se g\u00e2ndeasc\u0103 la ce vor spune, vor aprecia, vor comenta, vor evalua, oamenii.<\/p>\n<p style=\"font-weight: 400;\">Scrisul p\u0103rintelui nu este doar frumos, captivant, f\u0103r\u0103 reduc\u021bionisme, f\u0103r\u0103 exprim\u0103ri cli\u0219eizate, f\u0103r\u0103 cuvinte c\u0103utate cu lupa pentru a impresiona. El vorbe\u0219te, \u0219i posteaz\u0103, pentru to\u021bi cei care ar putea, din convingere, dar \u0219i din polite\u021be, din curtoazie sau din curiozitate, s\u0103-l asculte. Are priz\u0103 \u0219i la cel obi\u0219nuit cu stilul vechilor cazanii, dar \u0219i la cel pentru care limbajul colocvial este mai la \u00eendem\u00e2n\u0103 \u0219i mai de primit \u00een fa\u021ba unei atitudini strict teologale. De aceea, ve\u021bi g\u0103si aici minunate pagini, \u201eparafrazare\u201d pentru omul modern (f\u0103r\u0103 a \u201etr\u0103da\u201d \u00eentru nimic sensul \u0219i con\u021binutul) \u0219i a minunii \u00eenvierii lui Laz\u0103r, sau a pildei \u00eentoarcerii fiului risipitor, a celei cu vame\u0219ul \u0219i fariseul, ori parabola bogatului nemilostiv \u0219i a s\u0103racului Laz\u0103r.<\/p>\n<p style=\"font-weight: 400;\">\u2020 Damaschin Dorneanul,<\/p>\n<p style=\"font-weight: 400;\">Vicar Bishop of the Archdiocese of Suceava and R\u0103d\u0103u\u021bi<\/p>","protected":false},"excerpt":{"rendered":"<p style=\"font-weight: 400;\"><strong>Sus inima!<\/strong><\/p>\n<p style=\"font-weight: 400;\"><strong>Preot Alexandru Lungu<\/strong><\/p>\n<p>Precomand\u0103. Volumele vor fi livrate dup\u0103 data de 9 august<\/p>\n<p style=\"font-weight: 400;\">ISBN: 978-606-724-267-6<\/p>\n<p style=\"font-weight: 400;\">Format: 119 X 112<\/p>\n<p style=\"font-weight: 400;\">Num\u0103r pagini: 505<\/p>\n<p style=\"font-weight: 400;\">Anul public\u0103rii: 2025<\/p>\n<p style=\"font-weight: 400;\">Tip copert\u0103: Bro\u0219at\u0103<\/p>","protected":false},"featured_media":9330,"template":"","meta":[],"product_brand":[],"product_cat":[67],"product_tag":[],"class_list":{"0":"post-9329","1":"product","2":"type-product","3":"status-publish","4":"has-post-thumbnail","6":"product_cat-noutati-editoriale","8":"first","9":"onbackorder","10":"taxable","11":"shipping-taxable","12":"purchasable","13":"product-type-simple"},"_links":{"self":[{"href":"https:\/\/edituracrimca.ro\/en\/wp-json\/wp\/v2\/product\/9329","targetHints":{"allow":["GET"]}}],"collection":[{"href":"https:\/\/edituracrimca.ro\/en\/wp-json\/wp\/v2\/product"}],"about":[{"href":"https:\/\/edituracrimca.ro\/en\/wp-json\/wp\/v2\/types\/product"}],"wp:featuredmedia":[{"embeddable":true,"href":"https:\/\/edituracrimca.ro\/en\/wp-json\/wp\/v2\/media\/9330"}],"wp:attachment":[{"href":"https:\/\/edituracrimca.ro\/en\/wp-json\/wp\/v2\/media?parent=9329"}],"wp:term":[{"taxonomy":"product_brand","embeddable":true,"href":"https:\/\/edituracrimca.ro\/en\/wp-json\/wp\/v2\/product_brand?post=9329"},{"taxonomy":"product_cat","embeddable":true,"href":"https:\/\/edituracrimca.ro\/en\/wp-json\/wp\/v2\/product_cat?post=9329"},{"taxonomy":"product_tag","embeddable":true,"href":"https:\/\/edituracrimca.ro\/en\/wp-json\/wp\/v2\/product_tag?post=9329"}],"curies":[{"name":"wp","href":"https:\/\/api.w.org\/{rel}","templated":true}]}}