{"id":9328,"date":"2025-07-28T09:56:12","date_gmt":"2025-07-28T06:56:12","guid":{"rendered":"https:\/\/edituracrimca.ro\/?post_type=product&#038;p=9328"},"modified":"2025-11-27T13:09:00","modified_gmt":"2025-11-27T11:09:00","slug":"theotokos-enciclopedie-teologica-a-preasfintei-nascatoare-de-dumnezeu-maria","status":"publish","type":"product","link":"https:\/\/edituracrimca.ro\/en\/product\/theotokos-enciclopedie-teologica-a-preasfintei-nascatoare-de-dumnezeu-maria\/","title":{"rendered":"Theotokos. Enciclopedie teologic\u0103 a Preasfintei N\u0103sc\u0103toare de Dumnezeu Maria"},"content":{"rendered":"<p style=\"font-weight: 400;\"><strong>Theotokos. Enciclopedie teologic\u0103 a Preasfintei N\u0103sc\u0103toare de Dumnezeu Maria<\/strong><\/p>\n<p style=\"font-weight: 400;\"><strong>Remus RUS<\/strong><\/p>\n<p>&nbsp;<\/p>\n<p style=\"font-weight: 400;\">\u201eLucrarea de fa\u021b\u0103 impresioneaz\u0103 nu numai prin acurate\u021bea informa\u021biilor prezentate, ci \u0219i prin oferirea celor mai reprezentative referin\u021be bibliografice la fiecare articol. Acestea sunt at\u00e2t din categoria izvoarelor, c\u00e2t \u0219i din cea a lucr\u0103rilor \u0219i articolelor de specialitate, atent selectate \u0219i actualizate, \u021bin\u00e2nd cont de cele mai recente apari\u021bii [&#8230;]. Ea apare la Editura Crimca a \u0391rhiepiscopiei noastre \u00een condi\u021bii grafice de \u00eenalt\u0103 \u021binut\u0103, rod al unei fructuoase colabor\u0103ri cu inimo\u0219ii membri ai echipei de design Wincero. \u00cen palmaresul apari\u021biilor editoriale ale Editurii Crimca, lucrarea de fa\u021b\u0103 va fi un punct de referin\u021b\u0103 \u00een ceea ce prive\u0219te con\u021binutul \u0219i estetica prezent\u0103rii, bucurie pentru minte \u0219i pentru inim\u0103 deopotriv\u0103\u201d.<\/p>\n<p style=\"font-weight: 400;\">Damaschin Dorneanul, Vicar Bishop of the Archdiocese of Suceava and R\u0103d\u0103u\u021bi<\/p>","protected":false},"excerpt":{"rendered":"<p style=\"font-weight: 400;\"><strong>Theotokos. Enciclopedie teologic\u0103 a Preasfintei N\u0103sc\u0103toare de Dumnezeu Maria<\/strong><\/p>\n<p style=\"font-weight: 400;\"><strong>Remus RUS<\/strong><\/p>\n<p style=\"font-weight: 400;\">Autor: Remus Rus<\/p>\n<p style=\"font-weight: 400;\">Titlu: Theotokos. Enciclopedie Teologic\u0103<\/p>\n<p style=\"font-weight: 400;\">ISBN: 978-606-734-198-0<\/p>\n<p style=\"font-weight: 400;\">Format: 240 X 165<\/p>\n<p style=\"font-weight: 400;\">Num\u0103r pagini: 712<\/p>\n<p style=\"font-weight: 400;\">Anul public\u0103rii: 2024<\/p>\n<p style=\"font-weight: 400;\">Tip copert\u0103: Cartonat\u0103<\/p>\n<p style=\"font-weight: 400;\">Cant tip\u0103rit<\/p>","protected":false},"featured_media":9353,"template":"","meta":[],"product_brand":[],"product_cat":[67],"product_tag":[],"class_list":{"0":"post-9328","1":"product","2":"type-product","3":"status-publish","4":"has-post-thumbnail","6":"product_cat-noutati-editoriale","8":"first","9":"instock","10":"taxable","11":"shipping-taxable","12":"purchasable","13":"product-type-simple"},"_links":{"self":[{"href":"https:\/\/edituracrimca.ro\/en\/wp-json\/wp\/v2\/product\/9328","targetHints":{"allow":["GET"]}}],"collection":[{"href":"https:\/\/edituracrimca.ro\/en\/wp-json\/wp\/v2\/product"}],"about":[{"href":"https:\/\/edituracrimca.ro\/en\/wp-json\/wp\/v2\/types\/product"}],"wp:featuredmedia":[{"embeddable":true,"href":"https:\/\/edituracrimca.ro\/en\/wp-json\/wp\/v2\/media\/9353"}],"wp:attachment":[{"href":"https:\/\/edituracrimca.ro\/en\/wp-json\/wp\/v2\/media?parent=9328"}],"wp:term":[{"taxonomy":"product_brand","embeddable":true,"href":"https:\/\/edituracrimca.ro\/en\/wp-json\/wp\/v2\/product_brand?post=9328"},{"taxonomy":"product_cat","embeddable":true,"href":"https:\/\/edituracrimca.ro\/en\/wp-json\/wp\/v2\/product_cat?post=9328"},{"taxonomy":"product_tag","embeddable":true,"href":"https:\/\/edituracrimca.ro\/en\/wp-json\/wp\/v2\/product_tag?post=9328"}],"curies":[{"name":"wp","href":"https:\/\/api.w.org\/{rel}","templated":true}]}}