{"id":9320,"date":"2025-07-24T12:05:27","date_gmt":"2025-07-24T09:05:27","guid":{"rendered":"https:\/\/edituracrimca.ro\/?post_type=product&#038;p=9320"},"modified":"2025-11-27T13:11:58","modified_gmt":"2025-11-27T11:11:58","slug":"rastignirea-imparatului-slavei-istoria-incredibila-si-misterul-sublim-al-sfintelor-patimiri","status":"publish","type":"product","link":"https:\/\/edituracrimca.ro\/en\/product\/rastignirea-imparatului-slavei-istoria-incredibila-si-misterul-sublim-al-sfintelor-patimiri\/","title":{"rendered":"R\u0103stignirea \u00cemp\u0103ratului Slavei. Istoria incredibil\u0103 \u0219i misterul sublim al Sfintelor P\u0103timiri"},"content":{"rendered":"<p style=\"font-weight: 400;\"><strong>R\u0103stignirea \u00cemp\u0103ratului Slavei. Istoria incredibil\u0103 \u0219i misterul sublim al Sfintelor P\u0103timiri<\/strong><\/p>\n<p style=\"font-weight: 400;\"><strong>Eugenia Scarvelis Constantinou<\/strong><\/p>\n<p>&nbsp;<\/p>\n<p style=\"font-weight: 400;\">Cu binecuv\u00e2ntarea \u00cenaltpreasfin\u021bitului P\u0103rinte Arhiepiscop Calinic, sub egida Editurii Crimca a Arhiepiscopiei Sucevei \u0219i R\u0103d\u0103u\u021bilor a v\u0103zut lumina tiparului volumul R\u0103stignirea \u00cemp\u0103ratului Slavei. Istoria incredibil\u0103 \u0219i misterul sublim al Sfintelor P\u0103timiri, semnat de Eugenia Scarvelis Constantinou, Doctor \u00een istoria interpret\u0103rii biblice al Universit\u0103\u021bii Laval din Quebec.<\/p>\n<p style=\"font-weight: 400;\">Realizat\u0103 \u00een condi\u021bii grafice deosibite, lucrarea \u2013 a\u0219a cum arat\u0103 Arhid. Conf. Univ. Dr. Alexandru Mih\u0103il\u0103, prefa\u021batorul edi\u021biei rom\u00e2ne\u0219ti \u2013 \u201ediscut\u0103 pe larg fundamentul credin\u021bei \u00een \u00cenviere, adic\u0103 \u00eenv\u0103\u021b\u0103tura despre cruce. Fiind absolvent\u0103 de drept, prezbitera Constantinou este foarte atent\u0103 la aspectele juridice din procesul intentat M\u00e2ntuitorului, la baza legal\u0103 a execut\u0103rii Lui prin participarea autorit\u0103\u021bilor iudaice \u0219i romane. Dar f\u0103r\u0103 r\u0103stignire nu este posibil\u0103 \u00cenvierea. Teologia crucii a fost \u0219i pentru cei din vechime, \u0219i pentru noi, cei de ast\u0103zi, o provocare la adresa logicii. A\u0219a cum scrie autoarea, \u00abcre\u0219tinii au avut credin\u021b\u0103 \u00een pofida crucii, nu datorit\u0103 acesteia\u00bb. Dar \u00een\u021belegerea contextului crucific\u0103rii, \u00een special a semnifica\u021biilor teologice vechi-testamentare legate de jertf\u0103, isp\u0103\u0219ire, blestem, ofer\u0103 tocmai justificarea principiilor credin\u021bei prin asumarea phronemei ortodoxe\u201d.<\/p>\n<p style=\"font-weight: 400;\">Totodat\u0103, semnal\u0103m faptul c\u0103 volumul beneficiaz\u0103 de cant tip\u0103rit, iar reprezent\u0103rile iconografice uzitate \u00een acest sens ilustreaz\u0103 ciclul Sfintelor P\u0103timiri ale M\u00e2ntuitorului Hristos, sursa de provenien\u021b\u0103 fiind iconografia M\u0103n\u0103stirii B\u0103line\u0219ti, din jude\u021bul Suceava.<\/p>","protected":false},"excerpt":{"rendered":"<p style=\"font-weight: 400;\">Autor: r. Eugenia Scarvelis Constantinou<\/p>\n<p style=\"font-weight: 400;\">Titlu: R\u0103stignirea \u00cemp\u0103ratului Slavei. Istoria incredibil\u0103 \u0219i misterul sublim al Sfintelor P\u0103timiri<\/p>\n<p style=\"font-weight: 400;\">ISBN: 978-606-734-222-2<\/p>\n<p style=\"font-weight: 400;\">Format: 250&#215;170<\/p>\n<p style=\"font-weight: 400;\">Num\u0103r pagini:\u00a0 455<\/p>\n<p style=\"font-weight: 400;\">Anul public\u0103rii: 2024<\/p>\n<p style=\"font-weight: 400;\">Tip copert\u0103: Cartonat\u0103<\/p>\n<p style=\"font-weight: 400;\">Cant tip\u0103rit<\/p>","protected":false},"featured_media":9344,"template":"","meta":[],"product_brand":[],"product_cat":[67],"product_tag":[],"class_list":{"0":"post-9320","1":"product","2":"type-product","3":"status-publish","4":"has-post-thumbnail","6":"product_cat-noutati-editoriale","8":"first","9":"instock","10":"taxable","11":"shipping-taxable","12":"purchasable","13":"product-type-simple"},"_links":{"self":[{"href":"https:\/\/edituracrimca.ro\/en\/wp-json\/wp\/v2\/product\/9320","targetHints":{"allow":["GET"]}}],"collection":[{"href":"https:\/\/edituracrimca.ro\/en\/wp-json\/wp\/v2\/product"}],"about":[{"href":"https:\/\/edituracrimca.ro\/en\/wp-json\/wp\/v2\/types\/product"}],"wp:featuredmedia":[{"embeddable":true,"href":"https:\/\/edituracrimca.ro\/en\/wp-json\/wp\/v2\/media\/9344"}],"wp:attachment":[{"href":"https:\/\/edituracrimca.ro\/en\/wp-json\/wp\/v2\/media?parent=9320"}],"wp:term":[{"taxonomy":"product_brand","embeddable":true,"href":"https:\/\/edituracrimca.ro\/en\/wp-json\/wp\/v2\/product_brand?post=9320"},{"taxonomy":"product_cat","embeddable":true,"href":"https:\/\/edituracrimca.ro\/en\/wp-json\/wp\/v2\/product_cat?post=9320"},{"taxonomy":"product_tag","embeddable":true,"href":"https:\/\/edituracrimca.ro\/en\/wp-json\/wp\/v2\/product_tag?post=9320"}],"curies":[{"name":"wp","href":"https:\/\/api.w.org\/{rel}","templated":true}]}}