{"id":9317,"date":"2025-07-24T12:06:04","date_gmt":"2025-07-24T09:06:04","guid":{"rendered":"https:\/\/edituracrimca.ro\/?post_type=product&#038;p=9317"},"modified":"2025-07-28T11:48:58","modified_gmt":"2025-07-28T08:48:58","slug":"hapsanca-povestea-unei-mame-in-fata-cu-propriile-neputinte","status":"publish","type":"product","link":"https:\/\/edituracrimca.ro\/en\/product\/hapsanca-povestea-unei-mame-in-fata-cu-propriile-neputinte\/","title":{"rendered":"Haps\u00e2nca. Povestea unei mame \u00een fa\u021b\u0103 cu propriile neputin\u021be"},"content":{"rendered":"<p style=\"font-weight: 400;\"><strong>Haps\u00e2nca. Povestea unei mame \u00een fa\u021b\u0103 cu propriile neputin\u021be<\/strong><\/p>\n<p style=\"font-weight: 400;\"><strong>C\u0103t\u0103lina Gheorghian\u00a0 <\/strong><\/p>\n<p style=\"font-weight: 400;\">\u201eHaps\u00e2nca pare un personaj fantastic, grotesc, exagerat \u015fi totu\u0219i ea este c\u1ea5t se poate de real\u0103.<\/p>\n<p style=\"font-weight: 400;\">Uria\u015f\u0103 \u00een propor\u021bi, cu o poft\u0103 nem\u00e5surat\u0103 de m\u00e2ncare, devoreaz\u0103 tot ce ti iese \u00een cale si nu tine cont nici de str\u0103ini, nici de proprii ei copil!<\/p>\n<p style=\"font-weight: 400;\">\u00cens\u0103 Haps\u00e2nca nu are doar un trup pe care \u00eel alimenteaz\u0103 in exces cu tot ce-i pic\u0103 \u00een gur\u0103 &#8211; ad\u00e2nc, pitit printre straturile de gr\u0103sime, pulseaz\u0103 obosit \u0219i sufletul ei.<\/p>\n<p style=\"font-weight: 400;\">Oare va reu\u0219i Haps\u00e2nca s\u0103 \u0219i-l descopere? Va g\u0103si leac pentru l\u0103comia ei? Va reu\u0219i s\u0103 vad\u0103 si dincolo de m\u00e2ncare? Si cel mai important: \u00ce\u015fi va g\u0103si lini\u015ftea \u0219i\u00a0 bucuria, f\u0103r\u0103 de care via\u021ba poate deveni o corvoad\u0103, aici, Pe p\u0103m\u00e2nt?<\/p>\n<p style=\"font-weight: 400;\">S-o rug\u0103m, deci, s\u0103 ne ia \u0219i pe noi al\u0103turi de ea, pe aripile p\u0103s\u0103rii ei misterioase, aidoma unui \u00eenger p\u0103zitor, \u0219i s\u0103 pornim \u00eentr-o c\u0103l\u0103torie de leac pentru l\u0103comie!\u201d.<\/p>\n<p style=\"font-weight: 400;\">C\u0103t\u0103lina GHEORGHIAN<\/p>","protected":false},"excerpt":{"rendered":"<p style=\"font-weight: 400;\">Autor: C\u0103t\u0103lina Gheorghian<\/p>\n<p style=\"font-weight: 400;\">Ilustra\u021bii de: Cristina-Diana Enache<\/p>\n<p style=\"font-weight: 400;\">Titlu: Haps\u00e2nca. Povestea unei mame \u00een fa\u021b\u0103 cu propriile neputin\u021be<\/p>\n<p style=\"font-weight: 400;\">ISBN: 978-606-724-262-1<\/p>\n<p style=\"font-weight: 400;\">Format: 250&#215;215<\/p>\n<p style=\"font-weight: 400;\">Num\u0103r pagini: 40<\/p>\n<p style=\"font-weight: 400;\">Anul public\u0103rii: 2025<\/p>\n<p style=\"font-weight: 400;\">Tip copert\u0103: Cartonat\u0103<\/p>","protected":false},"featured_media":9318,"template":"","meta":[],"product_brand":[],"product_cat":[67],"product_tag":[],"class_list":{"0":"post-9317","1":"product","2":"type-product","3":"status-publish","4":"has-post-thumbnail","6":"product_cat-noutati-editoriale","8":"first","9":"instock","10":"taxable","11":"shipping-taxable","12":"purchasable","13":"product-type-simple"},"_links":{"self":[{"href":"https:\/\/edituracrimca.ro\/en\/wp-json\/wp\/v2\/product\/9317","targetHints":{"allow":["GET"]}}],"collection":[{"href":"https:\/\/edituracrimca.ro\/en\/wp-json\/wp\/v2\/product"}],"about":[{"href":"https:\/\/edituracrimca.ro\/en\/wp-json\/wp\/v2\/types\/product"}],"wp:featuredmedia":[{"embeddable":true,"href":"https:\/\/edituracrimca.ro\/en\/wp-json\/wp\/v2\/media\/9318"}],"wp:attachment":[{"href":"https:\/\/edituracrimca.ro\/en\/wp-json\/wp\/v2\/media?parent=9317"}],"wp:term":[{"taxonomy":"product_brand","embeddable":true,"href":"https:\/\/edituracrimca.ro\/en\/wp-json\/wp\/v2\/product_brand?post=9317"},{"taxonomy":"product_cat","embeddable":true,"href":"https:\/\/edituracrimca.ro\/en\/wp-json\/wp\/v2\/product_cat?post=9317"},{"taxonomy":"product_tag","embeddable":true,"href":"https:\/\/edituracrimca.ro\/en\/wp-json\/wp\/v2\/product_tag?post=9317"}],"curies":[{"name":"wp","href":"https:\/\/api.w.org\/{rel}","templated":true}]}}