{"id":4354,"date":"2026-05-15T13:06:11","date_gmt":"2026-05-15T10:06:11","guid":{"rendered":"https:\/\/edituracrimca.ro\/?post_type=product&#038;p=4354"},"modified":"2026-05-15T13:06:13","modified_gmt":"2026-05-15T10:06:13","slug":"scrisori-de-la-tata-impartasiri-cu-dumnezeu","status":"publish","type":"product","link":"https:\/\/edituracrimca.ro\/en\/shop\/scrisori-de-la-tata-impartasiri-cu-dumnezeu\/","title":{"rendered":"Scrisori de la Tata &#8211; \u00eemp\u0103rt\u0103\u0219iri cu Dumnezeu &#8211;"},"content":{"rendered":"<p>Autor: Arhimandrit Iustin Taban<\/p>\n<p><strong>Format:<\/strong> 135&#215;210<\/p>\n<p><strong>Number of pages:<\/strong> 168<\/p>\n<p><strong>Year of publication:<\/strong> 2026<\/p>\n<p><strong>Cover type:<\/strong> hardback<\/p>\n<p><i>\u201c <\/i><i>F<\/i><i>iul Meu,<\/i><\/p>\n<p><i>\u00ce\u021bi scriu Eu, Tat\u0103l t\u0103u, despre toate lucrurile care te<\/i><\/p>\n<p><i>fac fiul Meu. Niciodat\u0103 nu am fost departe de tine \u0219i<\/i><\/p>\n<p><i>nu te-am abandonat.<\/i><\/p>\n<p><i>S\u0103 \u0219tii c\u0103 tu e\u0219ti o idee fericit\u0103 a Mea. Te-am<\/i><\/p>\n<p><i>conceput \u00eentr-o clip\u0103 de d\u0103ruire a ceea ce sunt Eu. Team<\/i><\/p>\n<p><i>iubit dup\u0103 m\u0103sura necazului lumii \u0219i te-am a\u0219ezat<\/i><\/p>\n<p><i>\u00een mijlocul ei.<\/i><\/p>\n<p><i>Col\u021bul t\u0103u de lume p\u0103timitor e ales de Mine. Ca<\/i><\/p>\n<p><i>oamenii s\u0103 cunoasc\u0103 g\u00e2ndurile Mele prin inima ta de fiu.<\/i><\/p>\n<p><i>Care este a Mea, a Tat\u0103lui t\u0103u.<\/i><\/p>","protected":false},"excerpt":{"rendered":"<p>Autor: Arhimandrit Iustin Taban<\/p>\n<p><strong>Format:<\/strong> 135&#215;210<\/p>\n<p><strong>Number of pages:<\/strong> 168<\/p>\n<p><strong>Year of publication:<\/strong> 2026<\/p>\n<p><strong>Cover type:<\/strong> hardback<\/p>","protected":false},"featured_media":4355,"comment_status":"open","ping_status":"closed","template":"","meta":{"_acf_changed":false},"product_brand":[],"product_cat":[31],"product_tag":[],"class_list":{"0":"post-4354","1":"product","2":"type-product","3":"status-publish","4":"has-post-thumbnail","6":"product_cat-omiletica-si-pastorala","8":"first","9":"instock","10":"shipping-taxable","11":"purchasable","12":"product-type-simple"},"acf":[],"yoast_head":"<!-- This site is optimized with the Yoast SEO Premium plugin v27.4 (Yoast SEO v27.4) - https:\/\/yoast.com\/product\/yoast-seo-premium-wordpress\/ -->\n<title>Scrisori de la Tata - \u00eemp\u0103rt\u0103\u0219iri cu Dumnezeu - Editura CRIMCA<\/title>\n<meta name=\"robots\" content=\"index, follow, max-snippet:-1, max-image-preview:large, max-video-preview:-1\" \/>\n<link rel=\"canonical\" href=\"https:\/\/edituracrimca.ro\/en\/shop\/scrisori-de-la-tata-impartasiri-cu-dumnezeu\/\" \/>\n<meta property=\"og:locale\" content=\"en_US\" \/>\n<meta property=\"og:type\" content=\"article\" \/>\n<meta property=\"og:title\" content=\"Scrisori de la Tata - \u00eemp\u0103rt\u0103\u0219iri cu Dumnezeu -\" \/>\n<meta property=\"og:description\" content=\"Autor: Arhimandrit Iustin Taban  Format: 135x210  Num\u0103r pagini: 168  Anul public\u0103rii: 2026  Tip copert\u0103: cartonat\u0103\" \/>\n<meta property=\"og:url\" content=\"https:\/\/edituracrimca.ro\/en\/shop\/scrisori-de-la-tata-impartasiri-cu-dumnezeu\/\" \/>\n<meta property=\"og:site_name\" content=\"Editura CRIMCA\" \/>\n<meta property=\"article:publisher\" content=\"https:\/\/web.facebook.com\/EdCrimca\" \/>\n<meta property=\"article:modified_time\" content=\"2026-05-15T10:06:13+00:00\" \/>\n<meta property=\"og:image\" content=\"https:\/\/edituracrimca.ro\/wp-content\/uploads\/2026\/05\/cprt-bk-scrisori-v-monitor.avif\" \/>\n\t<meta property=\"og:image:width\" content=\"1704\" \/>\n\t<meta property=\"og:image:height\" content=\"2454\" \/>\n\t<meta property=\"og:image:type\" content=\"image\/png\" \/>\n<meta name=\"twitter:card\" content=\"summary_large_image\" \/>\n<meta name=\"twitter:label1\" content=\"Est. reading time\" \/>\n\t<meta name=\"twitter:data1\" content=\"1 minute\" \/>\n<script type=\"application\/ld+json\" class=\"yoast-schema-graph\">{\"@context\":\"https:\\\/\\\/schema.org\",\"@graph\":[{\"@type\":\"WebPage\",\"@id\":\"https:\\\/\\\/edituracrimca.ro\\\/magazin\\\/scrisori-de-la-tata-impartasiri-cu-dumnezeu\\\/\",\"url\":\"https:\\\/\\\/edituracrimca.ro\\\/magazin\\\/scrisori-de-la-tata-impartasiri-cu-dumnezeu\\\/\",\"name\":\"Scrisori de la Tata - \u00eemp\u0103rt\u0103\u0219iri cu Dumnezeu - Editura CRIMCA\",\"isPartOf\":{\"@id\":\"https:\\\/\\\/edituracrimca.ro\\\/#website\"},\"primaryImageOfPage\":{\"@id\":\"https:\\\/\\\/edituracrimca.ro\\\/magazin\\\/scrisori-de-la-tata-impartasiri-cu-dumnezeu\\\/#primaryimage\"},\"image\":{\"@id\":\"https:\\\/\\\/edituracrimca.ro\\\/magazin\\\/scrisori-de-la-tata-impartasiri-cu-dumnezeu\\\/#primaryimage\"},\"thumbnailUrl\":\"https:\\\/\\\/edituracrimca.ro\\\/wp-content\\\/uploads\\\/2026\\\/05\\\/cprt-bk-scrisori-v-monitor.avif\",\"datePublished\":\"2026-05-15T10:06:11+00:00\",\"dateModified\":\"2026-05-15T10:06:13+00:00\",\"breadcrumb\":{\"@id\":\"https:\\\/\\\/edituracrimca.ro\\\/magazin\\\/scrisori-de-la-tata-impartasiri-cu-dumnezeu\\\/#breadcrumb\"},\"inLanguage\":\"en-US\",\"potentialAction\":[{\"@type\":\"ReadAction\",\"target\":[\"https:\\\/\\\/edituracrimca.ro\\\/magazin\\\/scrisori-de-la-tata-impartasiri-cu-dumnezeu\\\/\"]}]},{\"@type\":\"ImageObject\",\"inLanguage\":\"en-US\",\"@id\":\"https:\\\/\\\/edituracrimca.ro\\\/magazin\\\/scrisori-de-la-tata-impartasiri-cu-dumnezeu\\\/#primaryimage\",\"url\":\"https:\\\/\\\/edituracrimca.ro\\\/wp-content\\\/uploads\\\/2026\\\/05\\\/cprt-bk-scrisori-v-monitor.avif\",\"contentUrl\":\"https:\\\/\\\/edituracrimca.ro\\\/wp-content\\\/uploads\\\/2026\\\/05\\\/cprt-bk-scrisori-v-monitor.avif\",\"width\":1704,\"height\":2454},{\"@type\":\"BreadcrumbList\",\"@id\":\"https:\\\/\\\/edituracrimca.ro\\\/magazin\\\/scrisori-de-la-tata-impartasiri-cu-dumnezeu\\\/#breadcrumb\",\"itemListElement\":[{\"@type\":\"ListItem\",\"position\":1,\"name\":\"Prima pagin\u0103\",\"item\":\"https:\\\/\\\/edituracrimca.ro\\\/\"},{\"@type\":\"ListItem\",\"position\":2,\"name\":\"Magazin\",\"item\":\"https:\\\/\\\/edituracrimca.ro\\\/magazin\\\/\"},{\"@type\":\"ListItem\",\"position\":3,\"name\":\"Scrisori de la Tata &#8211; \u00eemp\u0103rt\u0103\u0219iri cu Dumnezeu &#8211;\"}]},{\"@type\":\"WebSite\",\"@id\":\"https:\\\/\\\/edituracrimca.ro\\\/#website\",\"url\":\"https:\\\/\\\/edituracrimca.ro\\\/\",\"name\":\"Editura CRIMCA\",\"description\":\"Cuv\u00e2ntul care Zide\u0219te\",\"publisher\":{\"@id\":\"https:\\\/\\\/edituracrimca.ro\\\/#organization\"},\"potentialAction\":[{\"@type\":\"SearchAction\",\"target\":{\"@type\":\"EntryPoint\",\"urlTemplate\":\"https:\\\/\\\/edituracrimca.ro\\\/?s={search_term_string}\"},\"query-input\":{\"@type\":\"PropertyValueSpecification\",\"valueRequired\":true,\"valueName\":\"search_term_string\"}}],\"inLanguage\":\"en-US\"},{\"@type\":\"Organization\",\"@id\":\"https:\\\/\\\/edituracrimca.ro\\\/#organization\",\"name\":\"Editura CRIMCA\",\"url\":\"https:\\\/\\\/edituracrimca.ro\\\/\",\"logo\":{\"@type\":\"ImageObject\",\"inLanguage\":\"en-US\",\"@id\":\"https:\\\/\\\/edituracrimca.ro\\\/#\\\/schema\\\/logo\\\/image\\\/\",\"url\":\"https:\\\/\\\/edituracrimca.ro\\\/wp-content\\\/uploads\\\/2026\\\/04\\\/editura-crimca.svg\",\"contentUrl\":\"https:\\\/\\\/edituracrimca.ro\\\/wp-content\\\/uploads\\\/2026\\\/04\\\/editura-crimca.svg\",\"width\":601,\"height\":206,\"caption\":\"Editura CRIMCA\"},\"image\":{\"@id\":\"https:\\\/\\\/edituracrimca.ro\\\/#\\\/schema\\\/logo\\\/image\\\/\"},\"sameAs\":[\"https:\\\/\\\/web.facebook.com\\\/EdCrimca\",\"https:\\\/\\\/www.instagram.com\\\/jurnalculturalcrimca\\\/\"]}]}<\/script>\n<!-- \/ Yoast SEO Premium plugin. -->","yoast_head_json":{"title":"Scrisori de la Tata - \u00eemp\u0103rt\u0103\u0219iri cu Dumnezeu - Editura CRIMCA","robots":{"index":"index","follow":"follow","max-snippet":"max-snippet:-1","max-image-preview":"max-image-preview:large","max-video-preview":"max-video-preview:-1"},"canonical":"https:\/\/edituracrimca.ro\/en\/shop\/scrisori-de-la-tata-impartasiri-cu-dumnezeu\/","og_locale":"en_US","og_type":"article","og_title":"Scrisori de la Tata - \u00eemp\u0103rt\u0103\u0219iri cu Dumnezeu -","og_description":"Autor: Arhimandrit Iustin Taban  Format: 135x210  Num\u0103r pagini: 168  Anul public\u0103rii: 2026  Tip copert\u0103: cartonat\u0103","og_url":"https:\/\/edituracrimca.ro\/en\/shop\/scrisori-de-la-tata-impartasiri-cu-dumnezeu\/","og_site_name":"Editura CRIMCA","article_publisher":"https:\/\/web.facebook.com\/EdCrimca","article_modified_time":"2026-05-15T10:06:13+00:00","og_image":[{"width":1704,"height":2454,"url":"https:\/\/edituracrimca.ro\/wp-content\/uploads\/2026\/05\/cprt-bk-scrisori-v-monitor.avif","type":"image\/png"}],"twitter_card":"summary_large_image","twitter_misc":{"Est. reading time":"1 minute"},"schema":{"@context":"https:\/\/schema.org","@graph":[{"@type":"WebPage","@id":"https:\/\/edituracrimca.ro\/magazin\/scrisori-de-la-tata-impartasiri-cu-dumnezeu\/","url":"https:\/\/edituracrimca.ro\/magazin\/scrisori-de-la-tata-impartasiri-cu-dumnezeu\/","name":"Scrisori de la Tata - \u00eemp\u0103rt\u0103\u0219iri cu Dumnezeu - Editura CRIMCA","isPartOf":{"@id":"https:\/\/edituracrimca.ro\/#website"},"primaryImageOfPage":{"@id":"https:\/\/edituracrimca.ro\/magazin\/scrisori-de-la-tata-impartasiri-cu-dumnezeu\/#primaryimage"},"image":{"@id":"https:\/\/edituracrimca.ro\/magazin\/scrisori-de-la-tata-impartasiri-cu-dumnezeu\/#primaryimage"},"thumbnailUrl":"https:\/\/edituracrimca.ro\/wp-content\/uploads\/2026\/05\/cprt-bk-scrisori-v-monitor.avif","datePublished":"2026-05-15T10:06:11+00:00","dateModified":"2026-05-15T10:06:13+00:00","breadcrumb":{"@id":"https:\/\/edituracrimca.ro\/magazin\/scrisori-de-la-tata-impartasiri-cu-dumnezeu\/#breadcrumb"},"inLanguage":"en-US","potentialAction":[{"@type":"ReadAction","target":["https:\/\/edituracrimca.ro\/magazin\/scrisori-de-la-tata-impartasiri-cu-dumnezeu\/"]}]},{"@type":"ImageObject","inLanguage":"en-US","@id":"https:\/\/edituracrimca.ro\/magazin\/scrisori-de-la-tata-impartasiri-cu-dumnezeu\/#primaryimage","url":"https:\/\/edituracrimca.ro\/wp-content\/uploads\/2026\/05\/cprt-bk-scrisori-v-monitor.avif","contentUrl":"https:\/\/edituracrimca.ro\/wp-content\/uploads\/2026\/05\/cprt-bk-scrisori-v-monitor.avif","width":1704,"height":2454},{"@type":"BreadcrumbList","@id":"https:\/\/edituracrimca.ro\/magazin\/scrisori-de-la-tata-impartasiri-cu-dumnezeu\/#breadcrumb","itemListElement":[{"@type":"ListItem","position":1,"name":"Prima pagin\u0103","item":"https:\/\/edituracrimca.ro\/"},{"@type":"ListItem","position":2,"name":"Magazin","item":"https:\/\/edituracrimca.ro\/magazin\/"},{"@type":"ListItem","position":3,"name":"Scrisori de la Tata &#8211; \u00eemp\u0103rt\u0103\u0219iri cu Dumnezeu &#8211;"}]},{"@type":"WebSite","@id":"https:\/\/edituracrimca.ro\/#website","url":"https:\/\/edituracrimca.ro\/","name":"CRIMCA Publishing House","description":"The Word that Builds","publisher":{"@id":"https:\/\/edituracrimca.ro\/#organization"},"potentialAction":[{"@type":"SearchAction","target":{"@type":"EntryPoint","urlTemplate":"https:\/\/edituracrimca.ro\/?s={search_term_string}"},"query-input":{"@type":"PropertyValueSpecification","valueRequired":true,"valueName":"search_term_string"}}],"inLanguage":"en-US"},{"@type":"Organization","@id":"https:\/\/edituracrimca.ro\/#organization","name":"CRIMCA Publishing House","url":"https:\/\/edituracrimca.ro\/","logo":{"@type":"ImageObject","inLanguage":"en-US","@id":"https:\/\/edituracrimca.ro\/#\/schema\/logo\/image\/","url":"https:\/\/edituracrimca.ro\/wp-content\/uploads\/2026\/04\/editura-crimca.svg","contentUrl":"https:\/\/edituracrimca.ro\/wp-content\/uploads\/2026\/04\/editura-crimca.svg","width":601,"height":206,"caption":"Editura CRIMCA"},"image":{"@id":"https:\/\/edituracrimca.ro\/#\/schema\/logo\/image\/"},"sameAs":["https:\/\/web.facebook.com\/EdCrimca","https:\/\/www.instagram.com\/jurnalculturalcrimca\/"]}]}},"_links":{"self":[{"href":"https:\/\/edituracrimca.ro\/en\/wp-json\/wp\/v2\/product\/4354","targetHints":{"allow":["GET"]}}],"collection":[{"href":"https:\/\/edituracrimca.ro\/en\/wp-json\/wp\/v2\/product"}],"about":[{"href":"https:\/\/edituracrimca.ro\/en\/wp-json\/wp\/v2\/types\/product"}],"replies":[{"embeddable":true,"href":"https:\/\/edituracrimca.ro\/en\/wp-json\/wp\/v2\/comments?post=4354"}],"version-history":[{"count":1,"href":"https:\/\/edituracrimca.ro\/en\/wp-json\/wp\/v2\/product\/4354\/revisions"}],"predecessor-version":[{"id":4356,"href":"https:\/\/edituracrimca.ro\/en\/wp-json\/wp\/v2\/product\/4354\/revisions\/4356"}],"wp:featuredmedia":[{"embeddable":true,"href":"https:\/\/edituracrimca.ro\/en\/wp-json\/wp\/v2\/media\/4355"}],"wp:attachment":[{"href":"https:\/\/edituracrimca.ro\/en\/wp-json\/wp\/v2\/media?parent=4354"}],"wp:term":[{"taxonomy":"product_brand","embeddable":true,"href":"https:\/\/edituracrimca.ro\/en\/wp-json\/wp\/v2\/product_brand?post=4354"},{"taxonomy":"product_cat","embeddable":true,"href":"https:\/\/edituracrimca.ro\/en\/wp-json\/wp\/v2\/product_cat?post=4354"},{"taxonomy":"product_tag","embeddable":true,"href":"https:\/\/edituracrimca.ro\/en\/wp-json\/wp\/v2\/product_tag?post=4354"}],"curies":[{"name":"wp","href":"https:\/\/api.w.org\/{rel}","templated":true}]}}