{"id":4323,"date":"2026-05-09T17:56:13","date_gmt":"2026-05-09T14:56:13","guid":{"rendered":"https:\/\/edituracrimca.ro\/?post_type=product&#038;p=4323"},"modified":"2026-05-09T17:56:45","modified_gmt":"2026-05-09T14:56:45","slug":"iata-v-am-spus-voua-matei-28-7-preocupari-de-pedagogie-pastorala-comparata","status":"publish","type":"product","link":"https:\/\/edituracrimca.ro\/en\/shop\/iata-v-am-spus-voua-matei-28-7-preocupari-de-pedagogie-pastorala-comparata\/","title":{"rendered":"Iat\u0103, V-am spus vou\u0103 (Matei 28, 7) Preocup\u0103ri de pedagogie pastoral\u0103 comparat\u0103"},"content":{"rendered":"<p><strong>Author:<\/strong> <i>Pr. prof. univ. dr. Constantin Valer Necula<\/i><\/p>\n<p><strong>Format:<\/strong> 135&#215;210<\/p>\n<p><strong>Number of pages:<\/strong> 252<\/p>\n<p><strong>Year of publication:<\/strong> 2026<\/p>\n<p><strong>Cover type:<\/strong> bro\u0219at\u0103<\/p>","protected":false},"excerpt":{"rendered":"<p><strong>Author:<\/strong> <i>Pr. prof. univ. dr. Constantin Valer Necula<\/i><\/p>\n<p><strong>Format:<\/strong> 135&#215;210<\/p>\n<p><strong>Number of pages:<\/strong> 252<\/p>\n<p><strong>Year of publication:<\/strong> 2026<\/p>\n<p><strong>Cover type:<\/strong> bro\u0219at\u0103<\/p>","protected":false},"featured_media":4324,"comment_status":"open","ping_status":"closed","template":"","meta":{"_acf_changed":false},"product_brand":[],"product_cat":[31],"product_tag":[],"class_list":{"0":"post-4323","1":"product","2":"type-product","3":"status-publish","4":"has-post-thumbnail","6":"product_cat-omiletica-si-pastorala","8":"first","9":"instock","10":"shipping-taxable","11":"purchasable","12":"product-type-simple"},"acf":[],"yoast_head":"<!-- This site is optimized with the Yoast SEO Premium plugin v27.4 (Yoast SEO v27.4) - https:\/\/yoast.com\/product\/yoast-seo-premium-wordpress\/ -->\n<title>Iat\u0103, V-am spus vou\u0103 (Matei 28, 7) Preocup\u0103ri de pedagogie pastoral\u0103 comparat\u0103 - Editura CRIMCA<\/title>\n<meta name=\"robots\" content=\"index, follow, max-snippet:-1, max-image-preview:large, max-video-preview:-1\" \/>\n<link rel=\"canonical\" href=\"https:\/\/edituracrimca.ro\/en\/shop\/iata-v-am-spus-voua-matei-28-7-preocupari-de-pedagogie-pastorala-comparata\/\" \/>\n<meta property=\"og:locale\" content=\"en_US\" \/>\n<meta property=\"og:type\" content=\"article\" \/>\n<meta property=\"og:title\" content=\"Iat\u0103, V-am spus vou\u0103 (Matei 28, 7) Preocup\u0103ri de pedagogie pastoral\u0103 comparat\u0103\" \/>\n<meta property=\"og:description\" content=\"Autor: Pr. prof. univ. dr. Constantin Valer Necula  Format: 135x210  Num\u0103r pagini: 252  Anul public\u0103rii: 2026  Tip copert\u0103: bro\u0219at\u0103\" \/>\n<meta property=\"og:url\" content=\"https:\/\/edituracrimca.ro\/en\/shop\/iata-v-am-spus-voua-matei-28-7-preocupari-de-pedagogie-pastorala-comparata\/\" \/>\n<meta property=\"og:site_name\" content=\"Editura CRIMCA\" \/>\n<meta property=\"article:publisher\" content=\"https:\/\/web.facebook.com\/EdCrimca\" \/>\n<meta property=\"article:modified_time\" content=\"2026-05-09T14:56:45+00:00\" \/>\n<meta property=\"og:image\" content=\"https:\/\/edituracrimca.ro\/wp-content\/uploads\/2026\/05\/Iata-V-am-spus-voua.avif\" \/>\n\t<meta property=\"og:image:width\" content=\"1609\" \/>\n\t<meta property=\"og:image:height\" content=\"2441\" \/>\n\t<meta property=\"og:image:type\" content=\"image\/png\" \/>\n<meta name=\"twitter:card\" content=\"summary_large_image\" \/>\n<meta name=\"twitter:label1\" content=\"Est. reading time\" \/>\n\t<meta name=\"twitter:data1\" content=\"1 minute\" \/>\n<script type=\"application\/ld+json\" class=\"yoast-schema-graph\">{\"@context\":\"https:\\\/\\\/schema.org\",\"@graph\":[{\"@type\":\"WebPage\",\"@id\":\"https:\\\/\\\/edituracrimca.ro\\\/magazin\\\/iata-v-am-spus-voua-matei-28-7-preocupari-de-pedagogie-pastorala-comparata\\\/\",\"url\":\"https:\\\/\\\/edituracrimca.ro\\\/magazin\\\/iata-v-am-spus-voua-matei-28-7-preocupari-de-pedagogie-pastorala-comparata\\\/\",\"name\":\"Iat\u0103, V-am spus vou\u0103 (Matei 28, 7) Preocup\u0103ri de pedagogie pastoral\u0103 comparat\u0103 - Editura CRIMCA\",\"isPartOf\":{\"@id\":\"https:\\\/\\\/edituracrimca.ro\\\/#website\"},\"primaryImageOfPage\":{\"@id\":\"https:\\\/\\\/edituracrimca.ro\\\/magazin\\\/iata-v-am-spus-voua-matei-28-7-preocupari-de-pedagogie-pastorala-comparata\\\/#primaryimage\"},\"image\":{\"@id\":\"https:\\\/\\\/edituracrimca.ro\\\/magazin\\\/iata-v-am-spus-voua-matei-28-7-preocupari-de-pedagogie-pastorala-comparata\\\/#primaryimage\"},\"thumbnailUrl\":\"https:\\\/\\\/edituracrimca.ro\\\/wp-content\\\/uploads\\\/2026\\\/05\\\/Iata-V-am-spus-voua.avif\",\"datePublished\":\"2026-05-09T14:56:13+00:00\",\"dateModified\":\"2026-05-09T14:56:45+00:00\",\"breadcrumb\":{\"@id\":\"https:\\\/\\\/edituracrimca.ro\\\/magazin\\\/iata-v-am-spus-voua-matei-28-7-preocupari-de-pedagogie-pastorala-comparata\\\/#breadcrumb\"},\"inLanguage\":\"en-US\",\"potentialAction\":[{\"@type\":\"ReadAction\",\"target\":[\"https:\\\/\\\/edituracrimca.ro\\\/magazin\\\/iata-v-am-spus-voua-matei-28-7-preocupari-de-pedagogie-pastorala-comparata\\\/\"]}]},{\"@type\":\"ImageObject\",\"inLanguage\":\"en-US\",\"@id\":\"https:\\\/\\\/edituracrimca.ro\\\/magazin\\\/iata-v-am-spus-voua-matei-28-7-preocupari-de-pedagogie-pastorala-comparata\\\/#primaryimage\",\"url\":\"https:\\\/\\\/edituracrimca.ro\\\/wp-content\\\/uploads\\\/2026\\\/05\\\/Iata-V-am-spus-voua.avif\",\"contentUrl\":\"https:\\\/\\\/edituracrimca.ro\\\/wp-content\\\/uploads\\\/2026\\\/05\\\/Iata-V-am-spus-voua.avif\",\"width\":1609,\"height\":2441},{\"@type\":\"BreadcrumbList\",\"@id\":\"https:\\\/\\\/edituracrimca.ro\\\/magazin\\\/iata-v-am-spus-voua-matei-28-7-preocupari-de-pedagogie-pastorala-comparata\\\/#breadcrumb\",\"itemListElement\":[{\"@type\":\"ListItem\",\"position\":1,\"name\":\"Prima pagin\u0103\",\"item\":\"https:\\\/\\\/edituracrimca.ro\\\/\"},{\"@type\":\"ListItem\",\"position\":2,\"name\":\"Magazin\",\"item\":\"https:\\\/\\\/edituracrimca.ro\\\/magazin\\\/\"},{\"@type\":\"ListItem\",\"position\":3,\"name\":\"Iat\u0103, V-am spus vou\u0103 (Matei 28, 7) Preocup\u0103ri de pedagogie pastoral\u0103 comparat\u0103\"}]},{\"@type\":\"WebSite\",\"@id\":\"https:\\\/\\\/edituracrimca.ro\\\/#website\",\"url\":\"https:\\\/\\\/edituracrimca.ro\\\/\",\"name\":\"Editura CRIMCA\",\"description\":\"Cuv\u00e2ntul care Zide\u0219te\",\"publisher\":{\"@id\":\"https:\\\/\\\/edituracrimca.ro\\\/#organization\"},\"potentialAction\":[{\"@type\":\"SearchAction\",\"target\":{\"@type\":\"EntryPoint\",\"urlTemplate\":\"https:\\\/\\\/edituracrimca.ro\\\/?s={search_term_string}\"},\"query-input\":{\"@type\":\"PropertyValueSpecification\",\"valueRequired\":true,\"valueName\":\"search_term_string\"}}],\"inLanguage\":\"en-US\"},{\"@type\":\"Organization\",\"@id\":\"https:\\\/\\\/edituracrimca.ro\\\/#organization\",\"name\":\"Editura CRIMCA\",\"url\":\"https:\\\/\\\/edituracrimca.ro\\\/\",\"logo\":{\"@type\":\"ImageObject\",\"inLanguage\":\"en-US\",\"@id\":\"https:\\\/\\\/edituracrimca.ro\\\/#\\\/schema\\\/logo\\\/image\\\/\",\"url\":\"https:\\\/\\\/edituracrimca.ro\\\/wp-content\\\/uploads\\\/2026\\\/04\\\/editura-crimca.svg\",\"contentUrl\":\"https:\\\/\\\/edituracrimca.ro\\\/wp-content\\\/uploads\\\/2026\\\/04\\\/editura-crimca.svg\",\"width\":601,\"height\":206,\"caption\":\"Editura CRIMCA\"},\"image\":{\"@id\":\"https:\\\/\\\/edituracrimca.ro\\\/#\\\/schema\\\/logo\\\/image\\\/\"},\"sameAs\":[\"https:\\\/\\\/web.facebook.com\\\/EdCrimca\",\"https:\\\/\\\/www.instagram.com\\\/jurnalculturalcrimca\\\/\"]}]}<\/script>\n<!-- \/ Yoast SEO Premium plugin. -->","yoast_head_json":{"title":"Iat\u0103, V-am spus vou\u0103 (Matei 28, 7) Preocup\u0103ri de pedagogie pastoral\u0103 comparat\u0103 - Editura CRIMCA","robots":{"index":"index","follow":"follow","max-snippet":"max-snippet:-1","max-image-preview":"max-image-preview:large","max-video-preview":"max-video-preview:-1"},"canonical":"https:\/\/edituracrimca.ro\/en\/shop\/iata-v-am-spus-voua-matei-28-7-preocupari-de-pedagogie-pastorala-comparata\/","og_locale":"en_US","og_type":"article","og_title":"Iat\u0103, V-am spus vou\u0103 (Matei 28, 7) Preocup\u0103ri de pedagogie pastoral\u0103 comparat\u0103","og_description":"Autor: Pr. prof. univ. dr. Constantin Valer Necula  Format: 135x210  Num\u0103r pagini: 252  Anul public\u0103rii: 2026  Tip copert\u0103: bro\u0219at\u0103","og_url":"https:\/\/edituracrimca.ro\/en\/shop\/iata-v-am-spus-voua-matei-28-7-preocupari-de-pedagogie-pastorala-comparata\/","og_site_name":"Editura CRIMCA","article_publisher":"https:\/\/web.facebook.com\/EdCrimca","article_modified_time":"2026-05-09T14:56:45+00:00","og_image":[{"width":1609,"height":2441,"url":"https:\/\/edituracrimca.ro\/wp-content\/uploads\/2026\/05\/Iata-V-am-spus-voua.avif","type":"image\/png"}],"twitter_card":"summary_large_image","twitter_misc":{"Est. reading time":"1 minute"},"schema":{"@context":"https:\/\/schema.org","@graph":[{"@type":"WebPage","@id":"https:\/\/edituracrimca.ro\/magazin\/iata-v-am-spus-voua-matei-28-7-preocupari-de-pedagogie-pastorala-comparata\/","url":"https:\/\/edituracrimca.ro\/magazin\/iata-v-am-spus-voua-matei-28-7-preocupari-de-pedagogie-pastorala-comparata\/","name":"Iat\u0103, V-am spus vou\u0103 (Matei 28, 7) Preocup\u0103ri de pedagogie pastoral\u0103 comparat\u0103 - Editura CRIMCA","isPartOf":{"@id":"https:\/\/edituracrimca.ro\/#website"},"primaryImageOfPage":{"@id":"https:\/\/edituracrimca.ro\/magazin\/iata-v-am-spus-voua-matei-28-7-preocupari-de-pedagogie-pastorala-comparata\/#primaryimage"},"image":{"@id":"https:\/\/edituracrimca.ro\/magazin\/iata-v-am-spus-voua-matei-28-7-preocupari-de-pedagogie-pastorala-comparata\/#primaryimage"},"thumbnailUrl":"https:\/\/edituracrimca.ro\/wp-content\/uploads\/2026\/05\/Iata-V-am-spus-voua.avif","datePublished":"2026-05-09T14:56:13+00:00","dateModified":"2026-05-09T14:56:45+00:00","breadcrumb":{"@id":"https:\/\/edituracrimca.ro\/magazin\/iata-v-am-spus-voua-matei-28-7-preocupari-de-pedagogie-pastorala-comparata\/#breadcrumb"},"inLanguage":"en-US","potentialAction":[{"@type":"ReadAction","target":["https:\/\/edituracrimca.ro\/magazin\/iata-v-am-spus-voua-matei-28-7-preocupari-de-pedagogie-pastorala-comparata\/"]}]},{"@type":"ImageObject","inLanguage":"en-US","@id":"https:\/\/edituracrimca.ro\/magazin\/iata-v-am-spus-voua-matei-28-7-preocupari-de-pedagogie-pastorala-comparata\/#primaryimage","url":"https:\/\/edituracrimca.ro\/wp-content\/uploads\/2026\/05\/Iata-V-am-spus-voua.avif","contentUrl":"https:\/\/edituracrimca.ro\/wp-content\/uploads\/2026\/05\/Iata-V-am-spus-voua.avif","width":1609,"height":2441},{"@type":"BreadcrumbList","@id":"https:\/\/edituracrimca.ro\/magazin\/iata-v-am-spus-voua-matei-28-7-preocupari-de-pedagogie-pastorala-comparata\/#breadcrumb","itemListElement":[{"@type":"ListItem","position":1,"name":"Prima pagin\u0103","item":"https:\/\/edituracrimca.ro\/"},{"@type":"ListItem","position":2,"name":"Magazin","item":"https:\/\/edituracrimca.ro\/magazin\/"},{"@type":"ListItem","position":3,"name":"Iat\u0103, V-am spus vou\u0103 (Matei 28, 7) Preocup\u0103ri de pedagogie pastoral\u0103 comparat\u0103"}]},{"@type":"WebSite","@id":"https:\/\/edituracrimca.ro\/#website","url":"https:\/\/edituracrimca.ro\/","name":"CRIMCA Publishing House","description":"The Word that Builds","publisher":{"@id":"https:\/\/edituracrimca.ro\/#organization"},"potentialAction":[{"@type":"SearchAction","target":{"@type":"EntryPoint","urlTemplate":"https:\/\/edituracrimca.ro\/?s={search_term_string}"},"query-input":{"@type":"PropertyValueSpecification","valueRequired":true,"valueName":"search_term_string"}}],"inLanguage":"en-US"},{"@type":"Organization","@id":"https:\/\/edituracrimca.ro\/#organization","name":"CRIMCA Publishing House","url":"https:\/\/edituracrimca.ro\/","logo":{"@type":"ImageObject","inLanguage":"en-US","@id":"https:\/\/edituracrimca.ro\/#\/schema\/logo\/image\/","url":"https:\/\/edituracrimca.ro\/wp-content\/uploads\/2026\/04\/editura-crimca.svg","contentUrl":"https:\/\/edituracrimca.ro\/wp-content\/uploads\/2026\/04\/editura-crimca.svg","width":601,"height":206,"caption":"Editura CRIMCA"},"image":{"@id":"https:\/\/edituracrimca.ro\/#\/schema\/logo\/image\/"},"sameAs":["https:\/\/web.facebook.com\/EdCrimca","https:\/\/www.instagram.com\/jurnalculturalcrimca\/"]}]}},"_links":{"self":[{"href":"https:\/\/edituracrimca.ro\/en\/wp-json\/wp\/v2\/product\/4323","targetHints":{"allow":["GET"]}}],"collection":[{"href":"https:\/\/edituracrimca.ro\/en\/wp-json\/wp\/v2\/product"}],"about":[{"href":"https:\/\/edituracrimca.ro\/en\/wp-json\/wp\/v2\/types\/product"}],"replies":[{"embeddable":true,"href":"https:\/\/edituracrimca.ro\/en\/wp-json\/wp\/v2\/comments?post=4323"}],"version-history":[{"count":2,"href":"https:\/\/edituracrimca.ro\/en\/wp-json\/wp\/v2\/product\/4323\/revisions"}],"predecessor-version":[{"id":4326,"href":"https:\/\/edituracrimca.ro\/en\/wp-json\/wp\/v2\/product\/4323\/revisions\/4326"}],"wp:featuredmedia":[{"embeddable":true,"href":"https:\/\/edituracrimca.ro\/en\/wp-json\/wp\/v2\/media\/4324"}],"wp:attachment":[{"href":"https:\/\/edituracrimca.ro\/en\/wp-json\/wp\/v2\/media?parent=4323"}],"wp:term":[{"taxonomy":"product_brand","embeddable":true,"href":"https:\/\/edituracrimca.ro\/en\/wp-json\/wp\/v2\/product_brand?post=4323"},{"taxonomy":"product_cat","embeddable":true,"href":"https:\/\/edituracrimca.ro\/en\/wp-json\/wp\/v2\/product_cat?post=4323"},{"taxonomy":"product_tag","embeddable":true,"href":"https:\/\/edituracrimca.ro\/en\/wp-json\/wp\/v2\/product_tag?post=4323"}],"curies":[{"name":"wp","href":"https:\/\/api.w.org\/{rel}","templated":true}]}}