{"id":4222,"date":"2026-04-29T13:37:31","date_gmt":"2026-04-29T10:37:31","guid":{"rendered":"https:\/\/edituracrimca.ro\/?post_type=product&#038;p=4222"},"modified":"2026-04-29T13:38:39","modified_gmt":"2026-04-29T10:38:39","slug":"fondul-bisericesc-din-bucovina-1783-1949","status":"publish","type":"product","link":"https:\/\/edituracrimca.ro\/en\/shop\/fondul-bisericesc-din-bucovina-1783-1949\/","title":{"rendered":"Fondul Bisericesc din Bucovina (1783-1949)"},"content":{"rendered":"<p><strong>Author:<\/strong> Pr. Sorin-Toader Clipa<\/p>\n<p><strong>Format:<\/strong> 160 x 240<\/p>\n<p><strong>Number of pages:<\/strong> 1010<\/p>\n<p><strong>Year of publication:<\/strong> 2026<\/p>\n<p><strong>Cover type:<\/strong> bro\u0219at\u0103<\/p>\n<p><strong>ISBN:<\/strong> 978-606-734-298-7<\/p>\n<p>&nbsp;<\/p>\n<p><i>P\u0103rintele doctor Sorin-Toader Clipa, \u00een lucrarea sa de doctorat<\/i><\/p>\n<p><i>intitulat\u0103 Fondul Bisericesc din Bucovina (1783-1949), ne<\/i><\/p>\n<p><i>ofer\u0103 multiple informa\u021bii istorice, confesionale, culturale \u0219i sociale,<\/i><\/p>\n<p><i>adunate din surse originale credibile, at\u00e2t din \u021bar\u0103, c\u00e2t \u0219i<\/i><\/p>\n<p><i>din arhivele interna\u021bionale, despre formarea Fondului Bisericesc,<\/i><\/p>\n<p><i>administrarea lui, perioadele sale de glorie \u0219i de c\u0103dere, precum<\/i><\/p>\n<p><i>\u0219i despre destinul lui tragic, p\u00e2n\u0103 \u00een actualitate.<\/i><\/p>\n<p>Pr. prof. dr. docent Mihai Valic\u0103<\/p>","protected":false},"excerpt":{"rendered":"<p><strong>Author:<\/strong> Pr. Sorin-Toader Clipa<\/p>\n<p><strong>Format:<\/strong> 160 x 240<\/p>\n<p><strong>Number of pages:<\/strong> 1010<\/p>\n<p><strong>Year of publication:<\/strong> 2026<\/p>\n<p><strong>Cover type:<\/strong> bro\u0219at\u0103<\/p>\n<p><strong>ISBN:<\/strong> 978-606-734-298-7<\/p>","protected":false},"featured_media":4223,"comment_status":"open","ping_status":"closed","template":"","meta":{"_acf_changed":false},"product_brand":[],"product_cat":[28],"product_tag":[],"class_list":{"0":"post-4222","1":"product","2":"type-product","3":"status-publish","4":"has-post-thumbnail","6":"product_cat-istorie-cultura","8":"first","9":"instock","10":"shipping-taxable","11":"purchasable","12":"product-type-simple"},"acf":[],"yoast_head":"<!-- This site is optimized with the Yoast SEO Premium plugin v27.4 (Yoast SEO v27.4) - https:\/\/yoast.com\/product\/yoast-seo-premium-wordpress\/ -->\n<title>Fondul Bisericesc din Bucovina (1783-1949) - Editura CRIMCA<\/title>\n<meta name=\"robots\" content=\"index, follow, max-snippet:-1, max-image-preview:large, max-video-preview:-1\" \/>\n<link rel=\"canonical\" href=\"https:\/\/edituracrimca.ro\/en\/shop\/fondul-bisericesc-din-bucovina-1783-1949\/\" \/>\n<meta property=\"og:locale\" content=\"en_US\" \/>\n<meta property=\"og:type\" content=\"article\" \/>\n<meta property=\"og:title\" content=\"Fondul Bisericesc din Bucovina (1783-1949)\" \/>\n<meta property=\"og:description\" content=\"Autor: Pr. Sorin-Toader Clipa  Format: 160 x 240  Num\u0103r pagini: 1010  Anul public\u0103rii: 2026  Tip copert\u0103: bro\u0219at\u0103  ISBN: 978-606-734-298-7\" \/>\n<meta property=\"og:url\" content=\"https:\/\/edituracrimca.ro\/en\/shop\/fondul-bisericesc-din-bucovina-1783-1949\/\" \/>\n<meta property=\"og:site_name\" content=\"Editura CRIMCA\" \/>\n<meta property=\"article:publisher\" content=\"https:\/\/web.facebook.com\/EdCrimca\" \/>\n<meta property=\"article:modified_time\" content=\"2026-04-29T10:38:39+00:00\" \/>\n<meta property=\"og:image\" content=\"https:\/\/edituracrimca.ro\/wp-content\/uploads\/2026\/04\/Cprt-Fondul-Bisericesc-din-Bucovina-scaled.avif\" \/>\n\t<meta property=\"og:image:width\" content=\"1765\" \/>\n\t<meta property=\"og:image:height\" content=\"2560\" \/>\n\t<meta property=\"og:image:type\" content=\"image\/png\" \/>\n<meta name=\"twitter:card\" content=\"summary_large_image\" \/>\n<meta name=\"twitter:label1\" content=\"Est. reading time\" \/>\n\t<meta name=\"twitter:data1\" content=\"1 minute\" \/>\n<script type=\"application\/ld+json\" class=\"yoast-schema-graph\">{\"@context\":\"https:\\\/\\\/schema.org\",\"@graph\":[{\"@type\":\"WebPage\",\"@id\":\"https:\\\/\\\/edituracrimca.ro\\\/magazin\\\/fondul-bisericesc-din-bucovina-1783-1949\\\/\",\"url\":\"https:\\\/\\\/edituracrimca.ro\\\/magazin\\\/fondul-bisericesc-din-bucovina-1783-1949\\\/\",\"name\":\"Fondul Bisericesc din Bucovina (1783-1949) - Editura CRIMCA\",\"isPartOf\":{\"@id\":\"https:\\\/\\\/edituracrimca.ro\\\/#website\"},\"primaryImageOfPage\":{\"@id\":\"https:\\\/\\\/edituracrimca.ro\\\/magazin\\\/fondul-bisericesc-din-bucovina-1783-1949\\\/#primaryimage\"},\"image\":{\"@id\":\"https:\\\/\\\/edituracrimca.ro\\\/magazin\\\/fondul-bisericesc-din-bucovina-1783-1949\\\/#primaryimage\"},\"thumbnailUrl\":\"https:\\\/\\\/edituracrimca.ro\\\/wp-content\\\/uploads\\\/2026\\\/04\\\/Cprt-Fondul-Bisericesc-din-Bucovina-scaled.avif\",\"datePublished\":\"2026-04-29T10:37:31+00:00\",\"dateModified\":\"2026-04-29T10:38:39+00:00\",\"breadcrumb\":{\"@id\":\"https:\\\/\\\/edituracrimca.ro\\\/magazin\\\/fondul-bisericesc-din-bucovina-1783-1949\\\/#breadcrumb\"},\"inLanguage\":\"en-US\",\"potentialAction\":[{\"@type\":\"ReadAction\",\"target\":[\"https:\\\/\\\/edituracrimca.ro\\\/magazin\\\/fondul-bisericesc-din-bucovina-1783-1949\\\/\"]}]},{\"@type\":\"ImageObject\",\"inLanguage\":\"en-US\",\"@id\":\"https:\\\/\\\/edituracrimca.ro\\\/magazin\\\/fondul-bisericesc-din-bucovina-1783-1949\\\/#primaryimage\",\"url\":\"https:\\\/\\\/edituracrimca.ro\\\/wp-content\\\/uploads\\\/2026\\\/04\\\/Cprt-Fondul-Bisericesc-din-Bucovina-scaled.avif\",\"contentUrl\":\"https:\\\/\\\/edituracrimca.ro\\\/wp-content\\\/uploads\\\/2026\\\/04\\\/Cprt-Fondul-Bisericesc-din-Bucovina-scaled.avif\",\"width\":1765,\"height\":2560},{\"@type\":\"BreadcrumbList\",\"@id\":\"https:\\\/\\\/edituracrimca.ro\\\/magazin\\\/fondul-bisericesc-din-bucovina-1783-1949\\\/#breadcrumb\",\"itemListElement\":[{\"@type\":\"ListItem\",\"position\":1,\"name\":\"Prima pagin\u0103\",\"item\":\"https:\\\/\\\/edituracrimca.ro\\\/\"},{\"@type\":\"ListItem\",\"position\":2,\"name\":\"Magazin\",\"item\":\"https:\\\/\\\/edituracrimca.ro\\\/magazin\\\/\"},{\"@type\":\"ListItem\",\"position\":3,\"name\":\"Fondul Bisericesc din Bucovina (1783-1949)\"}]},{\"@type\":\"WebSite\",\"@id\":\"https:\\\/\\\/edituracrimca.ro\\\/#website\",\"url\":\"https:\\\/\\\/edituracrimca.ro\\\/\",\"name\":\"Editura CRIMCA\",\"description\":\"Cuv\u00e2ntul care Zide\u0219te\",\"publisher\":{\"@id\":\"https:\\\/\\\/edituracrimca.ro\\\/#organization\"},\"potentialAction\":[{\"@type\":\"SearchAction\",\"target\":{\"@type\":\"EntryPoint\",\"urlTemplate\":\"https:\\\/\\\/edituracrimca.ro\\\/?s={search_term_string}\"},\"query-input\":{\"@type\":\"PropertyValueSpecification\",\"valueRequired\":true,\"valueName\":\"search_term_string\"}}],\"inLanguage\":\"en-US\"},{\"@type\":\"Organization\",\"@id\":\"https:\\\/\\\/edituracrimca.ro\\\/#organization\",\"name\":\"Editura CRIMCA\",\"url\":\"https:\\\/\\\/edituracrimca.ro\\\/\",\"logo\":{\"@type\":\"ImageObject\",\"inLanguage\":\"en-US\",\"@id\":\"https:\\\/\\\/edituracrimca.ro\\\/#\\\/schema\\\/logo\\\/image\\\/\",\"url\":\"https:\\\/\\\/edituracrimca.ro\\\/wp-content\\\/uploads\\\/2026\\\/04\\\/editura-crimca.svg\",\"contentUrl\":\"https:\\\/\\\/edituracrimca.ro\\\/wp-content\\\/uploads\\\/2026\\\/04\\\/editura-crimca.svg\",\"width\":601,\"height\":206,\"caption\":\"Editura CRIMCA\"},\"image\":{\"@id\":\"https:\\\/\\\/edituracrimca.ro\\\/#\\\/schema\\\/logo\\\/image\\\/\"},\"sameAs\":[\"https:\\\/\\\/web.facebook.com\\\/EdCrimca\",\"https:\\\/\\\/www.instagram.com\\\/jurnalculturalcrimca\\\/\"]}]}<\/script>\n<!-- \/ Yoast SEO Premium plugin. -->","yoast_head_json":{"title":"Fondul Bisericesc din Bucovina (1783-1949) - Editura CRIMCA","robots":{"index":"index","follow":"follow","max-snippet":"max-snippet:-1","max-image-preview":"max-image-preview:large","max-video-preview":"max-video-preview:-1"},"canonical":"https:\/\/edituracrimca.ro\/en\/shop\/fondul-bisericesc-din-bucovina-1783-1949\/","og_locale":"en_US","og_type":"article","og_title":"Fondul Bisericesc din Bucovina (1783-1949)","og_description":"Autor: Pr. Sorin-Toader Clipa  Format: 160 x 240  Num\u0103r pagini: 1010  Anul public\u0103rii: 2026  Tip copert\u0103: bro\u0219at\u0103  ISBN: 978-606-734-298-7","og_url":"https:\/\/edituracrimca.ro\/en\/shop\/fondul-bisericesc-din-bucovina-1783-1949\/","og_site_name":"Editura CRIMCA","article_publisher":"https:\/\/web.facebook.com\/EdCrimca","article_modified_time":"2026-04-29T10:38:39+00:00","og_image":[{"width":1765,"height":2560,"url":"https:\/\/edituracrimca.ro\/wp-content\/uploads\/2026\/04\/Cprt-Fondul-Bisericesc-din-Bucovina-scaled.avif","type":"image\/png"}],"twitter_card":"summary_large_image","twitter_misc":{"Est. reading time":"1 minute"},"schema":{"@context":"https:\/\/schema.org","@graph":[{"@type":"WebPage","@id":"https:\/\/edituracrimca.ro\/magazin\/fondul-bisericesc-din-bucovina-1783-1949\/","url":"https:\/\/edituracrimca.ro\/magazin\/fondul-bisericesc-din-bucovina-1783-1949\/","name":"Fondul Bisericesc din Bucovina (1783-1949) - Editura CRIMCA","isPartOf":{"@id":"https:\/\/edituracrimca.ro\/#website"},"primaryImageOfPage":{"@id":"https:\/\/edituracrimca.ro\/magazin\/fondul-bisericesc-din-bucovina-1783-1949\/#primaryimage"},"image":{"@id":"https:\/\/edituracrimca.ro\/magazin\/fondul-bisericesc-din-bucovina-1783-1949\/#primaryimage"},"thumbnailUrl":"https:\/\/edituracrimca.ro\/wp-content\/uploads\/2026\/04\/Cprt-Fondul-Bisericesc-din-Bucovina-scaled.avif","datePublished":"2026-04-29T10:37:31+00:00","dateModified":"2026-04-29T10:38:39+00:00","breadcrumb":{"@id":"https:\/\/edituracrimca.ro\/magazin\/fondul-bisericesc-din-bucovina-1783-1949\/#breadcrumb"},"inLanguage":"en-US","potentialAction":[{"@type":"ReadAction","target":["https:\/\/edituracrimca.ro\/magazin\/fondul-bisericesc-din-bucovina-1783-1949\/"]}]},{"@type":"ImageObject","inLanguage":"en-US","@id":"https:\/\/edituracrimca.ro\/magazin\/fondul-bisericesc-din-bucovina-1783-1949\/#primaryimage","url":"https:\/\/edituracrimca.ro\/wp-content\/uploads\/2026\/04\/Cprt-Fondul-Bisericesc-din-Bucovina-scaled.avif","contentUrl":"https:\/\/edituracrimca.ro\/wp-content\/uploads\/2026\/04\/Cprt-Fondul-Bisericesc-din-Bucovina-scaled.avif","width":1765,"height":2560},{"@type":"BreadcrumbList","@id":"https:\/\/edituracrimca.ro\/magazin\/fondul-bisericesc-din-bucovina-1783-1949\/#breadcrumb","itemListElement":[{"@type":"ListItem","position":1,"name":"Prima pagin\u0103","item":"https:\/\/edituracrimca.ro\/"},{"@type":"ListItem","position":2,"name":"Magazin","item":"https:\/\/edituracrimca.ro\/magazin\/"},{"@type":"ListItem","position":3,"name":"Fondul Bisericesc din Bucovina (1783-1949)"}]},{"@type":"WebSite","@id":"https:\/\/edituracrimca.ro\/#website","url":"https:\/\/edituracrimca.ro\/","name":"CRIMCA Publishing House","description":"The Word that Builds","publisher":{"@id":"https:\/\/edituracrimca.ro\/#organization"},"potentialAction":[{"@type":"SearchAction","target":{"@type":"EntryPoint","urlTemplate":"https:\/\/edituracrimca.ro\/?s={search_term_string}"},"query-input":{"@type":"PropertyValueSpecification","valueRequired":true,"valueName":"search_term_string"}}],"inLanguage":"en-US"},{"@type":"Organization","@id":"https:\/\/edituracrimca.ro\/#organization","name":"CRIMCA Publishing House","url":"https:\/\/edituracrimca.ro\/","logo":{"@type":"ImageObject","inLanguage":"en-US","@id":"https:\/\/edituracrimca.ro\/#\/schema\/logo\/image\/","url":"https:\/\/edituracrimca.ro\/wp-content\/uploads\/2026\/04\/editura-crimca.svg","contentUrl":"https:\/\/edituracrimca.ro\/wp-content\/uploads\/2026\/04\/editura-crimca.svg","width":601,"height":206,"caption":"Editura CRIMCA"},"image":{"@id":"https:\/\/edituracrimca.ro\/#\/schema\/logo\/image\/"},"sameAs":["https:\/\/web.facebook.com\/EdCrimca","https:\/\/www.instagram.com\/jurnalculturalcrimca\/"]}]}},"_links":{"self":[{"href":"https:\/\/edituracrimca.ro\/en\/wp-json\/wp\/v2\/product\/4222","targetHints":{"allow":["GET"]}}],"collection":[{"href":"https:\/\/edituracrimca.ro\/en\/wp-json\/wp\/v2\/product"}],"about":[{"href":"https:\/\/edituracrimca.ro\/en\/wp-json\/wp\/v2\/types\/product"}],"replies":[{"embeddable":true,"href":"https:\/\/edituracrimca.ro\/en\/wp-json\/wp\/v2\/comments?post=4222"}],"version-history":[{"count":2,"href":"https:\/\/edituracrimca.ro\/en\/wp-json\/wp\/v2\/product\/4222\/revisions"}],"predecessor-version":[{"id":4225,"href":"https:\/\/edituracrimca.ro\/en\/wp-json\/wp\/v2\/product\/4222\/revisions\/4225"}],"wp:featuredmedia":[{"embeddable":true,"href":"https:\/\/edituracrimca.ro\/en\/wp-json\/wp\/v2\/media\/4223"}],"wp:attachment":[{"href":"https:\/\/edituracrimca.ro\/en\/wp-json\/wp\/v2\/media?parent=4222"}],"wp:term":[{"taxonomy":"product_brand","embeddable":true,"href":"https:\/\/edituracrimca.ro\/en\/wp-json\/wp\/v2\/product_brand?post=4222"},{"taxonomy":"product_cat","embeddable":true,"href":"https:\/\/edituracrimca.ro\/en\/wp-json\/wp\/v2\/product_cat?post=4222"},{"taxonomy":"product_tag","embeddable":true,"href":"https:\/\/edituracrimca.ro\/en\/wp-json\/wp\/v2\/product_tag?post=4222"}],"curies":[{"name":"wp","href":"https:\/\/api.w.org\/{rel}","templated":true}]}}