{"id":3130,"date":"2026-04-02T20:44:27","date_gmt":"2026-04-02T18:44:27","guid":{"rendered":"https:\/\/edituracrimca.ro\/magazin\/adam-la-rascruce\/"},"modified":"2026-04-18T12:54:10","modified_gmt":"2026-04-18T10:54:10","slug":"adam-at-the-crossroads","status":"publish","type":"product","link":"https:\/\/edituracrimca.ro\/en\/shop\/adam-at-the-crossroads\/","title":{"rendered":"Adam at the Cross"},"content":{"rendered":"<p>Adam la R\u0103sCruce<br \/>\nHis Beatitude Damaschin Dorneanul, Bishop-vicar of the Archdiocese of Suceava and R\u0103d\u0103u\u021bilor<br \/>\n,,Acest interval dintre cele dou\u0103 S\u00e2mbete, care ne preg\u0103te\u0219te pentru \u00eent\u00e2lnirea cu Hristos \u00een lumina \u00eenvierii Sale, e mai mult dec\u00e2t o m\u00e2ng\u00e2iere sau o t\u0103m\u0103duire a r\u0103nilor noastre de suprafa\u021b\u0103. E o intrare \u00een taina r\u0103scump\u0103r\u0103rii omului, care se poate actualiza \u00een fiecare inim\u0103 receptiv\u0103 \u0219i \u00een carnea fiec\u0103rei vie\u021bi \u00eensetate de Dumnezeu. Este vorba despre fiecare dintre noi \u00eentr-un fel care s-ar putea dovedi eliberator, dar nu r\u0103m\u00e2n\u00e2nd la noi \u00een\u0219ine, ci ie\u0219ind ca Laz\u0103r din \u201emorm\u00e2ntul lenevirii\u201d \u0219i din iner\u021bia min\u021bii, \u00een\u021beleg\u00e2nd sensul \u201ebiruin\u021bei prin smerenie\u201d, al a\u0219tept\u0103rii pe care Dumnezeu o are \u00een rela\u021bie cu noi, d\u00e2ndu-ne seama de riscul infidelit\u0103\u021bii \u0219i cutremur\u00e2ndu-ne \u00een fa\u021ba Celui Care pe Cruce a \u00eenso\u021bit cele \u0219apte rostiri cu \u0219i mai ad\u00e2nci t\u0103ceri\u201d.<br \/>\nBogdan T\u0103taru-Cazaban<\/p>","protected":false},"excerpt":{"rendered":"<p><strong>Author:<\/strong> His Beatitude Damaschin Dorneanul, Bishop-vicar of the Archdiocese of Suceava and R\u0103d\u0103u\u021bilor<\/p>\n<p><strong>Format:<\/strong> 175 X 150<\/p>\n<p><strong>Number of pages:<\/strong> 160<\/p>\n<p><strong>Year of publication:<\/strong> 2023<\/p>\n<p><strong>Cover type:<\/strong> Paperback<\/p>\n<p><strong>ISBN:<\/strong> 978-606-734-186-7<\/p>","protected":false},"featured_media":3795,"comment_status":"closed","ping_status":"open","template":"","meta":{"_acf_changed":false},"product_brand":[],"product_cat":[40],"product_tag":[],"class_list":{"0":"post-3130","1":"product","2":"type-product","3":"status-publish","4":"has-post-thumbnail","6":"product_cat-carti","8":"first","9":"instock","10":"purchasable","11":"product-type-simple"},"acf":[],"yoast_head":"<!-- This site is optimized with the Yoast SEO Premium plugin v27.4 (Yoast SEO v27.4) - https:\/\/yoast.com\/product\/yoast-seo-premium-wordpress\/ -->\n<title>Adam la r\u0103sCruce - Editura CRIMCA<\/title>\n<meta name=\"robots\" content=\"index, follow, max-snippet:-1, max-image-preview:large, max-video-preview:-1\" \/>\n<link rel=\"canonical\" href=\"https:\/\/edituracrimca.ro\/en\/shop\/adam-at-the-crossroads\/\" \/>\n<meta property=\"og:locale\" content=\"en_US\" \/>\n<meta property=\"og:type\" content=\"article\" \/>\n<meta property=\"og:title\" content=\"Adam la r\u0103sCruce\" \/>\n<meta property=\"og:description\" content=\"Autor: Preasfin\u021bitul Damaschin Dorneanul, Episcop-vicar al Arhiepiscopiei Sucevei \u0219i R\u0103d\u0103u\u021bilorFormat: 175 X 150Num\u0103r pagini: 160Anul public\u0103rii: 2023Tip copert\u0103: Cartonat\u0103ISBN: 978-606-734-186-7\" \/>\n<meta property=\"og:url\" content=\"https:\/\/edituracrimca.ro\/en\/shop\/adam-at-the-crossroads\/\" \/>\n<meta property=\"og:site_name\" content=\"Editura CRIMCA\" \/>\n<meta property=\"article:publisher\" content=\"https:\/\/web.facebook.com\/EdCrimca\" \/>\n<meta property=\"article:modified_time\" content=\"2026-04-18T10:54:10+00:00\" \/>\n<meta property=\"og:image\" content=\"https:\/\/edituracrimca.ro\/wp-content\/uploads\/2026\/04\/adam-la-rascruce_front-v2.png\" \/>\n\t<meta property=\"og:image:width\" content=\"1832\" \/>\n\t<meta property=\"og:image:height\" content=\"2127\" \/>\n\t<meta property=\"og:image:type\" content=\"image\/png\" \/>\n<meta name=\"twitter:card\" content=\"summary_large_image\" \/>\n<meta name=\"twitter:label1\" content=\"Est. reading time\" \/>\n\t<meta name=\"twitter:data1\" content=\"1 minute\" \/>\n<script type=\"application\/ld+json\" class=\"yoast-schema-graph\">{\"@context\":\"https:\\\/\\\/schema.org\",\"@graph\":[{\"@type\":\"WebPage\",\"@id\":\"https:\\\/\\\/edituracrimca.ro\\\/magazin\\\/adam-la-rascruce\\\/\",\"url\":\"https:\\\/\\\/edituracrimca.ro\\\/magazin\\\/adam-la-rascruce\\\/\",\"name\":\"Adam la r\u0103sCruce - Editura CRIMCA\",\"isPartOf\":{\"@id\":\"https:\\\/\\\/edituracrimca.ro\\\/#website\"},\"primaryImageOfPage\":{\"@id\":\"https:\\\/\\\/edituracrimca.ro\\\/magazin\\\/adam-la-rascruce\\\/#primaryimage\"},\"image\":{\"@id\":\"https:\\\/\\\/edituracrimca.ro\\\/magazin\\\/adam-la-rascruce\\\/#primaryimage\"},\"thumbnailUrl\":\"https:\\\/\\\/edituracrimca.ro\\\/wp-content\\\/uploads\\\/2026\\\/04\\\/adam-la-rascruce_front-v2.png\",\"datePublished\":\"2026-04-02T18:44:27+00:00\",\"dateModified\":\"2026-04-18T10:54:10+00:00\",\"breadcrumb\":{\"@id\":\"https:\\\/\\\/edituracrimca.ro\\\/magazin\\\/adam-la-rascruce\\\/#breadcrumb\"},\"inLanguage\":\"en-US\",\"potentialAction\":[{\"@type\":\"ReadAction\",\"target\":[\"https:\\\/\\\/edituracrimca.ro\\\/magazin\\\/adam-la-rascruce\\\/\"]}]},{\"@type\":\"ImageObject\",\"inLanguage\":\"en-US\",\"@id\":\"https:\\\/\\\/edituracrimca.ro\\\/magazin\\\/adam-la-rascruce\\\/#primaryimage\",\"url\":\"https:\\\/\\\/edituracrimca.ro\\\/wp-content\\\/uploads\\\/2026\\\/04\\\/adam-la-rascruce_front-v2.png\",\"contentUrl\":\"https:\\\/\\\/edituracrimca.ro\\\/wp-content\\\/uploads\\\/2026\\\/04\\\/adam-la-rascruce_front-v2.png\",\"width\":1832,\"height\":2127},{\"@type\":\"BreadcrumbList\",\"@id\":\"https:\\\/\\\/edituracrimca.ro\\\/magazin\\\/adam-la-rascruce\\\/#breadcrumb\",\"itemListElement\":[{\"@type\":\"ListItem\",\"position\":1,\"name\":\"Prima pagin\u0103\",\"item\":\"https:\\\/\\\/edituracrimca.ro\\\/\"},{\"@type\":\"ListItem\",\"position\":2,\"name\":\"Magazin\",\"item\":\"https:\\\/\\\/edituracrimca.ro\\\/magazin\\\/\"},{\"@type\":\"ListItem\",\"position\":3,\"name\":\"Adam la r\u0103sCruce\"}]},{\"@type\":\"WebSite\",\"@id\":\"https:\\\/\\\/edituracrimca.ro\\\/#website\",\"url\":\"https:\\\/\\\/edituracrimca.ro\\\/\",\"name\":\"Editura CRIMCA\",\"description\":\"Cuv\u00e2ntul care Zide\u0219te\",\"publisher\":{\"@id\":\"https:\\\/\\\/edituracrimca.ro\\\/#organization\"},\"potentialAction\":[{\"@type\":\"SearchAction\",\"target\":{\"@type\":\"EntryPoint\",\"urlTemplate\":\"https:\\\/\\\/edituracrimca.ro\\\/?s={search_term_string}\"},\"query-input\":{\"@type\":\"PropertyValueSpecification\",\"valueRequired\":true,\"valueName\":\"search_term_string\"}}],\"inLanguage\":\"en-US\"},{\"@type\":\"Organization\",\"@id\":\"https:\\\/\\\/edituracrimca.ro\\\/#organization\",\"name\":\"Editura CRIMCA\",\"url\":\"https:\\\/\\\/edituracrimca.ro\\\/\",\"logo\":{\"@type\":\"ImageObject\",\"inLanguage\":\"en-US\",\"@id\":\"https:\\\/\\\/edituracrimca.ro\\\/#\\\/schema\\\/logo\\\/image\\\/\",\"url\":\"https:\\\/\\\/edituracrimca.ro\\\/wp-content\\\/uploads\\\/2026\\\/04\\\/editura-crimca.svg\",\"contentUrl\":\"https:\\\/\\\/edituracrimca.ro\\\/wp-content\\\/uploads\\\/2026\\\/04\\\/editura-crimca.svg\",\"width\":601,\"height\":206,\"caption\":\"Editura CRIMCA\"},\"image\":{\"@id\":\"https:\\\/\\\/edituracrimca.ro\\\/#\\\/schema\\\/logo\\\/image\\\/\"},\"sameAs\":[\"https:\\\/\\\/web.facebook.com\\\/EdCrimca\",\"https:\\\/\\\/www.instagram.com\\\/jurnalculturalcrimca\\\/\"]}]}<\/script>\n<!-- \/ Yoast SEO Premium plugin. -->","yoast_head_json":{"title":"Adam at the Cross - CRIMCA Publishing House","robots":{"index":"index","follow":"follow","max-snippet":"max-snippet:-1","max-image-preview":"max-image-preview:large","max-video-preview":"max-video-preview:-1"},"canonical":"https:\/\/edituracrimca.ro\/en\/shop\/adam-at-the-crossroads\/","og_locale":"en_US","og_type":"article","og_title":"Adam la r\u0103sCruce","og_description":"Autor: Preasfin\u021bitul Damaschin Dorneanul, Episcop-vicar al Arhiepiscopiei Sucevei \u0219i R\u0103d\u0103u\u021bilorFormat: 175 X 150Num\u0103r pagini: 160Anul public\u0103rii: 2023Tip copert\u0103: Cartonat\u0103ISBN: 978-606-734-186-7","og_url":"https:\/\/edituracrimca.ro\/en\/shop\/adam-at-the-crossroads\/","og_site_name":"Editura CRIMCA","article_publisher":"https:\/\/web.facebook.com\/EdCrimca","article_modified_time":"2026-04-18T10:54:10+00:00","og_image":[{"width":1832,"height":2127,"url":"https:\/\/edituracrimca.ro\/wp-content\/uploads\/2026\/04\/adam-la-rascruce_front-v2.png","type":"image\/png"}],"twitter_card":"summary_large_image","twitter_misc":{"Est. reading time":"1 minute"},"schema":{"@context":"https:\/\/schema.org","@graph":[{"@type":"WebPage","@id":"https:\/\/edituracrimca.ro\/magazin\/adam-la-rascruce\/","url":"https:\/\/edituracrimca.ro\/magazin\/adam-la-rascruce\/","name":"Adam at the Cross - CRIMCA Publishing House","isPartOf":{"@id":"https:\/\/edituracrimca.ro\/#website"},"primaryImageOfPage":{"@id":"https:\/\/edituracrimca.ro\/magazin\/adam-la-rascruce\/#primaryimage"},"image":{"@id":"https:\/\/edituracrimca.ro\/magazin\/adam-la-rascruce\/#primaryimage"},"thumbnailUrl":"https:\/\/edituracrimca.ro\/wp-content\/uploads\/2026\/04\/adam-la-rascruce_front-v2.png","datePublished":"2026-04-02T18:44:27+00:00","dateModified":"2026-04-18T10:54:10+00:00","breadcrumb":{"@id":"https:\/\/edituracrimca.ro\/magazin\/adam-la-rascruce\/#breadcrumb"},"inLanguage":"en-US","potentialAction":[{"@type":"ReadAction","target":["https:\/\/edituracrimca.ro\/magazin\/adam-la-rascruce\/"]}]},{"@type":"ImageObject","inLanguage":"en-US","@id":"https:\/\/edituracrimca.ro\/magazin\/adam-la-rascruce\/#primaryimage","url":"https:\/\/edituracrimca.ro\/wp-content\/uploads\/2026\/04\/adam-la-rascruce_front-v2.png","contentUrl":"https:\/\/edituracrimca.ro\/wp-content\/uploads\/2026\/04\/adam-la-rascruce_front-v2.png","width":1832,"height":2127},{"@type":"BreadcrumbList","@id":"https:\/\/edituracrimca.ro\/magazin\/adam-la-rascruce\/#breadcrumb","itemListElement":[{"@type":"ListItem","position":1,"name":"Prima pagin\u0103","item":"https:\/\/edituracrimca.ro\/"},{"@type":"ListItem","position":2,"name":"Magazin","item":"https:\/\/edituracrimca.ro\/magazin\/"},{"@type":"ListItem","position":3,"name":"Adam la r\u0103sCruce"}]},{"@type":"WebSite","@id":"https:\/\/edituracrimca.ro\/#website","url":"https:\/\/edituracrimca.ro\/","name":"CRIMCA Publishing House","description":"The Word that Builds","publisher":{"@id":"https:\/\/edituracrimca.ro\/#organization"},"potentialAction":[{"@type":"SearchAction","target":{"@type":"EntryPoint","urlTemplate":"https:\/\/edituracrimca.ro\/?s={search_term_string}"},"query-input":{"@type":"PropertyValueSpecification","valueRequired":true,"valueName":"search_term_string"}}],"inLanguage":"en-US"},{"@type":"Organization","@id":"https:\/\/edituracrimca.ro\/#organization","name":"CRIMCA Publishing House","url":"https:\/\/edituracrimca.ro\/","logo":{"@type":"ImageObject","inLanguage":"en-US","@id":"https:\/\/edituracrimca.ro\/#\/schema\/logo\/image\/","url":"https:\/\/edituracrimca.ro\/wp-content\/uploads\/2026\/04\/editura-crimca.svg","contentUrl":"https:\/\/edituracrimca.ro\/wp-content\/uploads\/2026\/04\/editura-crimca.svg","width":601,"height":206,"caption":"Editura CRIMCA"},"image":{"@id":"https:\/\/edituracrimca.ro\/#\/schema\/logo\/image\/"},"sameAs":["https:\/\/web.facebook.com\/EdCrimca","https:\/\/www.instagram.com\/jurnalculturalcrimca\/"]}]}},"_links":{"self":[{"href":"https:\/\/edituracrimca.ro\/en\/wp-json\/wp\/v2\/product\/3130","targetHints":{"allow":["GET"]}}],"collection":[{"href":"https:\/\/edituracrimca.ro\/en\/wp-json\/wp\/v2\/product"}],"about":[{"href":"https:\/\/edituracrimca.ro\/en\/wp-json\/wp\/v2\/types\/product"}],"replies":[{"embeddable":true,"href":"https:\/\/edituracrimca.ro\/en\/wp-json\/wp\/v2\/comments?post=3130"}],"version-history":[{"count":1,"href":"https:\/\/edituracrimca.ro\/en\/wp-json\/wp\/v2\/product\/3130\/revisions"}],"predecessor-version":[{"id":3131,"href":"https:\/\/edituracrimca.ro\/en\/wp-json\/wp\/v2\/product\/3130\/revisions\/3131"}],"wp:featuredmedia":[{"embeddable":true,"href":"https:\/\/edituracrimca.ro\/en\/wp-json\/wp\/v2\/media\/3795"}],"wp:attachment":[{"href":"https:\/\/edituracrimca.ro\/en\/wp-json\/wp\/v2\/media?parent=3130"}],"wp:term":[{"taxonomy":"product_brand","embeddable":true,"href":"https:\/\/edituracrimca.ro\/en\/wp-json\/wp\/v2\/product_brand?post=3130"},{"taxonomy":"product_cat","embeddable":true,"href":"https:\/\/edituracrimca.ro\/en\/wp-json\/wp\/v2\/product_cat?post=3130"},{"taxonomy":"product_tag","embeddable":true,"href":"https:\/\/edituracrimca.ro\/en\/wp-json\/wp\/v2\/product_tag?post=3130"}],"curies":[{"name":"wp","href":"https:\/\/api.w.org\/{rel}","templated":true}]}}