{"id":3125,"date":"2026-04-02T20:44:27","date_gmt":"2026-04-02T18:44:27","guid":{"rendered":"https:\/\/edituracrimca.ro\/magazin\/triodul-golgota-pocaintei\/"},"modified":"2026-04-18T12:53:55","modified_gmt":"2026-04-18T10:53:55","slug":"the-triod-of-the-golgotha-of-repentance","status":"publish","type":"product","link":"https:\/\/edituracrimca.ro\/en\/shop\/the-triod-of-the-golgotha-of-repentance\/","title":{"rendered":"Golgotha Triod of repentance"},"content":{"rendered":"<p>Triodul. Golgota poc\u0103in\u021bei \u2013 Predici \u0219i medita\u021bii exegetice<br \/>\n\u00cenaltpreasfin\u021bitul P\u0103rinte Calinic, Arhiepiscop al Sucevei \u0219i R\u0103d\u0103u\u021bilor<br \/>\nAn aparitie: 2024<br \/>\nEditura: Crimca<br \/>\nNr. pagini: 307<br \/>\n\u201e Lucrarea de fa\u021b\u0103 este o reeditare a volumului Triodul \u2013 Golgota poc\u0103in\u021bei (33 de predici) \u00eentr-o edi\u021bie completat\u0103 cu nout\u0103\u021bi, dintre care amintim: predica la Sfin\u021bii 40 de mucenici din Sevastia sau predica la Buna Vestire \u0219i \u00een mod deosebit, rug\u0103ciunile pentru fiecare zi a S\u0103pt\u0103m\u00e2nii Sfintelor P\u0103timiri, care, prin originalitatea \u0219i profunzimea lor, constituie un adev\u0103rat model de \u00eenchinare \u00een cea mai intens\u0103 s\u0103pt\u0103m\u00e2n\u0103 din cursul anului bisericesc [\u2026].<br \/>\nRug\u0103m pe bunul Dumnezeu ca semin\u021bele cuvintelor s\u0103dite \u00een paginile acestui volum s\u0103 rodeasc\u0103 rod bun \u00een sufletele cititorilor, spre slava lui Dumnezeu \u0219i spre m\u00e2ntuirea acestora\u201d.<br \/>\nEditura Crimca<\/p>\n","protected":false},"excerpt":{"rendered":"<p><strong>Author:<\/strong> Archbishop Calinic of Suceava and R\u0103d\u0103u\u021bi<\/p>\n<p><strong>Format:<\/strong> 20.5 X 14.5 cm<\/p>\n<p><strong>Cover type:<\/strong> Paperback<\/p>","protected":false},"featured_media":3792,"comment_status":"closed","ping_status":"open","template":"","meta":{"_acf_changed":false},"product_brand":[],"product_cat":[40],"product_tag":[],"class_list":{"0":"post-3125","1":"product","2":"type-product","3":"status-publish","4":"has-post-thumbnail","6":"product_cat-carti","8":"first","9":"instock","10":"purchasable","11":"product-type-simple"},"acf":[],"yoast_head":"<!-- This site is optimized with the Yoast SEO Premium plugin v27.4 (Yoast SEO v27.4) - https:\/\/yoast.com\/product\/yoast-seo-premium-wordpress\/ -->\n<title>Triodul Golgota poc\u0103in\u021bei - Editura CRIMCA<\/title>\n<meta name=\"robots\" content=\"index, follow, max-snippet:-1, max-image-preview:large, max-video-preview:-1\" \/>\n<link rel=\"canonical\" href=\"https:\/\/edituracrimca.ro\/en\/shop\/the-triod-of-the-golgotha-of-repentance\/\" \/>\n<meta property=\"og:locale\" content=\"en_US\" \/>\n<meta property=\"og:type\" content=\"article\" \/>\n<meta property=\"og:title\" content=\"Triodul Golgota poc\u0103in\u021bei\" \/>\n<meta property=\"og:description\" content=\"Autor: \u00cenaltpreasfin\u021bitul P\u0103rinte Calinic, Arhiepiscop al Sucevei \u0219i R\u0103d\u0103u\u021bilorFormat: 20.5 X 14.5 cmTip copert\u0103: Bro\u0219at\u0103\" \/>\n<meta property=\"og:url\" content=\"https:\/\/edituracrimca.ro\/en\/shop\/the-triod-of-the-golgotha-of-repentance\/\" \/>\n<meta property=\"og:site_name\" content=\"Editura CRIMCA\" \/>\n<meta property=\"article:publisher\" content=\"https:\/\/web.facebook.com\/EdCrimca\" \/>\n<meta property=\"article:modified_time\" content=\"2026-04-18T10:53:55+00:00\" \/>\n<meta property=\"og:image\" content=\"https:\/\/edituracrimca.ro\/wp-content\/uploads\/2026\/04\/triodul-golgota-pocaintei_front-v2.png\" \/>\n\t<meta property=\"og:image:width\" content=\"1773\" \/>\n\t<meta property=\"og:image:height\" content=\"2481\" \/>\n\t<meta property=\"og:image:type\" content=\"image\/png\" \/>\n<meta name=\"twitter:card\" content=\"summary_large_image\" \/>\n<meta name=\"twitter:label1\" content=\"Est. reading time\" \/>\n\t<meta name=\"twitter:data1\" content=\"1 minute\" \/>\n<script type=\"application\/ld+json\" class=\"yoast-schema-graph\">{\"@context\":\"https:\\\/\\\/schema.org\",\"@graph\":[{\"@type\":\"WebPage\",\"@id\":\"https:\\\/\\\/edituracrimca.ro\\\/magazin\\\/triodul-golgota-pocaintei\\\/\",\"url\":\"https:\\\/\\\/edituracrimca.ro\\\/magazin\\\/triodul-golgota-pocaintei\\\/\",\"name\":\"Triodul Golgota poc\u0103in\u021bei - Editura CRIMCA\",\"isPartOf\":{\"@id\":\"https:\\\/\\\/edituracrimca.ro\\\/#website\"},\"primaryImageOfPage\":{\"@id\":\"https:\\\/\\\/edituracrimca.ro\\\/magazin\\\/triodul-golgota-pocaintei\\\/#primaryimage\"},\"image\":{\"@id\":\"https:\\\/\\\/edituracrimca.ro\\\/magazin\\\/triodul-golgota-pocaintei\\\/#primaryimage\"},\"thumbnailUrl\":\"https:\\\/\\\/edituracrimca.ro\\\/wp-content\\\/uploads\\\/2026\\\/04\\\/triodul-golgota-pocaintei_front-v2.png\",\"datePublished\":\"2026-04-02T18:44:27+00:00\",\"dateModified\":\"2026-04-18T10:53:55+00:00\",\"breadcrumb\":{\"@id\":\"https:\\\/\\\/edituracrimca.ro\\\/magazin\\\/triodul-golgota-pocaintei\\\/#breadcrumb\"},\"inLanguage\":\"en-US\",\"potentialAction\":[{\"@type\":\"ReadAction\",\"target\":[\"https:\\\/\\\/edituracrimca.ro\\\/magazin\\\/triodul-golgota-pocaintei\\\/\"]}]},{\"@type\":\"ImageObject\",\"inLanguage\":\"en-US\",\"@id\":\"https:\\\/\\\/edituracrimca.ro\\\/magazin\\\/triodul-golgota-pocaintei\\\/#primaryimage\",\"url\":\"https:\\\/\\\/edituracrimca.ro\\\/wp-content\\\/uploads\\\/2026\\\/04\\\/triodul-golgota-pocaintei_front-v2.png\",\"contentUrl\":\"https:\\\/\\\/edituracrimca.ro\\\/wp-content\\\/uploads\\\/2026\\\/04\\\/triodul-golgota-pocaintei_front-v2.png\",\"width\":1773,\"height\":2481},{\"@type\":\"BreadcrumbList\",\"@id\":\"https:\\\/\\\/edituracrimca.ro\\\/magazin\\\/triodul-golgota-pocaintei\\\/#breadcrumb\",\"itemListElement\":[{\"@type\":\"ListItem\",\"position\":1,\"name\":\"Prima pagin\u0103\",\"item\":\"https:\\\/\\\/edituracrimca.ro\\\/\"},{\"@type\":\"ListItem\",\"position\":2,\"name\":\"Magazin\",\"item\":\"https:\\\/\\\/edituracrimca.ro\\\/magazin\\\/\"},{\"@type\":\"ListItem\",\"position\":3,\"name\":\"Triodul Golgota poc\u0103in\u021bei\"}]},{\"@type\":\"WebSite\",\"@id\":\"https:\\\/\\\/edituracrimca.ro\\\/#website\",\"url\":\"https:\\\/\\\/edituracrimca.ro\\\/\",\"name\":\"Editura CRIMCA\",\"description\":\"Cuv\u00e2ntul care Zide\u0219te\",\"publisher\":{\"@id\":\"https:\\\/\\\/edituracrimca.ro\\\/#organization\"},\"potentialAction\":[{\"@type\":\"SearchAction\",\"target\":{\"@type\":\"EntryPoint\",\"urlTemplate\":\"https:\\\/\\\/edituracrimca.ro\\\/?s={search_term_string}\"},\"query-input\":{\"@type\":\"PropertyValueSpecification\",\"valueRequired\":true,\"valueName\":\"search_term_string\"}}],\"inLanguage\":\"en-US\"},{\"@type\":\"Organization\",\"@id\":\"https:\\\/\\\/edituracrimca.ro\\\/#organization\",\"name\":\"Editura CRIMCA\",\"url\":\"https:\\\/\\\/edituracrimca.ro\\\/\",\"logo\":{\"@type\":\"ImageObject\",\"inLanguage\":\"en-US\",\"@id\":\"https:\\\/\\\/edituracrimca.ro\\\/#\\\/schema\\\/logo\\\/image\\\/\",\"url\":\"https:\\\/\\\/edituracrimca.ro\\\/wp-content\\\/uploads\\\/2026\\\/04\\\/editura-crimca.svg\",\"contentUrl\":\"https:\\\/\\\/edituracrimca.ro\\\/wp-content\\\/uploads\\\/2026\\\/04\\\/editura-crimca.svg\",\"width\":601,\"height\":206,\"caption\":\"Editura CRIMCA\"},\"image\":{\"@id\":\"https:\\\/\\\/edituracrimca.ro\\\/#\\\/schema\\\/logo\\\/image\\\/\"},\"sameAs\":[\"https:\\\/\\\/web.facebook.com\\\/EdCrimca\",\"https:\\\/\\\/www.instagram.com\\\/jurnalculturalcrimca\\\/\"]}]}<\/script>\n<!-- \/ Yoast SEO Premium plugin. -->","yoast_head_json":{"title":"Triodul Golgotha of repentance - CRIMCA Publishing House","robots":{"index":"index","follow":"follow","max-snippet":"max-snippet:-1","max-image-preview":"max-image-preview:large","max-video-preview":"max-video-preview:-1"},"canonical":"https:\/\/edituracrimca.ro\/en\/shop\/the-triod-of-the-golgotha-of-repentance\/","og_locale":"en_US","og_type":"article","og_title":"Triodul Golgota poc\u0103in\u021bei","og_description":"Autor: \u00cenaltpreasfin\u021bitul P\u0103rinte Calinic, Arhiepiscop al Sucevei \u0219i R\u0103d\u0103u\u021bilorFormat: 20.5 X 14.5 cmTip copert\u0103: Bro\u0219at\u0103","og_url":"https:\/\/edituracrimca.ro\/en\/shop\/the-triod-of-the-golgotha-of-repentance\/","og_site_name":"Editura CRIMCA","article_publisher":"https:\/\/web.facebook.com\/EdCrimca","article_modified_time":"2026-04-18T10:53:55+00:00","og_image":[{"width":1773,"height":2481,"url":"https:\/\/edituracrimca.ro\/wp-content\/uploads\/2026\/04\/triodul-golgota-pocaintei_front-v2.png","type":"image\/png"}],"twitter_card":"summary_large_image","twitter_misc":{"Est. reading time":"1 minute"},"schema":{"@context":"https:\/\/schema.org","@graph":[{"@type":"WebPage","@id":"https:\/\/edituracrimca.ro\/magazin\/triodul-golgota-pocaintei\/","url":"https:\/\/edituracrimca.ro\/magazin\/triodul-golgota-pocaintei\/","name":"Triodul Golgotha of repentance - CRIMCA Publishing House","isPartOf":{"@id":"https:\/\/edituracrimca.ro\/#website"},"primaryImageOfPage":{"@id":"https:\/\/edituracrimca.ro\/magazin\/triodul-golgota-pocaintei\/#primaryimage"},"image":{"@id":"https:\/\/edituracrimca.ro\/magazin\/triodul-golgota-pocaintei\/#primaryimage"},"thumbnailUrl":"https:\/\/edituracrimca.ro\/wp-content\/uploads\/2026\/04\/triodul-golgota-pocaintei_front-v2.png","datePublished":"2026-04-02T18:44:27+00:00","dateModified":"2026-04-18T10:53:55+00:00","breadcrumb":{"@id":"https:\/\/edituracrimca.ro\/magazin\/triodul-golgota-pocaintei\/#breadcrumb"},"inLanguage":"en-US","potentialAction":[{"@type":"ReadAction","target":["https:\/\/edituracrimca.ro\/magazin\/triodul-golgota-pocaintei\/"]}]},{"@type":"ImageObject","inLanguage":"en-US","@id":"https:\/\/edituracrimca.ro\/magazin\/triodul-golgota-pocaintei\/#primaryimage","url":"https:\/\/edituracrimca.ro\/wp-content\/uploads\/2026\/04\/triodul-golgota-pocaintei_front-v2.png","contentUrl":"https:\/\/edituracrimca.ro\/wp-content\/uploads\/2026\/04\/triodul-golgota-pocaintei_front-v2.png","width":1773,"height":2481},{"@type":"BreadcrumbList","@id":"https:\/\/edituracrimca.ro\/magazin\/triodul-golgota-pocaintei\/#breadcrumb","itemListElement":[{"@type":"ListItem","position":1,"name":"Prima pagin\u0103","item":"https:\/\/edituracrimca.ro\/"},{"@type":"ListItem","position":2,"name":"Magazin","item":"https:\/\/edituracrimca.ro\/magazin\/"},{"@type":"ListItem","position":3,"name":"Triodul Golgota poc\u0103in\u021bei"}]},{"@type":"WebSite","@id":"https:\/\/edituracrimca.ro\/#website","url":"https:\/\/edituracrimca.ro\/","name":"CRIMCA Publishing House","description":"The Word that Builds","publisher":{"@id":"https:\/\/edituracrimca.ro\/#organization"},"potentialAction":[{"@type":"SearchAction","target":{"@type":"EntryPoint","urlTemplate":"https:\/\/edituracrimca.ro\/?s={search_term_string}"},"query-input":{"@type":"PropertyValueSpecification","valueRequired":true,"valueName":"search_term_string"}}],"inLanguage":"en-US"},{"@type":"Organization","@id":"https:\/\/edituracrimca.ro\/#organization","name":"CRIMCA Publishing House","url":"https:\/\/edituracrimca.ro\/","logo":{"@type":"ImageObject","inLanguage":"en-US","@id":"https:\/\/edituracrimca.ro\/#\/schema\/logo\/image\/","url":"https:\/\/edituracrimca.ro\/wp-content\/uploads\/2026\/04\/editura-crimca.svg","contentUrl":"https:\/\/edituracrimca.ro\/wp-content\/uploads\/2026\/04\/editura-crimca.svg","width":601,"height":206,"caption":"Editura CRIMCA"},"image":{"@id":"https:\/\/edituracrimca.ro\/#\/schema\/logo\/image\/"},"sameAs":["https:\/\/web.facebook.com\/EdCrimca","https:\/\/www.instagram.com\/jurnalculturalcrimca\/"]}]}},"_links":{"self":[{"href":"https:\/\/edituracrimca.ro\/en\/wp-json\/wp\/v2\/product\/3125","targetHints":{"allow":["GET"]}}],"collection":[{"href":"https:\/\/edituracrimca.ro\/en\/wp-json\/wp\/v2\/product"}],"about":[{"href":"https:\/\/edituracrimca.ro\/en\/wp-json\/wp\/v2\/types\/product"}],"replies":[{"embeddable":true,"href":"https:\/\/edituracrimca.ro\/en\/wp-json\/wp\/v2\/comments?post=3125"}],"version-history":[{"count":1,"href":"https:\/\/edituracrimca.ro\/en\/wp-json\/wp\/v2\/product\/3125\/revisions"}],"predecessor-version":[{"id":3126,"href":"https:\/\/edituracrimca.ro\/en\/wp-json\/wp\/v2\/product\/3125\/revisions\/3126"}],"wp:featuredmedia":[{"embeddable":true,"href":"https:\/\/edituracrimca.ro\/en\/wp-json\/wp\/v2\/media\/3792"}],"wp:attachment":[{"href":"https:\/\/edituracrimca.ro\/en\/wp-json\/wp\/v2\/media?parent=3125"}],"wp:term":[{"taxonomy":"product_brand","embeddable":true,"href":"https:\/\/edituracrimca.ro\/en\/wp-json\/wp\/v2\/product_brand?post=3125"},{"taxonomy":"product_cat","embeddable":true,"href":"https:\/\/edituracrimca.ro\/en\/wp-json\/wp\/v2\/product_cat?post=3125"},{"taxonomy":"product_tag","embeddable":true,"href":"https:\/\/edituracrimca.ro\/en\/wp-json\/wp\/v2\/product_tag?post=3125"}],"curies":[{"name":"wp","href":"https:\/\/api.w.org\/{rel}","templated":true}]}}