{"id":3120,"date":"2026-04-02T20:44:27","date_gmt":"2026-04-02T18:44:27","guid":{"rendered":"https:\/\/edituracrimca.ro\/magazin\/luminola-in-cautarea-luminii\/"},"modified":"2026-04-18T12:53:36","modified_gmt":"2026-04-18T10:53:36","slug":"luminola-in-search-of-light","status":"publish","type":"product","link":"https:\/\/edituracrimca.ro\/en\/shop\/luminola-in-search-of-light\/","title":{"rendered":"Luminola, in search of Light"},"content":{"rendered":"<p>Luminola, \u00een c\u0103utarea luminii<br \/>\nC\u0103t\u0103lina Gheorghian<br \/>\nIlustra\u021bii de: Cristina-Diana Enache<br \/>\n\u201eLuminola, mama-lum\u00e2nare din aceast\u0103 poveste, este in pericol s\u0103 \u00ee\u0219i piard\u0103 haina luminoas\u0103, str\u0103lucirea, care a f\u0103cut-o dintotdeauna frumoas\u0103 \u0219i iubitoare, pentru sine \u00eens\u0103\u0219i, pentru copii, familie \u0219i cei din jur, dar mai ales pentru P\u0103rintele Ceresc.<br \/>\n\u201eCum e posibil ca o lum\u00e2nare s\u0103-\u0219i caute lumina?\u201d v-a\u021bi putea \u00eentreba. \u201eCe a f\u0103cut de \u0219i-a pierdut-o?\u201d, \u201eCum poate ea s\u0103-\u0219i piard\u0103 str\u0103lucirea \u2013 doar este vorba despre o lum\u00e2nare!?! Cu siguran\u021b\u0103 \u00eentreb\u0103rile nu s-ar opri aici.<br \/>\nCa s\u0103-i afl\u0103m povestea, v\u0103 \u00eendemn s\u0103 prindem de un cap\u0103t de fir luminos \u0219i s\u0103-l urm\u0103m merg\u00e2nd delicat, neap\u0103rat pe v\u00e2rfuri. Vom trece mai \u00eent\u00e2i pe l\u00e2ng\u0103 una din cele mai frumoase, iubite \u0219i cunoscute pove\u0219ti: Povestea Sf\u00e2nt\u0103 a Maicii Domnului. Tine\u0163i str\u00e2ns firul \u00een m\u00e2n\u0103 \u0219i, haide\u021bi, s\u0103-l urm\u0103rim! V\u0103 dau un indiciu: tine\u021bi-o tot spre st\u00e2nga, pe drumul spre inim\u0103. Acolo v\u0103 vor a\u0219tepta lum\u00e2n\u0103rile. L\u0103sa\u021bi-le s\u0103 v\u0103 spun\u0103 povestea. Luminola, Luminol, Lumi\u0219oara \u0219i Lum\u00e2n\u0103ra\u015f \u2013 cu to\u021bii sunt ner\u0103bd\u0103tori! Unii au \u0219i diplome de povestitori!\u201d<br \/>\nC\u0103t\u0103lina GHEORGHIAN<\/p>","protected":false},"excerpt":{"rendered":"<p><strong>Author:<\/strong> C\u0103t\u0103lina Gheorghian<\/p>\n<p><strong>Format:<\/strong> 225 X 180<\/p>\n<p><strong>Number of pages:<\/strong> 42<\/p>\n<p><strong>Year of publication:<\/strong> 2025<\/p>\n<p><strong>Cover type:<\/strong> Paperback<\/p>\n<p><strong>ISBN:<\/strong> 978-606-734-254-3<\/p>","protected":false},"featured_media":3789,"comment_status":"closed","ping_status":"closed","template":"","meta":{"_acf_changed":false},"product_brand":[],"product_cat":[30],"product_tag":[],"class_list":{"0":"post-3120","1":"product","2":"type-product","3":"status-publish","4":"has-post-thumbnail","6":"product_cat-crimca-junior","8":"first","9":"instock","10":"purchasable","11":"product-type-simple"},"acf":[],"yoast_head":"<!-- This site is optimized with the Yoast SEO Premium plugin v27.4 (Yoast SEO v27.4) - https:\/\/yoast.com\/product\/yoast-seo-premium-wordpress\/ -->\n<title>Luminola, \u00een c\u0103utarea Luminii - Editura CRIMCA<\/title>\n<meta name=\"robots\" content=\"index, follow, max-snippet:-1, max-image-preview:large, max-video-preview:-1\" \/>\n<link rel=\"canonical\" href=\"https:\/\/edituracrimca.ro\/en\/shop\/luminola-in-search-of-light\/\" \/>\n<meta property=\"og:locale\" content=\"en_US\" \/>\n<meta property=\"og:type\" content=\"article\" \/>\n<meta property=\"og:title\" content=\"Luminola, \u00een c\u0103utarea Luminii\" \/>\n<meta property=\"og:description\" content=\"Autor: C\u0103t\u0103lina GheorghianFormat: 225 X 180Num\u0103r pagini: 42Anul public\u0103rii: 2025Tip copert\u0103: Cartonat\u0103ISBN: 978-606-734-254-3\" \/>\n<meta property=\"og:url\" content=\"https:\/\/edituracrimca.ro\/en\/shop\/luminola-in-search-of-light\/\" \/>\n<meta property=\"og:site_name\" content=\"Editura CRIMCA\" \/>\n<meta property=\"article:publisher\" content=\"https:\/\/web.facebook.com\/EdCrimca\" \/>\n<meta property=\"article:modified_time\" content=\"2026-04-18T10:53:36+00:00\" \/>\n<meta property=\"og:image\" content=\"https:\/\/edituracrimca.ro\/wp-content\/uploads\/2026\/04\/luminola-in-cautarea-luminii_front-v2-scaled.png\" \/>\n\t<meta property=\"og:image:width\" content=\"2060\" \/>\n\t<meta property=\"og:image:height\" content=\"2560\" \/>\n\t<meta property=\"og:image:type\" content=\"image\/png\" \/>\n<meta name=\"twitter:card\" content=\"summary_large_image\" \/>\n<meta name=\"twitter:label1\" content=\"Est. reading time\" \/>\n\t<meta name=\"twitter:data1\" content=\"1 minute\" \/>\n<script type=\"application\/ld+json\" class=\"yoast-schema-graph\">{\"@context\":\"https:\\\/\\\/schema.org\",\"@graph\":[{\"@type\":\"WebPage\",\"@id\":\"https:\\\/\\\/edituracrimca.ro\\\/magazin\\\/luminola-in-cautarea-luminii\\\/\",\"url\":\"https:\\\/\\\/edituracrimca.ro\\\/magazin\\\/luminola-in-cautarea-luminii\\\/\",\"name\":\"Luminola, \u00een c\u0103utarea Luminii - Editura CRIMCA\",\"isPartOf\":{\"@id\":\"https:\\\/\\\/edituracrimca.ro\\\/#website\"},\"primaryImageOfPage\":{\"@id\":\"https:\\\/\\\/edituracrimca.ro\\\/magazin\\\/luminola-in-cautarea-luminii\\\/#primaryimage\"},\"image\":{\"@id\":\"https:\\\/\\\/edituracrimca.ro\\\/magazin\\\/luminola-in-cautarea-luminii\\\/#primaryimage\"},\"thumbnailUrl\":\"https:\\\/\\\/edituracrimca.ro\\\/wp-content\\\/uploads\\\/2026\\\/04\\\/luminola-in-cautarea-luminii_front-v2-scaled.png\",\"datePublished\":\"2026-04-02T18:44:27+00:00\",\"dateModified\":\"2026-04-18T10:53:36+00:00\",\"breadcrumb\":{\"@id\":\"https:\\\/\\\/edituracrimca.ro\\\/magazin\\\/luminola-in-cautarea-luminii\\\/#breadcrumb\"},\"inLanguage\":\"en-US\",\"potentialAction\":[{\"@type\":\"ReadAction\",\"target\":[\"https:\\\/\\\/edituracrimca.ro\\\/magazin\\\/luminola-in-cautarea-luminii\\\/\"]}]},{\"@type\":\"ImageObject\",\"inLanguage\":\"en-US\",\"@id\":\"https:\\\/\\\/edituracrimca.ro\\\/magazin\\\/luminola-in-cautarea-luminii\\\/#primaryimage\",\"url\":\"https:\\\/\\\/edituracrimca.ro\\\/wp-content\\\/uploads\\\/2026\\\/04\\\/luminola-in-cautarea-luminii_front-v2-scaled.png\",\"contentUrl\":\"https:\\\/\\\/edituracrimca.ro\\\/wp-content\\\/uploads\\\/2026\\\/04\\\/luminola-in-cautarea-luminii_front-v2-scaled.png\",\"width\":2060,\"height\":2560},{\"@type\":\"BreadcrumbList\",\"@id\":\"https:\\\/\\\/edituracrimca.ro\\\/magazin\\\/luminola-in-cautarea-luminii\\\/#breadcrumb\",\"itemListElement\":[{\"@type\":\"ListItem\",\"position\":1,\"name\":\"Prima pagin\u0103\",\"item\":\"https:\\\/\\\/edituracrimca.ro\\\/\"},{\"@type\":\"ListItem\",\"position\":2,\"name\":\"Magazin\",\"item\":\"https:\\\/\\\/edituracrimca.ro\\\/magazin\\\/\"},{\"@type\":\"ListItem\",\"position\":3,\"name\":\"Luminola, \u00een c\u0103utarea Luminii\"}]},{\"@type\":\"WebSite\",\"@id\":\"https:\\\/\\\/edituracrimca.ro\\\/#website\",\"url\":\"https:\\\/\\\/edituracrimca.ro\\\/\",\"name\":\"Editura CRIMCA\",\"description\":\"Cuv\u00e2ntul care Zide\u0219te\",\"publisher\":{\"@id\":\"https:\\\/\\\/edituracrimca.ro\\\/#organization\"},\"potentialAction\":[{\"@type\":\"SearchAction\",\"target\":{\"@type\":\"EntryPoint\",\"urlTemplate\":\"https:\\\/\\\/edituracrimca.ro\\\/?s={search_term_string}\"},\"query-input\":{\"@type\":\"PropertyValueSpecification\",\"valueRequired\":true,\"valueName\":\"search_term_string\"}}],\"inLanguage\":\"en-US\"},{\"@type\":\"Organization\",\"@id\":\"https:\\\/\\\/edituracrimca.ro\\\/#organization\",\"name\":\"Editura CRIMCA\",\"url\":\"https:\\\/\\\/edituracrimca.ro\\\/\",\"logo\":{\"@type\":\"ImageObject\",\"inLanguage\":\"en-US\",\"@id\":\"https:\\\/\\\/edituracrimca.ro\\\/#\\\/schema\\\/logo\\\/image\\\/\",\"url\":\"https:\\\/\\\/edituracrimca.ro\\\/wp-content\\\/uploads\\\/2026\\\/04\\\/editura-crimca.svg\",\"contentUrl\":\"https:\\\/\\\/edituracrimca.ro\\\/wp-content\\\/uploads\\\/2026\\\/04\\\/editura-crimca.svg\",\"width\":601,\"height\":206,\"caption\":\"Editura CRIMCA\"},\"image\":{\"@id\":\"https:\\\/\\\/edituracrimca.ro\\\/#\\\/schema\\\/logo\\\/image\\\/\"},\"sameAs\":[\"https:\\\/\\\/web.facebook.com\\\/EdCrimca\",\"https:\\\/\\\/www.instagram.com\\\/jurnalculturalcrimca\\\/\"]}]}<\/script>\n<!-- \/ Yoast SEO Premium plugin. -->","yoast_head_json":{"title":"Luminola, in search of Light - CRIMCA Publishing House","robots":{"index":"index","follow":"follow","max-snippet":"max-snippet:-1","max-image-preview":"max-image-preview:large","max-video-preview":"max-video-preview:-1"},"canonical":"https:\/\/edituracrimca.ro\/en\/shop\/luminola-in-search-of-light\/","og_locale":"en_US","og_type":"article","og_title":"Luminola, \u00een c\u0103utarea Luminii","og_description":"Autor: C\u0103t\u0103lina GheorghianFormat: 225 X 180Num\u0103r pagini: 42Anul public\u0103rii: 2025Tip copert\u0103: Cartonat\u0103ISBN: 978-606-734-254-3","og_url":"https:\/\/edituracrimca.ro\/en\/shop\/luminola-in-search-of-light\/","og_site_name":"Editura CRIMCA","article_publisher":"https:\/\/web.facebook.com\/EdCrimca","article_modified_time":"2026-04-18T10:53:36+00:00","og_image":[{"width":2060,"height":2560,"url":"https:\/\/edituracrimca.ro\/wp-content\/uploads\/2026\/04\/luminola-in-cautarea-luminii_front-v2-scaled.png","type":"image\/png"}],"twitter_card":"summary_large_image","twitter_misc":{"Est. reading time":"1 minute"},"schema":{"@context":"https:\/\/schema.org","@graph":[{"@type":"WebPage","@id":"https:\/\/edituracrimca.ro\/magazin\/luminola-in-cautarea-luminii\/","url":"https:\/\/edituracrimca.ro\/magazin\/luminola-in-cautarea-luminii\/","name":"Luminola, in search of Light - CRIMCA Publishing House","isPartOf":{"@id":"https:\/\/edituracrimca.ro\/#website"},"primaryImageOfPage":{"@id":"https:\/\/edituracrimca.ro\/magazin\/luminola-in-cautarea-luminii\/#primaryimage"},"image":{"@id":"https:\/\/edituracrimca.ro\/magazin\/luminola-in-cautarea-luminii\/#primaryimage"},"thumbnailUrl":"https:\/\/edituracrimca.ro\/wp-content\/uploads\/2026\/04\/luminola-in-cautarea-luminii_front-v2-scaled.png","datePublished":"2026-04-02T18:44:27+00:00","dateModified":"2026-04-18T10:53:36+00:00","breadcrumb":{"@id":"https:\/\/edituracrimca.ro\/magazin\/luminola-in-cautarea-luminii\/#breadcrumb"},"inLanguage":"en-US","potentialAction":[{"@type":"ReadAction","target":["https:\/\/edituracrimca.ro\/magazin\/luminola-in-cautarea-luminii\/"]}]},{"@type":"ImageObject","inLanguage":"en-US","@id":"https:\/\/edituracrimca.ro\/magazin\/luminola-in-cautarea-luminii\/#primaryimage","url":"https:\/\/edituracrimca.ro\/wp-content\/uploads\/2026\/04\/luminola-in-cautarea-luminii_front-v2-scaled.png","contentUrl":"https:\/\/edituracrimca.ro\/wp-content\/uploads\/2026\/04\/luminola-in-cautarea-luminii_front-v2-scaled.png","width":2060,"height":2560},{"@type":"BreadcrumbList","@id":"https:\/\/edituracrimca.ro\/magazin\/luminola-in-cautarea-luminii\/#breadcrumb","itemListElement":[{"@type":"ListItem","position":1,"name":"Prima pagin\u0103","item":"https:\/\/edituracrimca.ro\/"},{"@type":"ListItem","position":2,"name":"Magazin","item":"https:\/\/edituracrimca.ro\/magazin\/"},{"@type":"ListItem","position":3,"name":"Luminola, \u00een c\u0103utarea Luminii"}]},{"@type":"WebSite","@id":"https:\/\/edituracrimca.ro\/#website","url":"https:\/\/edituracrimca.ro\/","name":"CRIMCA Publishing House","description":"The Word that Builds","publisher":{"@id":"https:\/\/edituracrimca.ro\/#organization"},"potentialAction":[{"@type":"SearchAction","target":{"@type":"EntryPoint","urlTemplate":"https:\/\/edituracrimca.ro\/?s={search_term_string}"},"query-input":{"@type":"PropertyValueSpecification","valueRequired":true,"valueName":"search_term_string"}}],"inLanguage":"en-US"},{"@type":"Organization","@id":"https:\/\/edituracrimca.ro\/#organization","name":"CRIMCA Publishing House","url":"https:\/\/edituracrimca.ro\/","logo":{"@type":"ImageObject","inLanguage":"en-US","@id":"https:\/\/edituracrimca.ro\/#\/schema\/logo\/image\/","url":"https:\/\/edituracrimca.ro\/wp-content\/uploads\/2026\/04\/editura-crimca.svg","contentUrl":"https:\/\/edituracrimca.ro\/wp-content\/uploads\/2026\/04\/editura-crimca.svg","width":601,"height":206,"caption":"Editura CRIMCA"},"image":{"@id":"https:\/\/edituracrimca.ro\/#\/schema\/logo\/image\/"},"sameAs":["https:\/\/web.facebook.com\/EdCrimca","https:\/\/www.instagram.com\/jurnalculturalcrimca\/"]}]}},"_links":{"self":[{"href":"https:\/\/edituracrimca.ro\/en\/wp-json\/wp\/v2\/product\/3120","targetHints":{"allow":["GET"]}}],"collection":[{"href":"https:\/\/edituracrimca.ro\/en\/wp-json\/wp\/v2\/product"}],"about":[{"href":"https:\/\/edituracrimca.ro\/en\/wp-json\/wp\/v2\/types\/product"}],"replies":[{"embeddable":true,"href":"https:\/\/edituracrimca.ro\/en\/wp-json\/wp\/v2\/comments?post=3120"}],"version-history":[{"count":1,"href":"https:\/\/edituracrimca.ro\/en\/wp-json\/wp\/v2\/product\/3120\/revisions"}],"predecessor-version":[{"id":3121,"href":"https:\/\/edituracrimca.ro\/en\/wp-json\/wp\/v2\/product\/3120\/revisions\/3121"}],"wp:featuredmedia":[{"embeddable":true,"href":"https:\/\/edituracrimca.ro\/en\/wp-json\/wp\/v2\/media\/3789"}],"wp:attachment":[{"href":"https:\/\/edituracrimca.ro\/en\/wp-json\/wp\/v2\/media?parent=3120"}],"wp:term":[{"taxonomy":"product_brand","embeddable":true,"href":"https:\/\/edituracrimca.ro\/en\/wp-json\/wp\/v2\/product_brand?post=3120"},{"taxonomy":"product_cat","embeddable":true,"href":"https:\/\/edituracrimca.ro\/en\/wp-json\/wp\/v2\/product_cat?post=3120"},{"taxonomy":"product_tag","embeddable":true,"href":"https:\/\/edituracrimca.ro\/en\/wp-json\/wp\/v2\/product_tag?post=3120"}],"curies":[{"name":"wp","href":"https:\/\/api.w.org\/{rel}","templated":true}]}}