{"id":3115,"date":"2026-04-02T20:44:27","date_gmt":"2026-04-02T18:44:27","guid":{"rendered":"https:\/\/edituracrimca.ro\/magazin\/voturile-monahale-in-biserica-ortodoxa-romana-intre-dreptul-canonic-si-dreptul-civil\/"},"modified":"2026-04-18T12:53:20","modified_gmt":"2026-04-18T10:53:20","slug":"monastic-vows-in-the-romanian-orthodox-church-between-canon-law-and-civil-law","status":"publish","type":"product","link":"https:\/\/edituracrimca.ro\/en\/shop\/monastic-vows-in-the-romanian-orthodox-church-between-canon-law-and-civil-law\/","title":{"rendered":"Monastic vows in the Romanian Orthodox Church between Canon Law and Civil Law"},"content":{"rendered":"<p>Monastic vows in the Romanian Orthodox Church between Canon Law and Civil Law<br \/>\nProtosinghel Iustin TABAN<br \/>\nCartea p\u0103rintelui protosinghel Iustin Taban reprezint\u0103 prima teza de doctorat \u00een Drept Canonic sus\u021binut\u0103 la Universitatea Babe\u0219-Bolyai Cluj Napoca. Lucrarea a fost prezentat\u0103 \u00eentr-un cadru academic de excep\u021bie, av\u00e2ndu-i ca referen\u021bi pe Pr. Conf. Dr. Patriciu Vlaicu, Pr. Prof. Dr.  George Grigori\u021b\u0103, Pr. Conf. Dr. Emilian Iustinian Roman \u0219i Conf. univ. dr. Liviu Marius Harosa. Cartea reprezint\u0103 o analiz\u0103 profund\u0103 a institu\u021biei monahismului \u00een Biserica Ortodox\u0103 Rom\u00e2n\u0103 \u0219i a statutului monahilor \u00een Biseric\u0103 \u0219i \u00een societate, prin prisma interac\u021biunii dintre Dreptul Canonic \u0219i Dreptul Civil.<br \/>\nLucrarea de 560 de pagini beneficiaz\u0103 de o Bibliografie bogat\u0103, Anexe cu legisla\u021bie bisericeasc\u0103 \u0219i civil\u0103, spe\u021be \u0219i jurispruden\u021b\u0103 privind dreptul cultelor \u0219i un Indice de institu\u021bii canonice \u0219i juridice. Astfel, ea reprezint\u0103 un compendiu interdisciplinar de mare utilitate pentru to\u021bi cei care doresc s\u0103 aprofundeze dreptul cultelor, libertatea religioas\u0103 \u0219i rela\u021bia Biseric\u0103-Stat: teologi, canoni\u0219ti, avoca\u021bi, consilieri juridici, judec\u0103tori, consilieri biserice\u0219ti \u0219i func\u021bionari ai administra\u021biei publice deopotriv\u0103.<\/p>","protected":false},"excerpt":{"rendered":"<p><strong>Author:<\/strong> Fr. Iustin Taban<\/p>\n<p><strong>Format:<\/strong> 160 X 240<\/p>\n<p><strong>Number of pages:<\/strong> 560<\/p>\n<p><strong>Year of publication:<\/strong> 2025<\/p>\n<p><strong>Cover type:<\/strong> Paperback<\/p>\n<p><strong>ISBN:<\/strong> 978-606-734-244-4<\/p>","protected":false},"featured_media":3786,"comment_status":"closed","ping_status":"open","template":"","meta":{"_acf_changed":false},"product_brand":[],"product_cat":[40],"product_tag":[],"class_list":{"0":"post-3115","1":"product","2":"type-product","3":"status-publish","4":"has-post-thumbnail","6":"product_cat-carti","8":"first","9":"instock","10":"purchasable","11":"product-type-simple"},"acf":[],"yoast_head":"<!-- This site is optimized with the Yoast SEO Premium plugin v27.4 (Yoast SEO v27.4) - https:\/\/yoast.com\/product\/yoast-seo-premium-wordpress\/ -->\n<title>Voturile monahale \u00een Biserica Ortodox\u0103 Rom\u00e2n\u0103 \u00eentre Dreptul Canonic \u0219i Dreptul Civil - Editura CRIMCA<\/title>\n<meta name=\"robots\" content=\"index, follow, max-snippet:-1, max-image-preview:large, max-video-preview:-1\" \/>\n<link rel=\"canonical\" href=\"https:\/\/edituracrimca.ro\/en\/shop\/monastic-vows-in-the-romanian-orthodox-church-between-canon-law-and-civil-law\/\" \/>\n<meta property=\"og:locale\" content=\"en_US\" \/>\n<meta property=\"og:type\" content=\"article\" \/>\n<meta property=\"og:title\" content=\"Voturile monahale \u00een Biserica Ortodox\u0103 Rom\u00e2n\u0103 \u00eentre Dreptul Canonic \u0219i Dreptul Civil\" \/>\n<meta property=\"og:description\" content=\"Autor: Protosinghel Iustin TabanFormat: 160 X 240Num\u0103r pagini: 560Anul public\u0103rii: 2025Tip copert\u0103: Cartonat\u0103ISBN: 978-606-734-244-4\" \/>\n<meta property=\"og:url\" content=\"https:\/\/edituracrimca.ro\/en\/shop\/monastic-vows-in-the-romanian-orthodox-church-between-canon-law-and-civil-law\/\" \/>\n<meta property=\"og:site_name\" content=\"Editura CRIMCA\" \/>\n<meta property=\"article:publisher\" content=\"https:\/\/web.facebook.com\/EdCrimca\" \/>\n<meta property=\"article:modified_time\" content=\"2026-04-18T10:53:20+00:00\" \/>\n<meta property=\"og:image\" content=\"https:\/\/edituracrimca.ro\/wp-content\/uploads\/2026\/04\/voturile-monahale-in-biserica-ortodoxa-romana-intre-dreptul-canonic-si-dreptul-civil_front-v2-scaled.png\" \/>\n\t<meta property=\"og:image:width\" content=\"1724\" \/>\n\t<meta property=\"og:image:height\" content=\"2560\" \/>\n\t<meta property=\"og:image:type\" content=\"image\/png\" \/>\n<meta name=\"twitter:card\" content=\"summary_large_image\" \/>\n<meta name=\"twitter:label1\" content=\"Est. reading time\" \/>\n\t<meta name=\"twitter:data1\" content=\"1 minute\" \/>\n<script type=\"application\/ld+json\" class=\"yoast-schema-graph\">{\"@context\":\"https:\\\/\\\/schema.org\",\"@graph\":[{\"@type\":\"WebPage\",\"@id\":\"https:\\\/\\\/edituracrimca.ro\\\/magazin\\\/voturile-monahale-in-biserica-ortodoxa-romana-intre-dreptul-canonic-si-dreptul-civil\\\/\",\"url\":\"https:\\\/\\\/edituracrimca.ro\\\/magazin\\\/voturile-monahale-in-biserica-ortodoxa-romana-intre-dreptul-canonic-si-dreptul-civil\\\/\",\"name\":\"Voturile monahale \u00een Biserica Ortodox\u0103 Rom\u00e2n\u0103 \u00eentre Dreptul Canonic \u0219i Dreptul Civil - Editura CRIMCA\",\"isPartOf\":{\"@id\":\"https:\\\/\\\/edituracrimca.ro\\\/#website\"},\"primaryImageOfPage\":{\"@id\":\"https:\\\/\\\/edituracrimca.ro\\\/magazin\\\/voturile-monahale-in-biserica-ortodoxa-romana-intre-dreptul-canonic-si-dreptul-civil\\\/#primaryimage\"},\"image\":{\"@id\":\"https:\\\/\\\/edituracrimca.ro\\\/magazin\\\/voturile-monahale-in-biserica-ortodoxa-romana-intre-dreptul-canonic-si-dreptul-civil\\\/#primaryimage\"},\"thumbnailUrl\":\"https:\\\/\\\/edituracrimca.ro\\\/wp-content\\\/uploads\\\/2026\\\/04\\\/voturile-monahale-in-biserica-ortodoxa-romana-intre-dreptul-canonic-si-dreptul-civil_front-v2-scaled.png\",\"datePublished\":\"2026-04-02T18:44:27+00:00\",\"dateModified\":\"2026-04-18T10:53:20+00:00\",\"breadcrumb\":{\"@id\":\"https:\\\/\\\/edituracrimca.ro\\\/magazin\\\/voturile-monahale-in-biserica-ortodoxa-romana-intre-dreptul-canonic-si-dreptul-civil\\\/#breadcrumb\"},\"inLanguage\":\"en-US\",\"potentialAction\":[{\"@type\":\"ReadAction\",\"target\":[\"https:\\\/\\\/edituracrimca.ro\\\/magazin\\\/voturile-monahale-in-biserica-ortodoxa-romana-intre-dreptul-canonic-si-dreptul-civil\\\/\"]}]},{\"@type\":\"ImageObject\",\"inLanguage\":\"en-US\",\"@id\":\"https:\\\/\\\/edituracrimca.ro\\\/magazin\\\/voturile-monahale-in-biserica-ortodoxa-romana-intre-dreptul-canonic-si-dreptul-civil\\\/#primaryimage\",\"url\":\"https:\\\/\\\/edituracrimca.ro\\\/wp-content\\\/uploads\\\/2026\\\/04\\\/voturile-monahale-in-biserica-ortodoxa-romana-intre-dreptul-canonic-si-dreptul-civil_front-v2-scaled.png\",\"contentUrl\":\"https:\\\/\\\/edituracrimca.ro\\\/wp-content\\\/uploads\\\/2026\\\/04\\\/voturile-monahale-in-biserica-ortodoxa-romana-intre-dreptul-canonic-si-dreptul-civil_front-v2-scaled.png\",\"width\":1724,\"height\":2560},{\"@type\":\"BreadcrumbList\",\"@id\":\"https:\\\/\\\/edituracrimca.ro\\\/magazin\\\/voturile-monahale-in-biserica-ortodoxa-romana-intre-dreptul-canonic-si-dreptul-civil\\\/#breadcrumb\",\"itemListElement\":[{\"@type\":\"ListItem\",\"position\":1,\"name\":\"Prima pagin\u0103\",\"item\":\"https:\\\/\\\/edituracrimca.ro\\\/\"},{\"@type\":\"ListItem\",\"position\":2,\"name\":\"Magazin\",\"item\":\"https:\\\/\\\/edituracrimca.ro\\\/magazin\\\/\"},{\"@type\":\"ListItem\",\"position\":3,\"name\":\"Voturile monahale \u00een Biserica Ortodox\u0103 Rom\u00e2n\u0103 \u00eentre Dreptul Canonic \u0219i Dreptul Civil\"}]},{\"@type\":\"WebSite\",\"@id\":\"https:\\\/\\\/edituracrimca.ro\\\/#website\",\"url\":\"https:\\\/\\\/edituracrimca.ro\\\/\",\"name\":\"Editura CRIMCA\",\"description\":\"Cuv\u00e2ntul care Zide\u0219te\",\"publisher\":{\"@id\":\"https:\\\/\\\/edituracrimca.ro\\\/#organization\"},\"potentialAction\":[{\"@type\":\"SearchAction\",\"target\":{\"@type\":\"EntryPoint\",\"urlTemplate\":\"https:\\\/\\\/edituracrimca.ro\\\/?s={search_term_string}\"},\"query-input\":{\"@type\":\"PropertyValueSpecification\",\"valueRequired\":true,\"valueName\":\"search_term_string\"}}],\"inLanguage\":\"en-US\"},{\"@type\":\"Organization\",\"@id\":\"https:\\\/\\\/edituracrimca.ro\\\/#organization\",\"name\":\"Editura CRIMCA\",\"url\":\"https:\\\/\\\/edituracrimca.ro\\\/\",\"logo\":{\"@type\":\"ImageObject\",\"inLanguage\":\"en-US\",\"@id\":\"https:\\\/\\\/edituracrimca.ro\\\/#\\\/schema\\\/logo\\\/image\\\/\",\"url\":\"https:\\\/\\\/edituracrimca.ro\\\/wp-content\\\/uploads\\\/2026\\\/04\\\/editura-crimca.svg\",\"contentUrl\":\"https:\\\/\\\/edituracrimca.ro\\\/wp-content\\\/uploads\\\/2026\\\/04\\\/editura-crimca.svg\",\"width\":601,\"height\":206,\"caption\":\"Editura CRIMCA\"},\"image\":{\"@id\":\"https:\\\/\\\/edituracrimca.ro\\\/#\\\/schema\\\/logo\\\/image\\\/\"},\"sameAs\":[\"https:\\\/\\\/web.facebook.com\\\/EdCrimca\",\"https:\\\/\\\/www.instagram.com\\\/jurnalculturalcrimca\\\/\"]}]}<\/script>\n<!-- \/ Yoast SEO Premium plugin. -->","yoast_head_json":{"title":"Monastic vows in the Romanian Orthodox Church between Canon Law and Civil Law - CRIMCA Publishing House","robots":{"index":"index","follow":"follow","max-snippet":"max-snippet:-1","max-image-preview":"max-image-preview:large","max-video-preview":"max-video-preview:-1"},"canonical":"https:\/\/edituracrimca.ro\/en\/shop\/monastic-vows-in-the-romanian-orthodox-church-between-canon-law-and-civil-law\/","og_locale":"en_US","og_type":"article","og_title":"Voturile monahale \u00een Biserica Ortodox\u0103 Rom\u00e2n\u0103 \u00eentre Dreptul Canonic \u0219i Dreptul Civil","og_description":"Autor: Protosinghel Iustin TabanFormat: 160 X 240Num\u0103r pagini: 560Anul public\u0103rii: 2025Tip copert\u0103: Cartonat\u0103ISBN: 978-606-734-244-4","og_url":"https:\/\/edituracrimca.ro\/en\/shop\/monastic-vows-in-the-romanian-orthodox-church-between-canon-law-and-civil-law\/","og_site_name":"Editura CRIMCA","article_publisher":"https:\/\/web.facebook.com\/EdCrimca","article_modified_time":"2026-04-18T10:53:20+00:00","og_image":[{"width":1724,"height":2560,"url":"https:\/\/edituracrimca.ro\/wp-content\/uploads\/2026\/04\/voturile-monahale-in-biserica-ortodoxa-romana-intre-dreptul-canonic-si-dreptul-civil_front-v2-scaled.png","type":"image\/png"}],"twitter_card":"summary_large_image","twitter_misc":{"Est. reading time":"1 minute"},"schema":{"@context":"https:\/\/schema.org","@graph":[{"@type":"WebPage","@id":"https:\/\/edituracrimca.ro\/magazin\/voturile-monahale-in-biserica-ortodoxa-romana-intre-dreptul-canonic-si-dreptul-civil\/","url":"https:\/\/edituracrimca.ro\/magazin\/voturile-monahale-in-biserica-ortodoxa-romana-intre-dreptul-canonic-si-dreptul-civil\/","name":"Monastic vows in the Romanian Orthodox Church between Canon Law and Civil Law - CRIMCA Publishing House","isPartOf":{"@id":"https:\/\/edituracrimca.ro\/#website"},"primaryImageOfPage":{"@id":"https:\/\/edituracrimca.ro\/magazin\/voturile-monahale-in-biserica-ortodoxa-romana-intre-dreptul-canonic-si-dreptul-civil\/#primaryimage"},"image":{"@id":"https:\/\/edituracrimca.ro\/magazin\/voturile-monahale-in-biserica-ortodoxa-romana-intre-dreptul-canonic-si-dreptul-civil\/#primaryimage"},"thumbnailUrl":"https:\/\/edituracrimca.ro\/wp-content\/uploads\/2026\/04\/voturile-monahale-in-biserica-ortodoxa-romana-intre-dreptul-canonic-si-dreptul-civil_front-v2-scaled.png","datePublished":"2026-04-02T18:44:27+00:00","dateModified":"2026-04-18T10:53:20+00:00","breadcrumb":{"@id":"https:\/\/edituracrimca.ro\/magazin\/voturile-monahale-in-biserica-ortodoxa-romana-intre-dreptul-canonic-si-dreptul-civil\/#breadcrumb"},"inLanguage":"en-US","potentialAction":[{"@type":"ReadAction","target":["https:\/\/edituracrimca.ro\/magazin\/voturile-monahale-in-biserica-ortodoxa-romana-intre-dreptul-canonic-si-dreptul-civil\/"]}]},{"@type":"ImageObject","inLanguage":"en-US","@id":"https:\/\/edituracrimca.ro\/magazin\/voturile-monahale-in-biserica-ortodoxa-romana-intre-dreptul-canonic-si-dreptul-civil\/#primaryimage","url":"https:\/\/edituracrimca.ro\/wp-content\/uploads\/2026\/04\/voturile-monahale-in-biserica-ortodoxa-romana-intre-dreptul-canonic-si-dreptul-civil_front-v2-scaled.png","contentUrl":"https:\/\/edituracrimca.ro\/wp-content\/uploads\/2026\/04\/voturile-monahale-in-biserica-ortodoxa-romana-intre-dreptul-canonic-si-dreptul-civil_front-v2-scaled.png","width":1724,"height":2560},{"@type":"BreadcrumbList","@id":"https:\/\/edituracrimca.ro\/magazin\/voturile-monahale-in-biserica-ortodoxa-romana-intre-dreptul-canonic-si-dreptul-civil\/#breadcrumb","itemListElement":[{"@type":"ListItem","position":1,"name":"Prima pagin\u0103","item":"https:\/\/edituracrimca.ro\/"},{"@type":"ListItem","position":2,"name":"Magazin","item":"https:\/\/edituracrimca.ro\/magazin\/"},{"@type":"ListItem","position":3,"name":"Voturile monahale \u00een Biserica Ortodox\u0103 Rom\u00e2n\u0103 \u00eentre Dreptul Canonic \u0219i Dreptul Civil"}]},{"@type":"WebSite","@id":"https:\/\/edituracrimca.ro\/#website","url":"https:\/\/edituracrimca.ro\/","name":"CRIMCA Publishing House","description":"The Word that Builds","publisher":{"@id":"https:\/\/edituracrimca.ro\/#organization"},"potentialAction":[{"@type":"SearchAction","target":{"@type":"EntryPoint","urlTemplate":"https:\/\/edituracrimca.ro\/?s={search_term_string}"},"query-input":{"@type":"PropertyValueSpecification","valueRequired":true,"valueName":"search_term_string"}}],"inLanguage":"en-US"},{"@type":"Organization","@id":"https:\/\/edituracrimca.ro\/#organization","name":"CRIMCA Publishing House","url":"https:\/\/edituracrimca.ro\/","logo":{"@type":"ImageObject","inLanguage":"en-US","@id":"https:\/\/edituracrimca.ro\/#\/schema\/logo\/image\/","url":"https:\/\/edituracrimca.ro\/wp-content\/uploads\/2026\/04\/editura-crimca.svg","contentUrl":"https:\/\/edituracrimca.ro\/wp-content\/uploads\/2026\/04\/editura-crimca.svg","width":601,"height":206,"caption":"Editura CRIMCA"},"image":{"@id":"https:\/\/edituracrimca.ro\/#\/schema\/logo\/image\/"},"sameAs":["https:\/\/web.facebook.com\/EdCrimca","https:\/\/www.instagram.com\/jurnalculturalcrimca\/"]}]}},"_links":{"self":[{"href":"https:\/\/edituracrimca.ro\/en\/wp-json\/wp\/v2\/product\/3115","targetHints":{"allow":["GET"]}}],"collection":[{"href":"https:\/\/edituracrimca.ro\/en\/wp-json\/wp\/v2\/product"}],"about":[{"href":"https:\/\/edituracrimca.ro\/en\/wp-json\/wp\/v2\/types\/product"}],"replies":[{"embeddable":true,"href":"https:\/\/edituracrimca.ro\/en\/wp-json\/wp\/v2\/comments?post=3115"}],"version-history":[{"count":1,"href":"https:\/\/edituracrimca.ro\/en\/wp-json\/wp\/v2\/product\/3115\/revisions"}],"predecessor-version":[{"id":3116,"href":"https:\/\/edituracrimca.ro\/en\/wp-json\/wp\/v2\/product\/3115\/revisions\/3116"}],"wp:featuredmedia":[{"embeddable":true,"href":"https:\/\/edituracrimca.ro\/en\/wp-json\/wp\/v2\/media\/3786"}],"wp:attachment":[{"href":"https:\/\/edituracrimca.ro\/en\/wp-json\/wp\/v2\/media?parent=3115"}],"wp:term":[{"taxonomy":"product_brand","embeddable":true,"href":"https:\/\/edituracrimca.ro\/en\/wp-json\/wp\/v2\/product_brand?post=3115"},{"taxonomy":"product_cat","embeddable":true,"href":"https:\/\/edituracrimca.ro\/en\/wp-json\/wp\/v2\/product_cat?post=3115"},{"taxonomy":"product_tag","embeddable":true,"href":"https:\/\/edituracrimca.ro\/en\/wp-json\/wp\/v2\/product_tag?post=3115"}],"curies":[{"name":"wp","href":"https:\/\/api.w.org\/{rel}","templated":true}]}}