{"id":3097,"date":"2026-04-02T20:44:27","date_gmt":"2026-04-02T18:44:27","guid":{"rendered":"https:\/\/edituracrimca.ro\/magazin\/hapsanca-povestea-unei-mame-in-fata-cu-propriile-neputinte\/"},"modified":"2026-04-18T12:51:07","modified_gmt":"2026-04-18T10:51:07","slug":"hapsanca-povestea-unei-mame-in-fata-cu-propriile-neputinte","status":"publish","type":"product","link":"https:\/\/edituracrimca.ro\/en\/shop\/hapsanca-povestea-unei-mame-in-fata-cu-propriile-neputinte\/","title":{"rendered":"Haps\u00e2nca. Povestea unei mame \u00een fa\u021b\u0103 cu propriile neputin\u021be"},"content":{"rendered":"<p>Haps\u00e2nca.Povestea unei mame \u00een fa\u021b\u0103 cu propriile neputin\u021be<br \/>\nC\u0103t\u0103lina Gheorghian<br \/>\nIlustra\u021bii de: Cristina-Diana Enache<br \/>\n\u201eHaps\u00e2nca pare un personaj fantastic, grotesc, exagerat \u015fi totu\u0219i ea este c\u1ea5t se poate de real\u0103.<br \/>\nUria\u015f\u0103 \u00een propor\u021bi, cu o poft\u0103 nem\u00e5surat\u0103 de m\u00e2ncare, devoreaz\u0103 tot ce ti iese \u00een cale si nu tine cont nici de str\u0103ini, nici de proprii ei copil!<br \/>\n\u00cens\u0103 Haps\u00e2nca nu are doar un trup pe care \u00eel alimenteaz\u0103 in exces cu tot ce-i pic\u0103 \u00een gur\u0103 &#8211; ad\u00e2nc, pitit printre straturile de gr\u0103sime, pulseaz\u0103 obosit \u0219i sufletul ei.<br \/>\nOare va reu\u0219i Haps\u00e2nca s\u0103 \u0219i-l descopere? Va g\u0103si leac pentru l\u0103comia ei? Va reu\u0219i s\u0103 vad\u0103 si dincolo de m\u00e2ncare? Si cel mai important: \u00ce\u015fi va g\u0103si lini\u015ftea \u0219i  bucuria, f\u0103r\u0103 de care via\u021ba poate deveni o corvoad\u0103, aici, Pe p\u0103m\u00e2nt?<br \/>\nS-o rug\u0103m, deci, s\u0103 ne ia \u0219i pe noi al\u0103turi de ea, pe aripile p\u0103s\u0103rii ei misterioase, aidoma unui \u00eenger p\u0103zitor, \u0219i s\u0103 pornim \u00eentr-o c\u0103l\u0103torie de leac pentru l\u0103comie!\u201d.<br \/>\nC\u0103t\u0103lina GHEORGHIAN<\/p>","protected":false},"excerpt":{"rendered":"<p><strong>Author:<\/strong> C\u0103t\u0103lina Gheorghian<\/p>\n<p><strong>Format:<\/strong> 250&#215;215<\/p>\n<p><strong>Number of pages:<\/strong> 40<\/p>\n<p><strong>Year of publication:<\/strong> 2025<\/p>\n<p><strong>Cover type:<\/strong> Paperback<\/p>\n<p><strong>ISBN:<\/strong> 978-606-724-262-1<\/p>","protected":false},"featured_media":3777,"comment_status":"closed","ping_status":"closed","template":"","meta":{"_acf_changed":false},"product_brand":[],"product_cat":[30],"product_tag":[],"class_list":{"0":"post-3097","1":"product","2":"type-product","3":"status-publish","4":"has-post-thumbnail","6":"product_cat-crimca-junior","8":"first","9":"instock","10":"purchasable","11":"product-type-simple"},"acf":[],"yoast_head":"<!-- This site is optimized with the Yoast SEO Premium plugin v27.4 (Yoast SEO v27.4) - https:\/\/yoast.com\/product\/yoast-seo-premium-wordpress\/ -->\n<title>Haps\u00e2nca. Povestea unei mame \u00een fa\u021b\u0103 cu propriile neputin\u021be - Editura CRIMCA<\/title>\n<meta name=\"robots\" content=\"index, follow, max-snippet:-1, max-image-preview:large, max-video-preview:-1\" \/>\n<link rel=\"canonical\" href=\"https:\/\/edituracrimca.ro\/en\/shop\/hapsanca-povestea-unei-mame-in-fata-cu-propriile-neputinte\/\" \/>\n<meta property=\"og:locale\" content=\"en_US\" \/>\n<meta property=\"og:type\" content=\"article\" \/>\n<meta property=\"og:title\" content=\"Haps\u00e2nca. Povestea unei mame \u00een fa\u021b\u0103 cu propriile neputin\u021be\" \/>\n<meta property=\"og:description\" content=\"Autor: C\u0103t\u0103lina GheorghianFormat: 250x215Num\u0103r pagini: 40Anul public\u0103rii: 2025Tip copert\u0103: Cartonat\u0103ISBN: 978-606-724-262-1\" \/>\n<meta property=\"og:url\" content=\"https:\/\/edituracrimca.ro\/en\/shop\/hapsanca-povestea-unei-mame-in-fata-cu-propriile-neputinte\/\" \/>\n<meta property=\"og:site_name\" content=\"Editura CRIMCA\" \/>\n<meta property=\"article:publisher\" content=\"https:\/\/web.facebook.com\/EdCrimca\" \/>\n<meta property=\"article:modified_time\" content=\"2026-04-18T10:51:07+00:00\" \/>\n<meta property=\"og:image\" content=\"https:\/\/edituracrimca.ro\/wp-content\/uploads\/2026\/04\/hapsanca-povestea-unei-mame-in-fata-cu-propriile-neputinte_front-v2-883x1024.png\" \/>\n\t<meta property=\"og:image:width\" content=\"883\" \/>\n\t<meta property=\"og:image:height\" content=\"1024\" \/>\n\t<meta property=\"og:image:type\" content=\"image\/png\" \/>\n<meta name=\"twitter:card\" content=\"summary_large_image\" \/>\n<meta name=\"twitter:label1\" content=\"Est. reading time\" \/>\n\t<meta name=\"twitter:data1\" content=\"1 minute\" \/>\n<script type=\"application\/ld+json\" class=\"yoast-schema-graph\">{\"@context\":\"https:\\\/\\\/schema.org\",\"@graph\":[{\"@type\":\"WebPage\",\"@id\":\"https:\\\/\\\/edituracrimca.ro\\\/magazin\\\/hapsanca-povestea-unei-mame-in-fata-cu-propriile-neputinte\\\/\",\"url\":\"https:\\\/\\\/edituracrimca.ro\\\/magazin\\\/hapsanca-povestea-unei-mame-in-fata-cu-propriile-neputinte\\\/\",\"name\":\"Haps\u00e2nca. Povestea unei mame \u00een fa\u021b\u0103 cu propriile neputin\u021be - Editura CRIMCA\",\"isPartOf\":{\"@id\":\"https:\\\/\\\/edituracrimca.ro\\\/#website\"},\"primaryImageOfPage\":{\"@id\":\"https:\\\/\\\/edituracrimca.ro\\\/magazin\\\/hapsanca-povestea-unei-mame-in-fata-cu-propriile-neputinte\\\/#primaryimage\"},\"image\":{\"@id\":\"https:\\\/\\\/edituracrimca.ro\\\/magazin\\\/hapsanca-povestea-unei-mame-in-fata-cu-propriile-neputinte\\\/#primaryimage\"},\"thumbnailUrl\":\"https:\\\/\\\/edituracrimca.ro\\\/wp-content\\\/uploads\\\/2026\\\/04\\\/hapsanca-povestea-unei-mame-in-fata-cu-propriile-neputinte_front-v2-scaled.png\",\"datePublished\":\"2026-04-02T18:44:27+00:00\",\"dateModified\":\"2026-04-18T10:51:07+00:00\",\"breadcrumb\":{\"@id\":\"https:\\\/\\\/edituracrimca.ro\\\/magazin\\\/hapsanca-povestea-unei-mame-in-fata-cu-propriile-neputinte\\\/#breadcrumb\"},\"inLanguage\":\"en-US\",\"potentialAction\":[{\"@type\":\"ReadAction\",\"target\":[\"https:\\\/\\\/edituracrimca.ro\\\/magazin\\\/hapsanca-povestea-unei-mame-in-fata-cu-propriile-neputinte\\\/\"]}]},{\"@type\":\"ImageObject\",\"inLanguage\":\"en-US\",\"@id\":\"https:\\\/\\\/edituracrimca.ro\\\/magazin\\\/hapsanca-povestea-unei-mame-in-fata-cu-propriile-neputinte\\\/#primaryimage\",\"url\":\"https:\\\/\\\/edituracrimca.ro\\\/wp-content\\\/uploads\\\/2026\\\/04\\\/hapsanca-povestea-unei-mame-in-fata-cu-propriile-neputinte_front-v2-scaled.png\",\"contentUrl\":\"https:\\\/\\\/edituracrimca.ro\\\/wp-content\\\/uploads\\\/2026\\\/04\\\/hapsanca-povestea-unei-mame-in-fata-cu-propriile-neputinte_front-v2-scaled.png\",\"width\":2208,\"height\":2560},{\"@type\":\"BreadcrumbList\",\"@id\":\"https:\\\/\\\/edituracrimca.ro\\\/magazin\\\/hapsanca-povestea-unei-mame-in-fata-cu-propriile-neputinte\\\/#breadcrumb\",\"itemListElement\":[{\"@type\":\"ListItem\",\"position\":1,\"name\":\"Prima pagin\u0103\",\"item\":\"https:\\\/\\\/edituracrimca.ro\\\/\"},{\"@type\":\"ListItem\",\"position\":2,\"name\":\"Magazin\",\"item\":\"https:\\\/\\\/edituracrimca.ro\\\/magazin\\\/\"},{\"@type\":\"ListItem\",\"position\":3,\"name\":\"Haps\u00e2nca. Povestea unei mame \u00een fa\u021b\u0103 cu propriile neputin\u021be\"}]},{\"@type\":\"WebSite\",\"@id\":\"https:\\\/\\\/edituracrimca.ro\\\/#website\",\"url\":\"https:\\\/\\\/edituracrimca.ro\\\/\",\"name\":\"Editura CRIMCA\",\"description\":\"Cuv\u00e2ntul care Zide\u0219te\",\"publisher\":{\"@id\":\"https:\\\/\\\/edituracrimca.ro\\\/#organization\"},\"potentialAction\":[{\"@type\":\"SearchAction\",\"target\":{\"@type\":\"EntryPoint\",\"urlTemplate\":\"https:\\\/\\\/edituracrimca.ro\\\/?s={search_term_string}\"},\"query-input\":{\"@type\":\"PropertyValueSpecification\",\"valueRequired\":true,\"valueName\":\"search_term_string\"}}],\"inLanguage\":\"en-US\"},{\"@type\":\"Organization\",\"@id\":\"https:\\\/\\\/edituracrimca.ro\\\/#organization\",\"name\":\"Editura CRIMCA\",\"url\":\"https:\\\/\\\/edituracrimca.ro\\\/\",\"logo\":{\"@type\":\"ImageObject\",\"inLanguage\":\"en-US\",\"@id\":\"https:\\\/\\\/edituracrimca.ro\\\/#\\\/schema\\\/logo\\\/image\\\/\",\"url\":\"https:\\\/\\\/edituracrimca.ro\\\/wp-content\\\/uploads\\\/2026\\\/04\\\/editura-crimca.svg\",\"contentUrl\":\"https:\\\/\\\/edituracrimca.ro\\\/wp-content\\\/uploads\\\/2026\\\/04\\\/editura-crimca.svg\",\"width\":601,\"height\":206,\"caption\":\"Editura CRIMCA\"},\"image\":{\"@id\":\"https:\\\/\\\/edituracrimca.ro\\\/#\\\/schema\\\/logo\\\/image\\\/\"},\"sameAs\":[\"https:\\\/\\\/web.facebook.com\\\/EdCrimca\",\"https:\\\/\\\/www.instagram.com\\\/jurnalculturalcrimca\\\/\"]}]}<\/script>\n<!-- \/ Yoast SEO Premium plugin. -->","yoast_head_json":{"title":"Haps\u00e2nca. Povestea unei mame \u00een fa\u021b\u0103 cu propriile neputin\u021be - Editura CRIMCA","robots":{"index":"index","follow":"follow","max-snippet":"max-snippet:-1","max-image-preview":"max-image-preview:large","max-video-preview":"max-video-preview:-1"},"canonical":"https:\/\/edituracrimca.ro\/en\/shop\/hapsanca-povestea-unei-mame-in-fata-cu-propriile-neputinte\/","og_locale":"en_US","og_type":"article","og_title":"Haps\u00e2nca. Povestea unei mame \u00een fa\u021b\u0103 cu propriile neputin\u021be","og_description":"Autor: C\u0103t\u0103lina GheorghianFormat: 250x215Num\u0103r pagini: 40Anul public\u0103rii: 2025Tip copert\u0103: Cartonat\u0103ISBN: 978-606-724-262-1","og_url":"https:\/\/edituracrimca.ro\/en\/shop\/hapsanca-povestea-unei-mame-in-fata-cu-propriile-neputinte\/","og_site_name":"Editura CRIMCA","article_publisher":"https:\/\/web.facebook.com\/EdCrimca","article_modified_time":"2026-04-18T10:51:07+00:00","og_image":[{"width":883,"height":1024,"url":"https:\/\/edituracrimca.ro\/wp-content\/uploads\/2026\/04\/hapsanca-povestea-unei-mame-in-fata-cu-propriile-neputinte_front-v2-883x1024.png","type":"image\/png"}],"twitter_card":"summary_large_image","twitter_misc":{"Est. reading time":"1 minute"},"schema":{"@context":"https:\/\/schema.org","@graph":[{"@type":"WebPage","@id":"https:\/\/edituracrimca.ro\/magazin\/hapsanca-povestea-unei-mame-in-fata-cu-propriile-neputinte\/","url":"https:\/\/edituracrimca.ro\/magazin\/hapsanca-povestea-unei-mame-in-fata-cu-propriile-neputinte\/","name":"Haps\u00e2nca. Povestea unei mame \u00een fa\u021b\u0103 cu propriile neputin\u021be - Editura CRIMCA","isPartOf":{"@id":"https:\/\/edituracrimca.ro\/#website"},"primaryImageOfPage":{"@id":"https:\/\/edituracrimca.ro\/magazin\/hapsanca-povestea-unei-mame-in-fata-cu-propriile-neputinte\/#primaryimage"},"image":{"@id":"https:\/\/edituracrimca.ro\/magazin\/hapsanca-povestea-unei-mame-in-fata-cu-propriile-neputinte\/#primaryimage"},"thumbnailUrl":"https:\/\/edituracrimca.ro\/wp-content\/uploads\/2026\/04\/hapsanca-povestea-unei-mame-in-fata-cu-propriile-neputinte_front-v2-scaled.png","datePublished":"2026-04-02T18:44:27+00:00","dateModified":"2026-04-18T10:51:07+00:00","breadcrumb":{"@id":"https:\/\/edituracrimca.ro\/magazin\/hapsanca-povestea-unei-mame-in-fata-cu-propriile-neputinte\/#breadcrumb"},"inLanguage":"en-US","potentialAction":[{"@type":"ReadAction","target":["https:\/\/edituracrimca.ro\/magazin\/hapsanca-povestea-unei-mame-in-fata-cu-propriile-neputinte\/"]}]},{"@type":"ImageObject","inLanguage":"en-US","@id":"https:\/\/edituracrimca.ro\/magazin\/hapsanca-povestea-unei-mame-in-fata-cu-propriile-neputinte\/#primaryimage","url":"https:\/\/edituracrimca.ro\/wp-content\/uploads\/2026\/04\/hapsanca-povestea-unei-mame-in-fata-cu-propriile-neputinte_front-v2-scaled.png","contentUrl":"https:\/\/edituracrimca.ro\/wp-content\/uploads\/2026\/04\/hapsanca-povestea-unei-mame-in-fata-cu-propriile-neputinte_front-v2-scaled.png","width":2208,"height":2560},{"@type":"BreadcrumbList","@id":"https:\/\/edituracrimca.ro\/magazin\/hapsanca-povestea-unei-mame-in-fata-cu-propriile-neputinte\/#breadcrumb","itemListElement":[{"@type":"ListItem","position":1,"name":"Prima pagin\u0103","item":"https:\/\/edituracrimca.ro\/"},{"@type":"ListItem","position":2,"name":"Magazin","item":"https:\/\/edituracrimca.ro\/magazin\/"},{"@type":"ListItem","position":3,"name":"Haps\u00e2nca. Povestea unei mame \u00een fa\u021b\u0103 cu propriile neputin\u021be"}]},{"@type":"WebSite","@id":"https:\/\/edituracrimca.ro\/#website","url":"https:\/\/edituracrimca.ro\/","name":"CRIMCA Publishing House","description":"The Word that Builds","publisher":{"@id":"https:\/\/edituracrimca.ro\/#organization"},"potentialAction":[{"@type":"SearchAction","target":{"@type":"EntryPoint","urlTemplate":"https:\/\/edituracrimca.ro\/?s={search_term_string}"},"query-input":{"@type":"PropertyValueSpecification","valueRequired":true,"valueName":"search_term_string"}}],"inLanguage":"en-US"},{"@type":"Organization","@id":"https:\/\/edituracrimca.ro\/#organization","name":"CRIMCA Publishing House","url":"https:\/\/edituracrimca.ro\/","logo":{"@type":"ImageObject","inLanguage":"en-US","@id":"https:\/\/edituracrimca.ro\/#\/schema\/logo\/image\/","url":"https:\/\/edituracrimca.ro\/wp-content\/uploads\/2026\/04\/editura-crimca.svg","contentUrl":"https:\/\/edituracrimca.ro\/wp-content\/uploads\/2026\/04\/editura-crimca.svg","width":601,"height":206,"caption":"Editura CRIMCA"},"image":{"@id":"https:\/\/edituracrimca.ro\/#\/schema\/logo\/image\/"},"sameAs":["https:\/\/web.facebook.com\/EdCrimca","https:\/\/www.instagram.com\/jurnalculturalcrimca\/"]}]}},"_links":{"self":[{"href":"https:\/\/edituracrimca.ro\/en\/wp-json\/wp\/v2\/product\/3097","targetHints":{"allow":["GET"]}}],"collection":[{"href":"https:\/\/edituracrimca.ro\/en\/wp-json\/wp\/v2\/product"}],"about":[{"href":"https:\/\/edituracrimca.ro\/en\/wp-json\/wp\/v2\/types\/product"}],"replies":[{"embeddable":true,"href":"https:\/\/edituracrimca.ro\/en\/wp-json\/wp\/v2\/comments?post=3097"}],"version-history":[{"count":1,"href":"https:\/\/edituracrimca.ro\/en\/wp-json\/wp\/v2\/product\/3097\/revisions"}],"predecessor-version":[{"id":3098,"href":"https:\/\/edituracrimca.ro\/en\/wp-json\/wp\/v2\/product\/3097\/revisions\/3098"}],"wp:featuredmedia":[{"embeddable":true,"href":"https:\/\/edituracrimca.ro\/en\/wp-json\/wp\/v2\/media\/3777"}],"wp:attachment":[{"href":"https:\/\/edituracrimca.ro\/en\/wp-json\/wp\/v2\/media?parent=3097"}],"wp:term":[{"taxonomy":"product_brand","embeddable":true,"href":"https:\/\/edituracrimca.ro\/en\/wp-json\/wp\/v2\/product_brand?post=3097"},{"taxonomy":"product_cat","embeddable":true,"href":"https:\/\/edituracrimca.ro\/en\/wp-json\/wp\/v2\/product_cat?post=3097"},{"taxonomy":"product_tag","embeddable":true,"href":"https:\/\/edituracrimca.ro\/en\/wp-json\/wp\/v2\/product_tag?post=3097"}],"curies":[{"name":"wp","href":"https:\/\/api.w.org\/{rel}","templated":true}]}}