{"id":3092,"date":"2026-04-02T20:44:27","date_gmt":"2026-04-02T18:44:27","guid":{"rendered":"https:\/\/edituracrimca.ro\/magazin\/decalogurile-repere-morale-pentru-omul-contemporan\/"},"modified":"2026-04-18T12:50:44","modified_gmt":"2026-04-18T10:50:44","slug":"decalogurile-repere-morale-pentru-omul-contemporan","status":"publish","type":"product","link":"https:\/\/edituracrimca.ro\/en\/shop\/decalogurile-repere-morale-pentru-omul-contemporan\/","title":{"rendered":"Decalogurile. Repere morale pentru omul contemporan"},"content":{"rendered":"<p>Decalogurile. Repere morale pentru omul contemporan<br \/>\n\u00cenaltpreasfin\u021bitul Calinic, Arhiepiscop al Sucevei \u0219i R\u0103d\u0103u\u021bilor<br \/>\n\u201eRepere morale despre omul contemporan, publicate la Editura Crimca \u00een iunie 2025, reprezint\u0103 o apari\u021bie editorial\u0103 care nu poate trece nesemnalizat\u0103 \u00eentruc\u00e2t vorbim aici despre un adev\u0103rat bilan\u021b, o sum\u0103 a unor reflec\u021bii rezultate din experien\u021ba de decenii a autorului pe t\u0103r\u00e2mul studiilor teologice.<br \/>\n\u00cenaltpreasfin\u021bitul P\u0103rinte Calinic nu este doar un om Bisericii Ortodoxe, ci \u0219i unul al Cet\u0103\u021bii, av\u00e2nd o preg\u0103tire absolut impresionant\u0103, demn\u0103 de un adev\u0103rat intelectual. Din aceast\u0103 cauz\u0103 Decalogurile nu sunt doar simple remarci sau observa\u021bii ale unui kiriarh, ci ele reprezint\u0103 mai degrab\u0103 un \u00eendemn la reflec\u021bie. Dar, cred c\u0103 mai important teste s\u0103 subliniem efortul autorului de a construi aceste decaloguri, mai ales c\u0103 ele sunt grupate pe evenimente \u0219i dedicate unor anumite categorii socio-profesionale.<br \/>\nPractic, efortul autorului este unui care \u00eencearc\u0103 s\u0103 cuprind\u0103 \u00eentreaga societate, pornind de la cei tineri \u0219i ajung\u00e2nd la cei v\u00e2rstnici, trec\u00e2nd prin cele mai diverse grupuri de profesii. Nu sunt uita\u021bi mirenii, dar nici clericii, iar cele 130 de decaloguri cuprind \u0219i numeroase rug\u0103ciuni construite pe acela\u0219i tipic ca \u0219i decalogurile\u201d.<br \/>\nProf. univ. dr. Gheorghe Oni\u0219oru<\/p>","protected":false},"excerpt":{"rendered":"<p><strong>Author:<\/strong> Archbishop Calinic of Suceava and R\u0103d\u0103u\u021bi<\/p>\n<p><strong>Format:<\/strong> 210&#215;150<\/p>\n<p><strong>Number of pages:<\/strong> 279<\/p>\n<p><strong>Year of publication:<\/strong> 2025<\/p>\n<p><strong>Cover type:<\/strong> Paperback<\/p>\n<p><strong>ISBN:<\/strong> 978-606-724-269-0<\/p>","protected":false},"featured_media":3772,"comment_status":"closed","ping_status":"open","template":"","meta":{"_acf_changed":false},"product_brand":[],"product_cat":[40],"product_tag":[],"class_list":{"0":"post-3092","1":"product","2":"type-product","3":"status-publish","4":"has-post-thumbnail","6":"product_cat-carti","8":"first","9":"instock","10":"purchasable","11":"product-type-simple"},"acf":[],"yoast_head":"<!-- This site is optimized with the Yoast SEO Premium plugin v27.4 (Yoast SEO v27.4) - https:\/\/yoast.com\/product\/yoast-seo-premium-wordpress\/ -->\n<title>Decalogurile. Repere morale pentru omul contemporan - Editura CRIMCA<\/title>\n<meta name=\"robots\" content=\"index, follow, max-snippet:-1, max-image-preview:large, max-video-preview:-1\" \/>\n<link rel=\"canonical\" href=\"https:\/\/edituracrimca.ro\/en\/shop\/decalogurile-repere-morale-pentru-omul-contemporan\/\" \/>\n<meta property=\"og:locale\" content=\"en_US\" \/>\n<meta property=\"og:type\" content=\"article\" \/>\n<meta property=\"og:title\" content=\"Decalogurile. Repere morale pentru omul contemporan\" \/>\n<meta property=\"og:description\" content=\"Autor: \u00cenaltpreasfin\u021bitul P\u0103rinte Calinic, Arhiepiscop al Sucevei \u0219i R\u0103d\u0103u\u021bilorFormat: 210x150Num\u0103r pagini: 279Anul public\u0103rii: 2025Tip copert\u0103: Cartonat\u0103ISBN: 978-606-724-269-0\" \/>\n<meta property=\"og:url\" content=\"https:\/\/edituracrimca.ro\/en\/shop\/decalogurile-repere-morale-pentru-omul-contemporan\/\" \/>\n<meta property=\"og:site_name\" content=\"Editura CRIMCA\" \/>\n<meta property=\"article:publisher\" content=\"https:\/\/web.facebook.com\/EdCrimca\" \/>\n<meta property=\"article:modified_time\" content=\"2026-04-18T10:50:44+00:00\" \/>\n<meta property=\"og:image\" content=\"https:\/\/edituracrimca.ro\/wp-content\/uploads\/2026\/04\/decalogurile-repere-morale-pentru-omul-contemporan_front-v2.png\" \/>\n\t<meta property=\"og:image:width\" content=\"2540\" \/>\n\t<meta property=\"og:image:height\" content=\"1832\" \/>\n\t<meta property=\"og:image:type\" content=\"image\/png\" \/>\n<meta name=\"twitter:card\" content=\"summary_large_image\" \/>\n<meta name=\"twitter:label1\" content=\"Est. reading time\" \/>\n\t<meta name=\"twitter:data1\" content=\"1 minute\" \/>\n<script type=\"application\/ld+json\" class=\"yoast-schema-graph\">{\"@context\":\"https:\\\/\\\/schema.org\",\"@graph\":[{\"@type\":\"WebPage\",\"@id\":\"https:\\\/\\\/edituracrimca.ro\\\/magazin\\\/decalogurile-repere-morale-pentru-omul-contemporan\\\/\",\"url\":\"https:\\\/\\\/edituracrimca.ro\\\/magazin\\\/decalogurile-repere-morale-pentru-omul-contemporan\\\/\",\"name\":\"Decalogurile. Repere morale pentru omul contemporan - Editura CRIMCA\",\"isPartOf\":{\"@id\":\"https:\\\/\\\/edituracrimca.ro\\\/#website\"},\"primaryImageOfPage\":{\"@id\":\"https:\\\/\\\/edituracrimca.ro\\\/magazin\\\/decalogurile-repere-morale-pentru-omul-contemporan\\\/#primaryimage\"},\"image\":{\"@id\":\"https:\\\/\\\/edituracrimca.ro\\\/magazin\\\/decalogurile-repere-morale-pentru-omul-contemporan\\\/#primaryimage\"},\"thumbnailUrl\":\"https:\\\/\\\/edituracrimca.ro\\\/wp-content\\\/uploads\\\/2026\\\/04\\\/decalogurile-repere-morale-pentru-omul-contemporan_front-v2.png\",\"datePublished\":\"2026-04-02T18:44:27+00:00\",\"dateModified\":\"2026-04-18T10:50:44+00:00\",\"breadcrumb\":{\"@id\":\"https:\\\/\\\/edituracrimca.ro\\\/magazin\\\/decalogurile-repere-morale-pentru-omul-contemporan\\\/#breadcrumb\"},\"inLanguage\":\"en-US\",\"potentialAction\":[{\"@type\":\"ReadAction\",\"target\":[\"https:\\\/\\\/edituracrimca.ro\\\/magazin\\\/decalogurile-repere-morale-pentru-omul-contemporan\\\/\"]}]},{\"@type\":\"ImageObject\",\"inLanguage\":\"en-US\",\"@id\":\"https:\\\/\\\/edituracrimca.ro\\\/magazin\\\/decalogurile-repere-morale-pentru-omul-contemporan\\\/#primaryimage\",\"url\":\"https:\\\/\\\/edituracrimca.ro\\\/wp-content\\\/uploads\\\/2026\\\/04\\\/decalogurile-repere-morale-pentru-omul-contemporan_front-v2.png\",\"contentUrl\":\"https:\\\/\\\/edituracrimca.ro\\\/wp-content\\\/uploads\\\/2026\\\/04\\\/decalogurile-repere-morale-pentru-omul-contemporan_front-v2.png\",\"width\":2540,\"height\":1832},{\"@type\":\"BreadcrumbList\",\"@id\":\"https:\\\/\\\/edituracrimca.ro\\\/magazin\\\/decalogurile-repere-morale-pentru-omul-contemporan\\\/#breadcrumb\",\"itemListElement\":[{\"@type\":\"ListItem\",\"position\":1,\"name\":\"Prima pagin\u0103\",\"item\":\"https:\\\/\\\/edituracrimca.ro\\\/\"},{\"@type\":\"ListItem\",\"position\":2,\"name\":\"Magazin\",\"item\":\"https:\\\/\\\/edituracrimca.ro\\\/magazin\\\/\"},{\"@type\":\"ListItem\",\"position\":3,\"name\":\"Decalogurile. Repere morale pentru omul contemporan\"}]},{\"@type\":\"WebSite\",\"@id\":\"https:\\\/\\\/edituracrimca.ro\\\/#website\",\"url\":\"https:\\\/\\\/edituracrimca.ro\\\/\",\"name\":\"Editura CRIMCA\",\"description\":\"Cuv\u00e2ntul care Zide\u0219te\",\"publisher\":{\"@id\":\"https:\\\/\\\/edituracrimca.ro\\\/#organization\"},\"potentialAction\":[{\"@type\":\"SearchAction\",\"target\":{\"@type\":\"EntryPoint\",\"urlTemplate\":\"https:\\\/\\\/edituracrimca.ro\\\/?s={search_term_string}\"},\"query-input\":{\"@type\":\"PropertyValueSpecification\",\"valueRequired\":true,\"valueName\":\"search_term_string\"}}],\"inLanguage\":\"en-US\"},{\"@type\":\"Organization\",\"@id\":\"https:\\\/\\\/edituracrimca.ro\\\/#organization\",\"name\":\"Editura CRIMCA\",\"url\":\"https:\\\/\\\/edituracrimca.ro\\\/\",\"logo\":{\"@type\":\"ImageObject\",\"inLanguage\":\"en-US\",\"@id\":\"https:\\\/\\\/edituracrimca.ro\\\/#\\\/schema\\\/logo\\\/image\\\/\",\"url\":\"https:\\\/\\\/edituracrimca.ro\\\/wp-content\\\/uploads\\\/2026\\\/04\\\/editura-crimca.svg\",\"contentUrl\":\"https:\\\/\\\/edituracrimca.ro\\\/wp-content\\\/uploads\\\/2026\\\/04\\\/editura-crimca.svg\",\"width\":601,\"height\":206,\"caption\":\"Editura CRIMCA\"},\"image\":{\"@id\":\"https:\\\/\\\/edituracrimca.ro\\\/#\\\/schema\\\/logo\\\/image\\\/\"},\"sameAs\":[\"https:\\\/\\\/web.facebook.com\\\/EdCrimca\",\"https:\\\/\\\/www.instagram.com\\\/jurnalculturalcrimca\\\/\"]}]}<\/script>\n<!-- \/ Yoast SEO Premium plugin. -->","yoast_head_json":{"title":"Decalogurile. Repere morale pentru omul contemporan - Editura CRIMCA","robots":{"index":"index","follow":"follow","max-snippet":"max-snippet:-1","max-image-preview":"max-image-preview:large","max-video-preview":"max-video-preview:-1"},"canonical":"https:\/\/edituracrimca.ro\/en\/shop\/decalogurile-repere-morale-pentru-omul-contemporan\/","og_locale":"en_US","og_type":"article","og_title":"Decalogurile. Repere morale pentru omul contemporan","og_description":"Autor: \u00cenaltpreasfin\u021bitul P\u0103rinte Calinic, Arhiepiscop al Sucevei \u0219i R\u0103d\u0103u\u021bilorFormat: 210x150Num\u0103r pagini: 279Anul public\u0103rii: 2025Tip copert\u0103: Cartonat\u0103ISBN: 978-606-724-269-0","og_url":"https:\/\/edituracrimca.ro\/en\/shop\/decalogurile-repere-morale-pentru-omul-contemporan\/","og_site_name":"Editura CRIMCA","article_publisher":"https:\/\/web.facebook.com\/EdCrimca","article_modified_time":"2026-04-18T10:50:44+00:00","og_image":[{"width":2540,"height":1832,"url":"https:\/\/edituracrimca.ro\/wp-content\/uploads\/2026\/04\/decalogurile-repere-morale-pentru-omul-contemporan_front-v2.png","type":"image\/png"}],"twitter_card":"summary_large_image","twitter_misc":{"Est. reading time":"1 minute"},"schema":{"@context":"https:\/\/schema.org","@graph":[{"@type":"WebPage","@id":"https:\/\/edituracrimca.ro\/magazin\/decalogurile-repere-morale-pentru-omul-contemporan\/","url":"https:\/\/edituracrimca.ro\/magazin\/decalogurile-repere-morale-pentru-omul-contemporan\/","name":"Decalogurile. Repere morale pentru omul contemporan - Editura CRIMCA","isPartOf":{"@id":"https:\/\/edituracrimca.ro\/#website"},"primaryImageOfPage":{"@id":"https:\/\/edituracrimca.ro\/magazin\/decalogurile-repere-morale-pentru-omul-contemporan\/#primaryimage"},"image":{"@id":"https:\/\/edituracrimca.ro\/magazin\/decalogurile-repere-morale-pentru-omul-contemporan\/#primaryimage"},"thumbnailUrl":"https:\/\/edituracrimca.ro\/wp-content\/uploads\/2026\/04\/decalogurile-repere-morale-pentru-omul-contemporan_front-v2.png","datePublished":"2026-04-02T18:44:27+00:00","dateModified":"2026-04-18T10:50:44+00:00","breadcrumb":{"@id":"https:\/\/edituracrimca.ro\/magazin\/decalogurile-repere-morale-pentru-omul-contemporan\/#breadcrumb"},"inLanguage":"en-US","potentialAction":[{"@type":"ReadAction","target":["https:\/\/edituracrimca.ro\/magazin\/decalogurile-repere-morale-pentru-omul-contemporan\/"]}]},{"@type":"ImageObject","inLanguage":"en-US","@id":"https:\/\/edituracrimca.ro\/magazin\/decalogurile-repere-morale-pentru-omul-contemporan\/#primaryimage","url":"https:\/\/edituracrimca.ro\/wp-content\/uploads\/2026\/04\/decalogurile-repere-morale-pentru-omul-contemporan_front-v2.png","contentUrl":"https:\/\/edituracrimca.ro\/wp-content\/uploads\/2026\/04\/decalogurile-repere-morale-pentru-omul-contemporan_front-v2.png","width":2540,"height":1832},{"@type":"BreadcrumbList","@id":"https:\/\/edituracrimca.ro\/magazin\/decalogurile-repere-morale-pentru-omul-contemporan\/#breadcrumb","itemListElement":[{"@type":"ListItem","position":1,"name":"Prima pagin\u0103","item":"https:\/\/edituracrimca.ro\/"},{"@type":"ListItem","position":2,"name":"Magazin","item":"https:\/\/edituracrimca.ro\/magazin\/"},{"@type":"ListItem","position":3,"name":"Decalogurile. Repere morale pentru omul contemporan"}]},{"@type":"WebSite","@id":"https:\/\/edituracrimca.ro\/#website","url":"https:\/\/edituracrimca.ro\/","name":"CRIMCA Publishing House","description":"The Word that Builds","publisher":{"@id":"https:\/\/edituracrimca.ro\/#organization"},"potentialAction":[{"@type":"SearchAction","target":{"@type":"EntryPoint","urlTemplate":"https:\/\/edituracrimca.ro\/?s={search_term_string}"},"query-input":{"@type":"PropertyValueSpecification","valueRequired":true,"valueName":"search_term_string"}}],"inLanguage":"en-US"},{"@type":"Organization","@id":"https:\/\/edituracrimca.ro\/#organization","name":"CRIMCA Publishing House","url":"https:\/\/edituracrimca.ro\/","logo":{"@type":"ImageObject","inLanguage":"en-US","@id":"https:\/\/edituracrimca.ro\/#\/schema\/logo\/image\/","url":"https:\/\/edituracrimca.ro\/wp-content\/uploads\/2026\/04\/editura-crimca.svg","contentUrl":"https:\/\/edituracrimca.ro\/wp-content\/uploads\/2026\/04\/editura-crimca.svg","width":601,"height":206,"caption":"Editura CRIMCA"},"image":{"@id":"https:\/\/edituracrimca.ro\/#\/schema\/logo\/image\/"},"sameAs":["https:\/\/web.facebook.com\/EdCrimca","https:\/\/www.instagram.com\/jurnalculturalcrimca\/"]}]}},"_links":{"self":[{"href":"https:\/\/edituracrimca.ro\/en\/wp-json\/wp\/v2\/product\/3092","targetHints":{"allow":["GET"]}}],"collection":[{"href":"https:\/\/edituracrimca.ro\/en\/wp-json\/wp\/v2\/product"}],"about":[{"href":"https:\/\/edituracrimca.ro\/en\/wp-json\/wp\/v2\/types\/product"}],"replies":[{"embeddable":true,"href":"https:\/\/edituracrimca.ro\/en\/wp-json\/wp\/v2\/comments?post=3092"}],"version-history":[{"count":1,"href":"https:\/\/edituracrimca.ro\/en\/wp-json\/wp\/v2\/product\/3092\/revisions"}],"predecessor-version":[{"id":3093,"href":"https:\/\/edituracrimca.ro\/en\/wp-json\/wp\/v2\/product\/3092\/revisions\/3093"}],"wp:featuredmedia":[{"embeddable":true,"href":"https:\/\/edituracrimca.ro\/en\/wp-json\/wp\/v2\/media\/3772"}],"wp:attachment":[{"href":"https:\/\/edituracrimca.ro\/en\/wp-json\/wp\/v2\/media?parent=3092"}],"wp:term":[{"taxonomy":"product_brand","embeddable":true,"href":"https:\/\/edituracrimca.ro\/en\/wp-json\/wp\/v2\/product_brand?post=3092"},{"taxonomy":"product_cat","embeddable":true,"href":"https:\/\/edituracrimca.ro\/en\/wp-json\/wp\/v2\/product_cat?post=3092"},{"taxonomy":"product_tag","embeddable":true,"href":"https:\/\/edituracrimca.ro\/en\/wp-json\/wp\/v2\/product_tag?post=3092"}],"curies":[{"name":"wp","href":"https:\/\/api.w.org\/{rel}","templated":true}]}}