{"id":3087,"date":"2026-04-02T20:44:27","date_gmt":"2026-04-02T18:44:27","guid":{"rendered":"https:\/\/edituracrimca.ro\/magazin\/din-invataturile-ortodoxiei\/"},"modified":"2026-04-18T12:50:18","modified_gmt":"2026-04-18T10:50:18","slug":"din-invataturile-ortodoxiei","status":"publish","type":"product","link":"https:\/\/edituracrimca.ro\/en\/shop\/din-invataturile-ortodoxiei\/","title":{"rendered":"Din \u00eenv\u0103\u021b\u0103turile Ortodoxiei"},"content":{"rendered":"<p>Din \u00eenv\u0103\u021b\u0103turile Ortodoxiei<br \/>\nProtos. Arsenie Bejan<br \/>\nCartea de fa\u021b\u0103 aduce \u00een fata cititorilor ei c\u00e2teva teme foarte importante si necesare pentru via\u021ba cre\u0219tinului ortodox. Via\u021ba spiritual\u0103 a fiec\u0103rui credincios trebuie sa fie \u00eempodobit\u0103, pe l\u00e2ng\u0103 virtu\u021bi, si de o cunoa\u0219tere temeinic\u0103 a \u00eenv\u0103\u021b\u0103turii de credin\u021b\u0103 necesar\u0103 pe drumul m\u00e2ntuirii. Cunoa\u0219terea lui Dumnezeu vine prin aceste doua c\u0103i: cunoa\u0219terea \u00eenv\u0103\u021b\u0103turii cre\u0219tine \u0219i tr\u0103irea ei in Duhul Bisericii Ortodoxe. Dragostea de Dumnezeu cre\u0219te \u00een omul care creeaz\u0103 \u0219i caut\u0103 cu interes \u00eenv\u0103\u021b\u0103tura Sfintei Scripturi \u0219i a Bisericii; de aceea s-a n\u0103scut \u00eentre cre\u0219tini un dicton pe c\u00e2t de frumos, pe at\u00e2t de adev\u0103rat: \u201eDe vrei s\u0103 te m\u00e2ntuie\u0219ti cu \u00eentrebarea s\u0103 c\u0103l\u0103tore\u0219ti\u201d.<\/p>","protected":false},"excerpt":{"rendered":"<p><strong>Author:<\/strong> Protos. Arsenie Bejan<\/p>\n<p><strong>Format:<\/strong> 160&#215;240<\/p>\n<p><strong>Number of pages:<\/strong> 312<\/p>\n<p><strong>Year of publication:<\/strong> 2025<\/p>\n<p><strong>Cover type:<\/strong> bro\u0219at\u0103<\/p>","protected":false},"featured_media":3765,"comment_status":"closed","ping_status":"open","template":"","meta":{"_acf_changed":false},"product_brand":[],"product_cat":[40],"product_tag":[],"class_list":{"0":"post-3087","1":"product","2":"type-product","3":"status-publish","4":"has-post-thumbnail","6":"product_cat-carti","8":"first","9":"instock","10":"purchasable","11":"product-type-simple"},"acf":[],"yoast_head":"<!-- This site is optimized with the Yoast SEO Premium plugin v27.4 (Yoast SEO v27.4) - https:\/\/yoast.com\/product\/yoast-seo-premium-wordpress\/ -->\n<title>Din \u00eenv\u0103\u021b\u0103turile Ortodoxiei - Editura CRIMCA<\/title>\n<meta name=\"robots\" content=\"index, follow, max-snippet:-1, max-image-preview:large, max-video-preview:-1\" \/>\n<link rel=\"canonical\" href=\"https:\/\/edituracrimca.ro\/en\/shop\/din-invataturile-ortodoxiei\/\" \/>\n<meta property=\"og:locale\" content=\"en_US\" \/>\n<meta property=\"og:type\" content=\"article\" \/>\n<meta property=\"og:title\" content=\"Din \u00eenv\u0103\u021b\u0103turile Ortodoxiei\" \/>\n<meta property=\"og:description\" content=\"Autor: Protos. Arsenie BejanFormat: 160x240Num\u0103r pagini: 312Anul public\u0103rii: 2025Tip copert\u0103: bro\u0219at\u0103\" \/>\n<meta property=\"og:url\" content=\"https:\/\/edituracrimca.ro\/en\/shop\/din-invataturile-ortodoxiei\/\" \/>\n<meta property=\"og:site_name\" content=\"Editura CRIMCA\" \/>\n<meta property=\"article:publisher\" content=\"https:\/\/web.facebook.com\/EdCrimca\" \/>\n<meta property=\"article:modified_time\" content=\"2026-04-18T10:50:18+00:00\" \/>\n<meta property=\"og:image\" content=\"https:\/\/edituracrimca.ro\/wp-content\/uploads\/2026\/04\/din-invataturile-ortodoxiei_front-v2-690x1024.png\" \/>\n\t<meta property=\"og:image:width\" content=\"690\" \/>\n\t<meta property=\"og:image:height\" content=\"1024\" \/>\n\t<meta property=\"og:image:type\" content=\"image\/png\" \/>\n<meta name=\"twitter:card\" content=\"summary_large_image\" \/>\n<meta name=\"twitter:label1\" content=\"Est. reading time\" \/>\n\t<meta name=\"twitter:data1\" content=\"1 minute\" \/>\n<script type=\"application\/ld+json\" class=\"yoast-schema-graph\">{\"@context\":\"https:\\\/\\\/schema.org\",\"@graph\":[{\"@type\":\"WebPage\",\"@id\":\"https:\\\/\\\/edituracrimca.ro\\\/magazin\\\/din-invataturile-ortodoxiei\\\/\",\"url\":\"https:\\\/\\\/edituracrimca.ro\\\/magazin\\\/din-invataturile-ortodoxiei\\\/\",\"name\":\"Din \u00eenv\u0103\u021b\u0103turile Ortodoxiei - Editura CRIMCA\",\"isPartOf\":{\"@id\":\"https:\\\/\\\/edituracrimca.ro\\\/#website\"},\"primaryImageOfPage\":{\"@id\":\"https:\\\/\\\/edituracrimca.ro\\\/magazin\\\/din-invataturile-ortodoxiei\\\/#primaryimage\"},\"image\":{\"@id\":\"https:\\\/\\\/edituracrimca.ro\\\/magazin\\\/din-invataturile-ortodoxiei\\\/#primaryimage\"},\"thumbnailUrl\":\"https:\\\/\\\/edituracrimca.ro\\\/wp-content\\\/uploads\\\/2026\\\/04\\\/din-invataturile-ortodoxiei_front-v2-scaled.png\",\"datePublished\":\"2026-04-02T18:44:27+00:00\",\"dateModified\":\"2026-04-18T10:50:18+00:00\",\"breadcrumb\":{\"@id\":\"https:\\\/\\\/edituracrimca.ro\\\/magazin\\\/din-invataturile-ortodoxiei\\\/#breadcrumb\"},\"inLanguage\":\"en-US\",\"potentialAction\":[{\"@type\":\"ReadAction\",\"target\":[\"https:\\\/\\\/edituracrimca.ro\\\/magazin\\\/din-invataturile-ortodoxiei\\\/\"]}]},{\"@type\":\"ImageObject\",\"inLanguage\":\"en-US\",\"@id\":\"https:\\\/\\\/edituracrimca.ro\\\/magazin\\\/din-invataturile-ortodoxiei\\\/#primaryimage\",\"url\":\"https:\\\/\\\/edituracrimca.ro\\\/wp-content\\\/uploads\\\/2026\\\/04\\\/din-invataturile-ortodoxiei_front-v2-scaled.png\",\"contentUrl\":\"https:\\\/\\\/edituracrimca.ro\\\/wp-content\\\/uploads\\\/2026\\\/04\\\/din-invataturile-ortodoxiei_front-v2-scaled.png\",\"width\":1724,\"height\":2560},{\"@type\":\"BreadcrumbList\",\"@id\":\"https:\\\/\\\/edituracrimca.ro\\\/magazin\\\/din-invataturile-ortodoxiei\\\/#breadcrumb\",\"itemListElement\":[{\"@type\":\"ListItem\",\"position\":1,\"name\":\"Prima pagin\u0103\",\"item\":\"https:\\\/\\\/edituracrimca.ro\\\/\"},{\"@type\":\"ListItem\",\"position\":2,\"name\":\"Magazin\",\"item\":\"https:\\\/\\\/edituracrimca.ro\\\/magazin\\\/\"},{\"@type\":\"ListItem\",\"position\":3,\"name\":\"Din \u00eenv\u0103\u021b\u0103turile Ortodoxiei\"}]},{\"@type\":\"WebSite\",\"@id\":\"https:\\\/\\\/edituracrimca.ro\\\/#website\",\"url\":\"https:\\\/\\\/edituracrimca.ro\\\/\",\"name\":\"Editura CRIMCA\",\"description\":\"Cuv\u00e2ntul care Zide\u0219te\",\"publisher\":{\"@id\":\"https:\\\/\\\/edituracrimca.ro\\\/#organization\"},\"potentialAction\":[{\"@type\":\"SearchAction\",\"target\":{\"@type\":\"EntryPoint\",\"urlTemplate\":\"https:\\\/\\\/edituracrimca.ro\\\/?s={search_term_string}\"},\"query-input\":{\"@type\":\"PropertyValueSpecification\",\"valueRequired\":true,\"valueName\":\"search_term_string\"}}],\"inLanguage\":\"en-US\"},{\"@type\":\"Organization\",\"@id\":\"https:\\\/\\\/edituracrimca.ro\\\/#organization\",\"name\":\"Editura CRIMCA\",\"url\":\"https:\\\/\\\/edituracrimca.ro\\\/\",\"logo\":{\"@type\":\"ImageObject\",\"inLanguage\":\"en-US\",\"@id\":\"https:\\\/\\\/edituracrimca.ro\\\/#\\\/schema\\\/logo\\\/image\\\/\",\"url\":\"https:\\\/\\\/edituracrimca.ro\\\/wp-content\\\/uploads\\\/2026\\\/04\\\/editura-crimca.svg\",\"contentUrl\":\"https:\\\/\\\/edituracrimca.ro\\\/wp-content\\\/uploads\\\/2026\\\/04\\\/editura-crimca.svg\",\"width\":601,\"height\":206,\"caption\":\"Editura CRIMCA\"},\"image\":{\"@id\":\"https:\\\/\\\/edituracrimca.ro\\\/#\\\/schema\\\/logo\\\/image\\\/\"},\"sameAs\":[\"https:\\\/\\\/web.facebook.com\\\/EdCrimca\",\"https:\\\/\\\/www.instagram.com\\\/jurnalculturalcrimca\\\/\"]}]}<\/script>\n<!-- \/ Yoast SEO Premium plugin. -->","yoast_head_json":{"title":"Din \u00eenv\u0103\u021b\u0103turile Ortodoxiei - Editura CRIMCA","robots":{"index":"index","follow":"follow","max-snippet":"max-snippet:-1","max-image-preview":"max-image-preview:large","max-video-preview":"max-video-preview:-1"},"canonical":"https:\/\/edituracrimca.ro\/en\/shop\/din-invataturile-ortodoxiei\/","og_locale":"en_US","og_type":"article","og_title":"Din \u00eenv\u0103\u021b\u0103turile Ortodoxiei","og_description":"Autor: Protos. Arsenie BejanFormat: 160x240Num\u0103r pagini: 312Anul public\u0103rii: 2025Tip copert\u0103: bro\u0219at\u0103","og_url":"https:\/\/edituracrimca.ro\/en\/shop\/din-invataturile-ortodoxiei\/","og_site_name":"Editura CRIMCA","article_publisher":"https:\/\/web.facebook.com\/EdCrimca","article_modified_time":"2026-04-18T10:50:18+00:00","og_image":[{"width":690,"height":1024,"url":"https:\/\/edituracrimca.ro\/wp-content\/uploads\/2026\/04\/din-invataturile-ortodoxiei_front-v2-690x1024.png","type":"image\/png"}],"twitter_card":"summary_large_image","twitter_misc":{"Est. reading time":"1 minute"},"schema":{"@context":"https:\/\/schema.org","@graph":[{"@type":"WebPage","@id":"https:\/\/edituracrimca.ro\/magazin\/din-invataturile-ortodoxiei\/","url":"https:\/\/edituracrimca.ro\/magazin\/din-invataturile-ortodoxiei\/","name":"Din \u00eenv\u0103\u021b\u0103turile Ortodoxiei - Editura CRIMCA","isPartOf":{"@id":"https:\/\/edituracrimca.ro\/#website"},"primaryImageOfPage":{"@id":"https:\/\/edituracrimca.ro\/magazin\/din-invataturile-ortodoxiei\/#primaryimage"},"image":{"@id":"https:\/\/edituracrimca.ro\/magazin\/din-invataturile-ortodoxiei\/#primaryimage"},"thumbnailUrl":"https:\/\/edituracrimca.ro\/wp-content\/uploads\/2026\/04\/din-invataturile-ortodoxiei_front-v2-scaled.png","datePublished":"2026-04-02T18:44:27+00:00","dateModified":"2026-04-18T10:50:18+00:00","breadcrumb":{"@id":"https:\/\/edituracrimca.ro\/magazin\/din-invataturile-ortodoxiei\/#breadcrumb"},"inLanguage":"en-US","potentialAction":[{"@type":"ReadAction","target":["https:\/\/edituracrimca.ro\/magazin\/din-invataturile-ortodoxiei\/"]}]},{"@type":"ImageObject","inLanguage":"en-US","@id":"https:\/\/edituracrimca.ro\/magazin\/din-invataturile-ortodoxiei\/#primaryimage","url":"https:\/\/edituracrimca.ro\/wp-content\/uploads\/2026\/04\/din-invataturile-ortodoxiei_front-v2-scaled.png","contentUrl":"https:\/\/edituracrimca.ro\/wp-content\/uploads\/2026\/04\/din-invataturile-ortodoxiei_front-v2-scaled.png","width":1724,"height":2560},{"@type":"BreadcrumbList","@id":"https:\/\/edituracrimca.ro\/magazin\/din-invataturile-ortodoxiei\/#breadcrumb","itemListElement":[{"@type":"ListItem","position":1,"name":"Prima pagin\u0103","item":"https:\/\/edituracrimca.ro\/"},{"@type":"ListItem","position":2,"name":"Magazin","item":"https:\/\/edituracrimca.ro\/magazin\/"},{"@type":"ListItem","position":3,"name":"Din \u00eenv\u0103\u021b\u0103turile Ortodoxiei"}]},{"@type":"WebSite","@id":"https:\/\/edituracrimca.ro\/#website","url":"https:\/\/edituracrimca.ro\/","name":"CRIMCA Publishing House","description":"The Word that Builds","publisher":{"@id":"https:\/\/edituracrimca.ro\/#organization"},"potentialAction":[{"@type":"SearchAction","target":{"@type":"EntryPoint","urlTemplate":"https:\/\/edituracrimca.ro\/?s={search_term_string}"},"query-input":{"@type":"PropertyValueSpecification","valueRequired":true,"valueName":"search_term_string"}}],"inLanguage":"en-US"},{"@type":"Organization","@id":"https:\/\/edituracrimca.ro\/#organization","name":"CRIMCA Publishing House","url":"https:\/\/edituracrimca.ro\/","logo":{"@type":"ImageObject","inLanguage":"en-US","@id":"https:\/\/edituracrimca.ro\/#\/schema\/logo\/image\/","url":"https:\/\/edituracrimca.ro\/wp-content\/uploads\/2026\/04\/editura-crimca.svg","contentUrl":"https:\/\/edituracrimca.ro\/wp-content\/uploads\/2026\/04\/editura-crimca.svg","width":601,"height":206,"caption":"Editura CRIMCA"},"image":{"@id":"https:\/\/edituracrimca.ro\/#\/schema\/logo\/image\/"},"sameAs":["https:\/\/web.facebook.com\/EdCrimca","https:\/\/www.instagram.com\/jurnalculturalcrimca\/"]}]}},"_links":{"self":[{"href":"https:\/\/edituracrimca.ro\/en\/wp-json\/wp\/v2\/product\/3087","targetHints":{"allow":["GET"]}}],"collection":[{"href":"https:\/\/edituracrimca.ro\/en\/wp-json\/wp\/v2\/product"}],"about":[{"href":"https:\/\/edituracrimca.ro\/en\/wp-json\/wp\/v2\/types\/product"}],"replies":[{"embeddable":true,"href":"https:\/\/edituracrimca.ro\/en\/wp-json\/wp\/v2\/comments?post=3087"}],"version-history":[{"count":1,"href":"https:\/\/edituracrimca.ro\/en\/wp-json\/wp\/v2\/product\/3087\/revisions"}],"predecessor-version":[{"id":3088,"href":"https:\/\/edituracrimca.ro\/en\/wp-json\/wp\/v2\/product\/3087\/revisions\/3088"}],"wp:featuredmedia":[{"embeddable":true,"href":"https:\/\/edituracrimca.ro\/en\/wp-json\/wp\/v2\/media\/3765"}],"wp:attachment":[{"href":"https:\/\/edituracrimca.ro\/en\/wp-json\/wp\/v2\/media?parent=3087"}],"wp:term":[{"taxonomy":"product_brand","embeddable":true,"href":"https:\/\/edituracrimca.ro\/en\/wp-json\/wp\/v2\/product_brand?post=3087"},{"taxonomy":"product_cat","embeddable":true,"href":"https:\/\/edituracrimca.ro\/en\/wp-json\/wp\/v2\/product_cat?post=3087"},{"taxonomy":"product_tag","embeddable":true,"href":"https:\/\/edituracrimca.ro\/en\/wp-json\/wp\/v2\/product_tag?post=3087"}],"curies":[{"name":"wp","href":"https:\/\/api.w.org\/{rel}","templated":true}]}}