{"id":3082,"date":"2026-04-02T20:44:27","date_gmt":"2026-04-02T18:44:27","guid":{"rendered":"https:\/\/edituracrimca.ro\/magazin\/da-mi-fiule-inima-ta\/"},"modified":"2026-04-18T12:49:54","modified_gmt":"2026-04-18T10:49:54","slug":"da-mi-fiule-inima-ta","status":"publish","type":"product","link":"https:\/\/edituracrimca.ro\/en\/shop\/da-mi-fiule-inima-ta\/","title":{"rendered":"D\u0103-mi, fiule, inima ta"},"content":{"rendered":"<p>D\u0103-mi, fiule, inima ta<br \/>\nMatei Bohol\u021beanu<br \/>\nCum supravie\u021buie\u015fte sufletul coliziunii \u00eentre ra\u021biune \u0219i credin\u021b\u0103?<br \/>\nPrezenta carte dore\u015fte s\u0103 aprofundeze P. aceast\u0103 \u00eentrebare. R\u0103t\u0103cit \u00een h\u0103\u021bi\u015furile unei p\u0103duri de l\u00e2ng\u0103 o m\u0103n\u0103stire, \u00een c\u0103utarea fiului s\u0103u, Mihai \u00ee\u0219i d\u0103 seama c\u0103 nu va evada dec\u00e2t dac\u0103 g\u0103se\u0219te calea afar\u0103 din h\u0103\u021bi\u015furile propriilor tenebre. V\u00e2nat de moartea tat\u0103lui s\u0103u, chinuit de un existen\u021bialism care \u00eel duce pe culmile disper\u0103rii, acest profesor de filosofie caut\u0103 cu disperare \u00een p\u0103durea inimii sale o f\u0103clie de speran\u021b\u0103 care s\u0103 \u00eel salveze. C\u0103ut\u00e2ndu-l pe Teodor, el se caut\u0103 pe sine, \u00cel caut\u0103 pe Dumnezeu, caut\u0103 pe oricine \u00eei poate convinge inima s\u0103 mai bat\u0103 \u00eenc\u0103 o dat\u0103.<br \/>\nRomanul nu se limiteaz\u0103 la nara\u021biune, acesta evad\u00e2nd \u00een simbolistica abundent\u0103 la care cititorul este dator s\u0103 fie atent. \u00cenainte de a pretinde s\u0103 ofere r\u0103spunsuri la problematicile pe care le deschide, cartea dore\u0219te s\u0103 st\u00e2rneasc\u0103 \u00een cititor diverse experien\u021be.<\/p>","protected":false},"excerpt":{"rendered":"<p><strong>Author:<\/strong> Matei Bohol\u021beanu<\/p>\n<p><strong>Format:<\/strong> 120&#215;190<\/p>\n<p><strong>Number of pages:<\/strong> 275<\/p>\n<p><strong>Year of publication:<\/strong> 2025<\/p>\n<p><strong>Cover type:<\/strong> bro\u0219at\u0103<\/p>","protected":false},"featured_media":3758,"comment_status":"closed","ping_status":"open","template":"","meta":{"_acf_changed":false},"product_brand":[],"product_cat":[40],"product_tag":[],"class_list":{"0":"post-3082","1":"product","2":"type-product","3":"status-publish","4":"has-post-thumbnail","6":"product_cat-carti","8":"first","9":"instock","10":"purchasable","11":"product-type-simple"},"acf":[],"yoast_head":"<!-- This site is optimized with the Yoast SEO Premium plugin v27.4 (Yoast SEO v27.4) - https:\/\/yoast.com\/product\/yoast-seo-premium-wordpress\/ -->\n<title>D\u0103-mi, fiule, inima ta - Editura CRIMCA<\/title>\n<meta name=\"robots\" content=\"index, follow, max-snippet:-1, max-image-preview:large, max-video-preview:-1\" \/>\n<link rel=\"canonical\" href=\"https:\/\/edituracrimca.ro\/en\/shop\/da-mi-fiule-inima-ta\/\" \/>\n<meta property=\"og:locale\" content=\"en_US\" \/>\n<meta property=\"og:type\" content=\"article\" \/>\n<meta property=\"og:title\" content=\"D\u0103-mi, fiule, inima ta\" \/>\n<meta property=\"og:description\" content=\"Autor: Matei Bohol\u021beanuFormat: 120x190Num\u0103r pagini: 275Anul public\u0103rii: 2025Tip copert\u0103: bro\u0219at\u0103\" \/>\n<meta property=\"og:url\" content=\"https:\/\/edituracrimca.ro\/en\/shop\/da-mi-fiule-inima-ta\/\" \/>\n<meta property=\"og:site_name\" content=\"Editura CRIMCA\" \/>\n<meta property=\"article:publisher\" content=\"https:\/\/web.facebook.com\/EdCrimca\" \/>\n<meta property=\"article:modified_time\" content=\"2026-04-18T10:49:54+00:00\" \/>\n<meta property=\"og:image\" content=\"https:\/\/edituracrimca.ro\/wp-content\/uploads\/2026\/04\/da-mi-fiule-inima-ta_front-v2.png\" \/>\n\t<meta property=\"og:image:width\" content=\"1477\" \/>\n\t<meta property=\"og:image:height\" content=\"2304\" \/>\n\t<meta property=\"og:image:type\" content=\"image\/png\" \/>\n<meta name=\"twitter:card\" content=\"summary_large_image\" \/>\n<meta name=\"twitter:label1\" content=\"Est. reading time\" \/>\n\t<meta name=\"twitter:data1\" content=\"1 minute\" \/>\n<script type=\"application\/ld+json\" class=\"yoast-schema-graph\">{\"@context\":\"https:\\\/\\\/schema.org\",\"@graph\":[{\"@type\":\"WebPage\",\"@id\":\"https:\\\/\\\/edituracrimca.ro\\\/magazin\\\/da-mi-fiule-inima-ta\\\/\",\"url\":\"https:\\\/\\\/edituracrimca.ro\\\/magazin\\\/da-mi-fiule-inima-ta\\\/\",\"name\":\"D\u0103-mi, fiule, inima ta - Editura CRIMCA\",\"isPartOf\":{\"@id\":\"https:\\\/\\\/edituracrimca.ro\\\/#website\"},\"primaryImageOfPage\":{\"@id\":\"https:\\\/\\\/edituracrimca.ro\\\/magazin\\\/da-mi-fiule-inima-ta\\\/#primaryimage\"},\"image\":{\"@id\":\"https:\\\/\\\/edituracrimca.ro\\\/magazin\\\/da-mi-fiule-inima-ta\\\/#primaryimage\"},\"thumbnailUrl\":\"https:\\\/\\\/edituracrimca.ro\\\/wp-content\\\/uploads\\\/2026\\\/04\\\/da-mi-fiule-inima-ta_front-v2.png\",\"datePublished\":\"2026-04-02T18:44:27+00:00\",\"dateModified\":\"2026-04-18T10:49:54+00:00\",\"breadcrumb\":{\"@id\":\"https:\\\/\\\/edituracrimca.ro\\\/magazin\\\/da-mi-fiule-inima-ta\\\/#breadcrumb\"},\"inLanguage\":\"en-US\",\"potentialAction\":[{\"@type\":\"ReadAction\",\"target\":[\"https:\\\/\\\/edituracrimca.ro\\\/magazin\\\/da-mi-fiule-inima-ta\\\/\"]}]},{\"@type\":\"ImageObject\",\"inLanguage\":\"en-US\",\"@id\":\"https:\\\/\\\/edituracrimca.ro\\\/magazin\\\/da-mi-fiule-inima-ta\\\/#primaryimage\",\"url\":\"https:\\\/\\\/edituracrimca.ro\\\/wp-content\\\/uploads\\\/2026\\\/04\\\/da-mi-fiule-inima-ta_front-v2.png\",\"contentUrl\":\"https:\\\/\\\/edituracrimca.ro\\\/wp-content\\\/uploads\\\/2026\\\/04\\\/da-mi-fiule-inima-ta_front-v2.png\",\"width\":1477,\"height\":2304},{\"@type\":\"BreadcrumbList\",\"@id\":\"https:\\\/\\\/edituracrimca.ro\\\/magazin\\\/da-mi-fiule-inima-ta\\\/#breadcrumb\",\"itemListElement\":[{\"@type\":\"ListItem\",\"position\":1,\"name\":\"Prima pagin\u0103\",\"item\":\"https:\\\/\\\/edituracrimca.ro\\\/\"},{\"@type\":\"ListItem\",\"position\":2,\"name\":\"Magazin\",\"item\":\"https:\\\/\\\/edituracrimca.ro\\\/magazin\\\/\"},{\"@type\":\"ListItem\",\"position\":3,\"name\":\"D\u0103-mi, fiule, inima ta\"}]},{\"@type\":\"WebSite\",\"@id\":\"https:\\\/\\\/edituracrimca.ro\\\/#website\",\"url\":\"https:\\\/\\\/edituracrimca.ro\\\/\",\"name\":\"Editura CRIMCA\",\"description\":\"Cuv\u00e2ntul care Zide\u0219te\",\"publisher\":{\"@id\":\"https:\\\/\\\/edituracrimca.ro\\\/#organization\"},\"potentialAction\":[{\"@type\":\"SearchAction\",\"target\":{\"@type\":\"EntryPoint\",\"urlTemplate\":\"https:\\\/\\\/edituracrimca.ro\\\/?s={search_term_string}\"},\"query-input\":{\"@type\":\"PropertyValueSpecification\",\"valueRequired\":true,\"valueName\":\"search_term_string\"}}],\"inLanguage\":\"en-US\"},{\"@type\":\"Organization\",\"@id\":\"https:\\\/\\\/edituracrimca.ro\\\/#organization\",\"name\":\"Editura CRIMCA\",\"url\":\"https:\\\/\\\/edituracrimca.ro\\\/\",\"logo\":{\"@type\":\"ImageObject\",\"inLanguage\":\"en-US\",\"@id\":\"https:\\\/\\\/edituracrimca.ro\\\/#\\\/schema\\\/logo\\\/image\\\/\",\"url\":\"https:\\\/\\\/edituracrimca.ro\\\/wp-content\\\/uploads\\\/2026\\\/04\\\/editura-crimca.svg\",\"contentUrl\":\"https:\\\/\\\/edituracrimca.ro\\\/wp-content\\\/uploads\\\/2026\\\/04\\\/editura-crimca.svg\",\"width\":601,\"height\":206,\"caption\":\"Editura CRIMCA\"},\"image\":{\"@id\":\"https:\\\/\\\/edituracrimca.ro\\\/#\\\/schema\\\/logo\\\/image\\\/\"},\"sameAs\":[\"https:\\\/\\\/web.facebook.com\\\/EdCrimca\",\"https:\\\/\\\/www.instagram.com\\\/jurnalculturalcrimca\\\/\"]}]}<\/script>\n<!-- \/ Yoast SEO Premium plugin. -->","yoast_head_json":{"title":"D\u0103-mi, fiule, inima ta - Editura CRIMCA","robots":{"index":"index","follow":"follow","max-snippet":"max-snippet:-1","max-image-preview":"max-image-preview:large","max-video-preview":"max-video-preview:-1"},"canonical":"https:\/\/edituracrimca.ro\/en\/shop\/da-mi-fiule-inima-ta\/","og_locale":"en_US","og_type":"article","og_title":"D\u0103-mi, fiule, inima ta","og_description":"Autor: Matei Bohol\u021beanuFormat: 120x190Num\u0103r pagini: 275Anul public\u0103rii: 2025Tip copert\u0103: bro\u0219at\u0103","og_url":"https:\/\/edituracrimca.ro\/en\/shop\/da-mi-fiule-inima-ta\/","og_site_name":"Editura CRIMCA","article_publisher":"https:\/\/web.facebook.com\/EdCrimca","article_modified_time":"2026-04-18T10:49:54+00:00","og_image":[{"width":1477,"height":2304,"url":"https:\/\/edituracrimca.ro\/wp-content\/uploads\/2026\/04\/da-mi-fiule-inima-ta_front-v2.png","type":"image\/png"}],"twitter_card":"summary_large_image","twitter_misc":{"Est. reading time":"1 minute"},"schema":{"@context":"https:\/\/schema.org","@graph":[{"@type":"WebPage","@id":"https:\/\/edituracrimca.ro\/magazin\/da-mi-fiule-inima-ta\/","url":"https:\/\/edituracrimca.ro\/magazin\/da-mi-fiule-inima-ta\/","name":"D\u0103-mi, fiule, inima ta - Editura CRIMCA","isPartOf":{"@id":"https:\/\/edituracrimca.ro\/#website"},"primaryImageOfPage":{"@id":"https:\/\/edituracrimca.ro\/magazin\/da-mi-fiule-inima-ta\/#primaryimage"},"image":{"@id":"https:\/\/edituracrimca.ro\/magazin\/da-mi-fiule-inima-ta\/#primaryimage"},"thumbnailUrl":"https:\/\/edituracrimca.ro\/wp-content\/uploads\/2026\/04\/da-mi-fiule-inima-ta_front-v2.png","datePublished":"2026-04-02T18:44:27+00:00","dateModified":"2026-04-18T10:49:54+00:00","breadcrumb":{"@id":"https:\/\/edituracrimca.ro\/magazin\/da-mi-fiule-inima-ta\/#breadcrumb"},"inLanguage":"en-US","potentialAction":[{"@type":"ReadAction","target":["https:\/\/edituracrimca.ro\/magazin\/da-mi-fiule-inima-ta\/"]}]},{"@type":"ImageObject","inLanguage":"en-US","@id":"https:\/\/edituracrimca.ro\/magazin\/da-mi-fiule-inima-ta\/#primaryimage","url":"https:\/\/edituracrimca.ro\/wp-content\/uploads\/2026\/04\/da-mi-fiule-inima-ta_front-v2.png","contentUrl":"https:\/\/edituracrimca.ro\/wp-content\/uploads\/2026\/04\/da-mi-fiule-inima-ta_front-v2.png","width":1477,"height":2304},{"@type":"BreadcrumbList","@id":"https:\/\/edituracrimca.ro\/magazin\/da-mi-fiule-inima-ta\/#breadcrumb","itemListElement":[{"@type":"ListItem","position":1,"name":"Prima pagin\u0103","item":"https:\/\/edituracrimca.ro\/"},{"@type":"ListItem","position":2,"name":"Magazin","item":"https:\/\/edituracrimca.ro\/magazin\/"},{"@type":"ListItem","position":3,"name":"D\u0103-mi, fiule, inima ta"}]},{"@type":"WebSite","@id":"https:\/\/edituracrimca.ro\/#website","url":"https:\/\/edituracrimca.ro\/","name":"CRIMCA Publishing House","description":"The Word that Builds","publisher":{"@id":"https:\/\/edituracrimca.ro\/#organization"},"potentialAction":[{"@type":"SearchAction","target":{"@type":"EntryPoint","urlTemplate":"https:\/\/edituracrimca.ro\/?s={search_term_string}"},"query-input":{"@type":"PropertyValueSpecification","valueRequired":true,"valueName":"search_term_string"}}],"inLanguage":"en-US"},{"@type":"Organization","@id":"https:\/\/edituracrimca.ro\/#organization","name":"CRIMCA Publishing House","url":"https:\/\/edituracrimca.ro\/","logo":{"@type":"ImageObject","inLanguage":"en-US","@id":"https:\/\/edituracrimca.ro\/#\/schema\/logo\/image\/","url":"https:\/\/edituracrimca.ro\/wp-content\/uploads\/2026\/04\/editura-crimca.svg","contentUrl":"https:\/\/edituracrimca.ro\/wp-content\/uploads\/2026\/04\/editura-crimca.svg","width":601,"height":206,"caption":"Editura CRIMCA"},"image":{"@id":"https:\/\/edituracrimca.ro\/#\/schema\/logo\/image\/"},"sameAs":["https:\/\/web.facebook.com\/EdCrimca","https:\/\/www.instagram.com\/jurnalculturalcrimca\/"]}]}},"_links":{"self":[{"href":"https:\/\/edituracrimca.ro\/en\/wp-json\/wp\/v2\/product\/3082","targetHints":{"allow":["GET"]}}],"collection":[{"href":"https:\/\/edituracrimca.ro\/en\/wp-json\/wp\/v2\/product"}],"about":[{"href":"https:\/\/edituracrimca.ro\/en\/wp-json\/wp\/v2\/types\/product"}],"replies":[{"embeddable":true,"href":"https:\/\/edituracrimca.ro\/en\/wp-json\/wp\/v2\/comments?post=3082"}],"version-history":[{"count":1,"href":"https:\/\/edituracrimca.ro\/en\/wp-json\/wp\/v2\/product\/3082\/revisions"}],"predecessor-version":[{"id":3083,"href":"https:\/\/edituracrimca.ro\/en\/wp-json\/wp\/v2\/product\/3082\/revisions\/3083"}],"wp:featuredmedia":[{"embeddable":true,"href":"https:\/\/edituracrimca.ro\/en\/wp-json\/wp\/v2\/media\/3758"}],"wp:attachment":[{"href":"https:\/\/edituracrimca.ro\/en\/wp-json\/wp\/v2\/media?parent=3082"}],"wp:term":[{"taxonomy":"product_brand","embeddable":true,"href":"https:\/\/edituracrimca.ro\/en\/wp-json\/wp\/v2\/product_brand?post=3082"},{"taxonomy":"product_cat","embeddable":true,"href":"https:\/\/edituracrimca.ro\/en\/wp-json\/wp\/v2\/product_cat?post=3082"},{"taxonomy":"product_tag","embeddable":true,"href":"https:\/\/edituracrimca.ro\/en\/wp-json\/wp\/v2\/product_tag?post=3082"}],"curies":[{"name":"wp","href":"https:\/\/api.w.org\/{rel}","templated":true}]}}