{"id":3077,"date":"2026-04-02T20:44:27","date_gmt":"2026-04-02T18:44:27","guid":{"rendered":"https:\/\/edituracrimca.ro\/magazin\/in-servitutem-sanctorum-o-incursiune-in-activitatea-societatii-bollandiste\/"},"modified":"2026-04-18T12:49:31","modified_gmt":"2026-04-18T10:49:31","slug":"in-servitutem-sanctorum-o-incursiune-in-activitatea-societatii-bollandiste","status":"publish","type":"product","link":"https:\/\/edituracrimca.ro\/en\/shop\/in-servitutem-sanctorum-o-incursiune-in-activitatea-societatii-bollandiste\/","title":{"rendered":"In servitutem Sanctorum. O incursiune \u00een activitatea Societ\u0103\u021bii Bollandiste"},"content":{"rendered":"<p>In servitutem Sanctorum. O incursiune \u00een activitatea Societ\u0103\u021bii Bollandiste<br \/>\nPr. Dr. Pr. Constantin OPREA<br \/>\nLucrarea In servitutem Sanctorum. O incursiune \u00een activitatea Societ\u0103\u0163ii Bollandiste, semnat\u0103 de p\u0103rintele Constantin Oprea, se constituie \u00eentr-o contribu\u021bie remarcabil\u0103 la istoriografia bisericeasc\u0103 \u0219i, totodat\u0103, \u00eentr-un demers academic onest \u0219i temeinic \u00een slujba cunoa\u0219terii tradi\u021biei cre\u0219tine universale. \u00cenc\u0103 de la primele pagini, cititorul este invitat \u00eentr-un spa\u021biu intelectual dens \u0219i provocator, \u00een care istoria, teologia, filologia \u0219i critica textului se \u00eempletesc armonios.<br \/>\nSocietatea Bollandist\u0103, fondat\u0103 \u00een secolul al XVII-lea de c\u0103tre iezui\u021bii flamanzi \u00een frunte cu Jean Bolland, a reprezentat una dintre cele mai riguroase \u0219i sistematice ini\u021biative de cercetare hagiografice din \u00eentreaga Europa. Cei care au urmat acestui \u00eenceput au transformat ceea ce era p\u00e2n\u00e6 atunci o tradi\u021bie narativ\u0103 devo\u021bional\u0103 \u00eentr-un corpus critic de texte, adesea editate cu o acribie filologic\u00e6 demn\u00e6 de cele mai \u00eenalte standarde academice. Ceea ce i-a caracterizat pe membrii acestei societ\u0103\u021bi nu a fost doar erudi\u021bia, ci \u0219i o profund\u0103 con\u0219tiin\u021b\u0103 a misiunii lor: aceea de a discerne adev\u0103rul istoric al sfin\u021beniei \u0219i de a-l face accesibil genera\u021biilor urm\u0103toare.<br \/>\nPr. Prof. Univ. Dr. Emanoil B\u0103bu\u0219<br \/>\nFacultatea de Teologie Ortodox\u0103 \u201eJustinian Patriarhul\u201d din Bucure\u0219ti<\/p>","protected":false},"excerpt":{"rendered":"<p><strong>Author:<\/strong> Pr. Dr. Pr. Constantin OPREA<\/p>\n<p><strong>Format:<\/strong> 165&#215;240<\/p>\n<p><strong>Number of pages:<\/strong> 560<\/p>\n<p><strong>Year of publication:<\/strong> 2025<\/p>\n<p><strong>Cover type:<\/strong> Paperback<\/p>\n<p><strong>Cant:<\/strong> printed<\/p>","protected":false},"featured_media":3753,"comment_status":"closed","ping_status":"open","template":"","meta":{"_acf_changed":false},"product_brand":[],"product_cat":[40],"product_tag":[],"class_list":{"0":"post-3077","1":"product","2":"type-product","3":"status-publish","4":"has-post-thumbnail","6":"product_cat-carti","8":"first","9":"instock","10":"purchasable","11":"product-type-simple"},"acf":[],"yoast_head":"<!-- This site is optimized with the Yoast SEO Premium plugin v27.4 (Yoast SEO v27.4) - https:\/\/yoast.com\/product\/yoast-seo-premium-wordpress\/ -->\n<title>In servitutem Sanctorum. O incursiune \u00een activitatea Societ\u0103\u021bii Bollandiste - Editura CRIMCA<\/title>\n<meta name=\"robots\" content=\"index, follow, max-snippet:-1, max-image-preview:large, max-video-preview:-1\" \/>\n<link rel=\"canonical\" href=\"https:\/\/edituracrimca.ro\/en\/shop\/in-servitutem-sanctorum-o-incursiune-in-activitatea-societatii-bollandiste\/\" \/>\n<meta property=\"og:locale\" content=\"en_US\" \/>\n<meta property=\"og:type\" content=\"article\" \/>\n<meta property=\"og:title\" content=\"In servitutem Sanctorum. O incursiune \u00een activitatea Societ\u0103\u021bii Bollandiste\" \/>\n<meta property=\"og:description\" content=\"Autor: Pr. Dr. Pr. Constantin OPREAFormat: 165x240Num\u0103r pagini: 560Anul public\u0103rii: 2025Tip copert\u0103: Cartonat\u0103Cant: tip\u0103rit\" \/>\n<meta property=\"og:url\" content=\"https:\/\/edituracrimca.ro\/en\/shop\/in-servitutem-sanctorum-o-incursiune-in-activitatea-societatii-bollandiste\/\" \/>\n<meta property=\"og:site_name\" content=\"Editura CRIMCA\" \/>\n<meta property=\"article:publisher\" content=\"https:\/\/web.facebook.com\/EdCrimca\" \/>\n<meta property=\"article:modified_time\" content=\"2026-04-18T10:49:31+00:00\" \/>\n<meta property=\"og:image\" content=\"https:\/\/edituracrimca.ro\/wp-content\/uploads\/2026\/04\/in-servitutem-sanctorum-o-incursiune-in-activitatea-societatii-bollandiste_front-v2-711x1024.png\" \/>\n\t<meta property=\"og:image:width\" content=\"711\" \/>\n\t<meta property=\"og:image:height\" content=\"1024\" \/>\n\t<meta property=\"og:image:type\" content=\"image\/png\" \/>\n<meta name=\"twitter:card\" content=\"summary_large_image\" \/>\n<meta name=\"twitter:label1\" content=\"Est. reading time\" \/>\n\t<meta name=\"twitter:data1\" content=\"1 minute\" \/>\n<script type=\"application\/ld+json\" class=\"yoast-schema-graph\">{\"@context\":\"https:\\\/\\\/schema.org\",\"@graph\":[{\"@type\":\"WebPage\",\"@id\":\"https:\\\/\\\/edituracrimca.ro\\\/magazin\\\/in-servitutem-sanctorum-o-incursiune-in-activitatea-societatii-bollandiste\\\/\",\"url\":\"https:\\\/\\\/edituracrimca.ro\\\/magazin\\\/in-servitutem-sanctorum-o-incursiune-in-activitatea-societatii-bollandiste\\\/\",\"name\":\"In servitutem Sanctorum. O incursiune \u00een activitatea Societ\u0103\u021bii Bollandiste - Editura CRIMCA\",\"isPartOf\":{\"@id\":\"https:\\\/\\\/edituracrimca.ro\\\/#website\"},\"primaryImageOfPage\":{\"@id\":\"https:\\\/\\\/edituracrimca.ro\\\/magazin\\\/in-servitutem-sanctorum-o-incursiune-in-activitatea-societatii-bollandiste\\\/#primaryimage\"},\"image\":{\"@id\":\"https:\\\/\\\/edituracrimca.ro\\\/magazin\\\/in-servitutem-sanctorum-o-incursiune-in-activitatea-societatii-bollandiste\\\/#primaryimage\"},\"thumbnailUrl\":\"https:\\\/\\\/edituracrimca.ro\\\/wp-content\\\/uploads\\\/2026\\\/04\\\/in-servitutem-sanctorum-o-incursiune-in-activitatea-societatii-bollandiste_front-v2-scaled.png\",\"datePublished\":\"2026-04-02T18:44:27+00:00\",\"dateModified\":\"2026-04-18T10:49:31+00:00\",\"breadcrumb\":{\"@id\":\"https:\\\/\\\/edituracrimca.ro\\\/magazin\\\/in-servitutem-sanctorum-o-incursiune-in-activitatea-societatii-bollandiste\\\/#breadcrumb\"},\"inLanguage\":\"en-US\",\"potentialAction\":[{\"@type\":\"ReadAction\",\"target\":[\"https:\\\/\\\/edituracrimca.ro\\\/magazin\\\/in-servitutem-sanctorum-o-incursiune-in-activitatea-societatii-bollandiste\\\/\"]}]},{\"@type\":\"ImageObject\",\"inLanguage\":\"en-US\",\"@id\":\"https:\\\/\\\/edituracrimca.ro\\\/magazin\\\/in-servitutem-sanctorum-o-incursiune-in-activitatea-societatii-bollandiste\\\/#primaryimage\",\"url\":\"https:\\\/\\\/edituracrimca.ro\\\/wp-content\\\/uploads\\\/2026\\\/04\\\/in-servitutem-sanctorum-o-incursiune-in-activitatea-societatii-bollandiste_front-v2-scaled.png\",\"contentUrl\":\"https:\\\/\\\/edituracrimca.ro\\\/wp-content\\\/uploads\\\/2026\\\/04\\\/in-servitutem-sanctorum-o-incursiune-in-activitatea-societatii-bollandiste_front-v2-scaled.png\",\"width\":1777,\"height\":2560},{\"@type\":\"BreadcrumbList\",\"@id\":\"https:\\\/\\\/edituracrimca.ro\\\/magazin\\\/in-servitutem-sanctorum-o-incursiune-in-activitatea-societatii-bollandiste\\\/#breadcrumb\",\"itemListElement\":[{\"@type\":\"ListItem\",\"position\":1,\"name\":\"Prima pagin\u0103\",\"item\":\"https:\\\/\\\/edituracrimca.ro\\\/\"},{\"@type\":\"ListItem\",\"position\":2,\"name\":\"Magazin\",\"item\":\"https:\\\/\\\/edituracrimca.ro\\\/magazin\\\/\"},{\"@type\":\"ListItem\",\"position\":3,\"name\":\"In servitutem Sanctorum. O incursiune \u00een activitatea Societ\u0103\u021bii Bollandiste\"}]},{\"@type\":\"WebSite\",\"@id\":\"https:\\\/\\\/edituracrimca.ro\\\/#website\",\"url\":\"https:\\\/\\\/edituracrimca.ro\\\/\",\"name\":\"Editura CRIMCA\",\"description\":\"Cuv\u00e2ntul care Zide\u0219te\",\"publisher\":{\"@id\":\"https:\\\/\\\/edituracrimca.ro\\\/#organization\"},\"potentialAction\":[{\"@type\":\"SearchAction\",\"target\":{\"@type\":\"EntryPoint\",\"urlTemplate\":\"https:\\\/\\\/edituracrimca.ro\\\/?s={search_term_string}\"},\"query-input\":{\"@type\":\"PropertyValueSpecification\",\"valueRequired\":true,\"valueName\":\"search_term_string\"}}],\"inLanguage\":\"en-US\"},{\"@type\":\"Organization\",\"@id\":\"https:\\\/\\\/edituracrimca.ro\\\/#organization\",\"name\":\"Editura CRIMCA\",\"url\":\"https:\\\/\\\/edituracrimca.ro\\\/\",\"logo\":{\"@type\":\"ImageObject\",\"inLanguage\":\"en-US\",\"@id\":\"https:\\\/\\\/edituracrimca.ro\\\/#\\\/schema\\\/logo\\\/image\\\/\",\"url\":\"https:\\\/\\\/edituracrimca.ro\\\/wp-content\\\/uploads\\\/2026\\\/04\\\/editura-crimca.svg\",\"contentUrl\":\"https:\\\/\\\/edituracrimca.ro\\\/wp-content\\\/uploads\\\/2026\\\/04\\\/editura-crimca.svg\",\"width\":601,\"height\":206,\"caption\":\"Editura CRIMCA\"},\"image\":{\"@id\":\"https:\\\/\\\/edituracrimca.ro\\\/#\\\/schema\\\/logo\\\/image\\\/\"},\"sameAs\":[\"https:\\\/\\\/web.facebook.com\\\/EdCrimca\",\"https:\\\/\\\/www.instagram.com\\\/jurnalculturalcrimca\\\/\"]}]}<\/script>\n<!-- \/ Yoast SEO Premium plugin. -->","yoast_head_json":{"title":"In servitutem Sanctorum. O incursiune \u00een activitatea Societ\u0103\u021bii Bollandiste - Editura CRIMCA","robots":{"index":"index","follow":"follow","max-snippet":"max-snippet:-1","max-image-preview":"max-image-preview:large","max-video-preview":"max-video-preview:-1"},"canonical":"https:\/\/edituracrimca.ro\/en\/shop\/in-servitutem-sanctorum-o-incursiune-in-activitatea-societatii-bollandiste\/","og_locale":"en_US","og_type":"article","og_title":"In servitutem Sanctorum. O incursiune \u00een activitatea Societ\u0103\u021bii Bollandiste","og_description":"Autor: Pr. Dr. Pr. Constantin OPREAFormat: 165x240Num\u0103r pagini: 560Anul public\u0103rii: 2025Tip copert\u0103: Cartonat\u0103Cant: tip\u0103rit","og_url":"https:\/\/edituracrimca.ro\/en\/shop\/in-servitutem-sanctorum-o-incursiune-in-activitatea-societatii-bollandiste\/","og_site_name":"Editura CRIMCA","article_publisher":"https:\/\/web.facebook.com\/EdCrimca","article_modified_time":"2026-04-18T10:49:31+00:00","og_image":[{"width":711,"height":1024,"url":"https:\/\/edituracrimca.ro\/wp-content\/uploads\/2026\/04\/in-servitutem-sanctorum-o-incursiune-in-activitatea-societatii-bollandiste_front-v2-711x1024.png","type":"image\/png"}],"twitter_card":"summary_large_image","twitter_misc":{"Est. reading time":"1 minute"},"schema":{"@context":"https:\/\/schema.org","@graph":[{"@type":"WebPage","@id":"https:\/\/edituracrimca.ro\/magazin\/in-servitutem-sanctorum-o-incursiune-in-activitatea-societatii-bollandiste\/","url":"https:\/\/edituracrimca.ro\/magazin\/in-servitutem-sanctorum-o-incursiune-in-activitatea-societatii-bollandiste\/","name":"In servitutem Sanctorum. O incursiune \u00een activitatea Societ\u0103\u021bii Bollandiste - Editura CRIMCA","isPartOf":{"@id":"https:\/\/edituracrimca.ro\/#website"},"primaryImageOfPage":{"@id":"https:\/\/edituracrimca.ro\/magazin\/in-servitutem-sanctorum-o-incursiune-in-activitatea-societatii-bollandiste\/#primaryimage"},"image":{"@id":"https:\/\/edituracrimca.ro\/magazin\/in-servitutem-sanctorum-o-incursiune-in-activitatea-societatii-bollandiste\/#primaryimage"},"thumbnailUrl":"https:\/\/edituracrimca.ro\/wp-content\/uploads\/2026\/04\/in-servitutem-sanctorum-o-incursiune-in-activitatea-societatii-bollandiste_front-v2-scaled.png","datePublished":"2026-04-02T18:44:27+00:00","dateModified":"2026-04-18T10:49:31+00:00","breadcrumb":{"@id":"https:\/\/edituracrimca.ro\/magazin\/in-servitutem-sanctorum-o-incursiune-in-activitatea-societatii-bollandiste\/#breadcrumb"},"inLanguage":"en-US","potentialAction":[{"@type":"ReadAction","target":["https:\/\/edituracrimca.ro\/magazin\/in-servitutem-sanctorum-o-incursiune-in-activitatea-societatii-bollandiste\/"]}]},{"@type":"ImageObject","inLanguage":"en-US","@id":"https:\/\/edituracrimca.ro\/magazin\/in-servitutem-sanctorum-o-incursiune-in-activitatea-societatii-bollandiste\/#primaryimage","url":"https:\/\/edituracrimca.ro\/wp-content\/uploads\/2026\/04\/in-servitutem-sanctorum-o-incursiune-in-activitatea-societatii-bollandiste_front-v2-scaled.png","contentUrl":"https:\/\/edituracrimca.ro\/wp-content\/uploads\/2026\/04\/in-servitutem-sanctorum-o-incursiune-in-activitatea-societatii-bollandiste_front-v2-scaled.png","width":1777,"height":2560},{"@type":"BreadcrumbList","@id":"https:\/\/edituracrimca.ro\/magazin\/in-servitutem-sanctorum-o-incursiune-in-activitatea-societatii-bollandiste\/#breadcrumb","itemListElement":[{"@type":"ListItem","position":1,"name":"Prima pagin\u0103","item":"https:\/\/edituracrimca.ro\/"},{"@type":"ListItem","position":2,"name":"Magazin","item":"https:\/\/edituracrimca.ro\/magazin\/"},{"@type":"ListItem","position":3,"name":"In servitutem Sanctorum. O incursiune \u00een activitatea Societ\u0103\u021bii Bollandiste"}]},{"@type":"WebSite","@id":"https:\/\/edituracrimca.ro\/#website","url":"https:\/\/edituracrimca.ro\/","name":"CRIMCA Publishing House","description":"The Word that Builds","publisher":{"@id":"https:\/\/edituracrimca.ro\/#organization"},"potentialAction":[{"@type":"SearchAction","target":{"@type":"EntryPoint","urlTemplate":"https:\/\/edituracrimca.ro\/?s={search_term_string}"},"query-input":{"@type":"PropertyValueSpecification","valueRequired":true,"valueName":"search_term_string"}}],"inLanguage":"en-US"},{"@type":"Organization","@id":"https:\/\/edituracrimca.ro\/#organization","name":"CRIMCA Publishing House","url":"https:\/\/edituracrimca.ro\/","logo":{"@type":"ImageObject","inLanguage":"en-US","@id":"https:\/\/edituracrimca.ro\/#\/schema\/logo\/image\/","url":"https:\/\/edituracrimca.ro\/wp-content\/uploads\/2026\/04\/editura-crimca.svg","contentUrl":"https:\/\/edituracrimca.ro\/wp-content\/uploads\/2026\/04\/editura-crimca.svg","width":601,"height":206,"caption":"Editura CRIMCA"},"image":{"@id":"https:\/\/edituracrimca.ro\/#\/schema\/logo\/image\/"},"sameAs":["https:\/\/web.facebook.com\/EdCrimca","https:\/\/www.instagram.com\/jurnalculturalcrimca\/"]}]}},"_links":{"self":[{"href":"https:\/\/edituracrimca.ro\/en\/wp-json\/wp\/v2\/product\/3077","targetHints":{"allow":["GET"]}}],"collection":[{"href":"https:\/\/edituracrimca.ro\/en\/wp-json\/wp\/v2\/product"}],"about":[{"href":"https:\/\/edituracrimca.ro\/en\/wp-json\/wp\/v2\/types\/product"}],"replies":[{"embeddable":true,"href":"https:\/\/edituracrimca.ro\/en\/wp-json\/wp\/v2\/comments?post=3077"}],"version-history":[{"count":1,"href":"https:\/\/edituracrimca.ro\/en\/wp-json\/wp\/v2\/product\/3077\/revisions"}],"predecessor-version":[{"id":3078,"href":"https:\/\/edituracrimca.ro\/en\/wp-json\/wp\/v2\/product\/3077\/revisions\/3078"}],"wp:featuredmedia":[{"embeddable":true,"href":"https:\/\/edituracrimca.ro\/en\/wp-json\/wp\/v2\/media\/3753"}],"wp:attachment":[{"href":"https:\/\/edituracrimca.ro\/en\/wp-json\/wp\/v2\/media?parent=3077"}],"wp:term":[{"taxonomy":"product_brand","embeddable":true,"href":"https:\/\/edituracrimca.ro\/en\/wp-json\/wp\/v2\/product_brand?post=3077"},{"taxonomy":"product_cat","embeddable":true,"href":"https:\/\/edituracrimca.ro\/en\/wp-json\/wp\/v2\/product_cat?post=3077"},{"taxonomy":"product_tag","embeddable":true,"href":"https:\/\/edituracrimca.ro\/en\/wp-json\/wp\/v2\/product_tag?post=3077"}],"curies":[{"name":"wp","href":"https:\/\/api.w.org\/{rel}","templated":true}]}}