{"id":3072,"date":"2026-04-02T20:44:27","date_gmt":"2026-04-02T18:44:27","guid":{"rendered":"https:\/\/edituracrimca.ro\/magazin\/simbolismul-vesmintelor-liturgice\/"},"modified":"2026-04-18T12:49:17","modified_gmt":"2026-04-18T10:49:17","slug":"simbolismul-vesmintelor-liturgice","status":"publish","type":"product","link":"https:\/\/edituracrimca.ro\/en\/shop\/simbolismul-vesmintelor-liturgice\/","title":{"rendered":"Simbolismul Ve\u0219mintelor liturgice"},"content":{"rendered":"<p>Simbolismul Ve\u0219mintelor liturgice<br \/>\nPr. Dr. Vl\u0103du\u021b-Iulian RO\u0218U<br \/>\nPrin sintagma \u201eve\u0219minte liturgice\u201d\u00a0\u00a0se \u00een\u021belege at\u00e2t vestimenta\u021bia slujitorilor, c\u00e2t \u0219i alte obiecte liturgice, precum epitaful, antimisul , ilitonul , acoper\u00e6mintele Sfintelor Vase sau alte materiale care, prin folosirea lor, \u00eempodobesc biserica sau fac parte din bunul mers al slujbelor religioase.<br \/>\nLucrarea este structurat\u00e6 \u00een trei capitole \u0219i are scopul de a expune evolu\u021bia simbolic\u00e6 a ve\u0219mintelor celor trei trepte preo\u021be\u0219ti: diacon, preot \u0219i episcop. De\u0219i cercetarea acestei teme se \u00eencadreaz\u00e6 \u00een sfera studiilor de liturgic\u00e6, \u00een teologia apusean\u00e6 subiectul ve\u0219mintelor liturgice apar\u021bine formal unei \u0219tiin\u021be care se nume\u0219te \u201eparamentic\u00e6\u201d. Aceast\u0103 disciplin\u0103 analizeaz\u0103 modul de confec\u021bionare a textilelor religioase \u0219i \u00eenzestrarea bisericilor cu acestea (cu studiul efectiv al \u201eparamentelor\u201d, adic\u0103 al materialelor), la care se adaug\u0103 no\u021biuni legate de istoria \u0219i simbolismul vestimenta\u021biei liturgice \u0219i de psihologie a culorilor.<\/p>","protected":false},"excerpt":{"rendered":"<p><strong>Author:<\/strong> Pr. Dr. Vl\u0103du\u021b-Iulian RO\u0218U<\/p>\n<p><strong>Format:<\/strong> 135&#215;210<\/p>\n<p><strong>Number of pages:<\/strong> 184<\/p>\n<p><strong>Year of publication:<\/strong> 2025<\/p>\n<p><strong>Cover type:<\/strong> Paperback<\/p>","protected":false},"featured_media":3749,"comment_status":"closed","ping_status":"open","template":"","meta":{"_acf_changed":false},"product_brand":[],"product_cat":[40],"product_tag":[],"class_list":{"0":"post-3072","1":"product","2":"type-product","3":"status-publish","4":"has-post-thumbnail","6":"product_cat-carti","8":"first","9":"instock","10":"purchasable","11":"product-type-simple"},"acf":[],"yoast_head":"<!-- This site is optimized with the Yoast SEO Premium plugin v27.4 (Yoast SEO v27.4) - https:\/\/yoast.com\/product\/yoast-seo-premium-wordpress\/ -->\n<title>Simbolismul Ve\u0219mintelor liturgice - Editura CRIMCA<\/title>\n<meta name=\"robots\" content=\"index, follow, max-snippet:-1, max-image-preview:large, max-video-preview:-1\" \/>\n<link rel=\"canonical\" href=\"https:\/\/edituracrimca.ro\/en\/shop\/simbolismul-vesmintelor-liturgice\/\" \/>\n<meta property=\"og:locale\" content=\"en_US\" \/>\n<meta property=\"og:type\" content=\"article\" \/>\n<meta property=\"og:title\" content=\"Simbolismul Ve\u0219mintelor liturgice\" \/>\n<meta property=\"og:description\" content=\"Autor: Pr. Dr. Vl\u0103du\u021b-Iulian RO\u0218UFormat: 135x210Num\u0103r pagini: 184Anul public\u0103rii: 2025Tip copert\u0103: Cartonat\u0103\" \/>\n<meta property=\"og:url\" content=\"https:\/\/edituracrimca.ro\/en\/shop\/simbolismul-vesmintelor-liturgice\/\" \/>\n<meta property=\"og:site_name\" content=\"Editura CRIMCA\" \/>\n<meta property=\"article:publisher\" content=\"https:\/\/web.facebook.com\/EdCrimca\" \/>\n<meta property=\"article:modified_time\" content=\"2026-04-18T10:49:17+00:00\" \/>\n<meta property=\"og:image\" content=\"https:\/\/edituracrimca.ro\/wp-content\/uploads\/2026\/04\/simbolismul-vesmintelor-liturgice_front-v2.png\" \/>\n\t<meta property=\"og:image:width\" content=\"1654\" \/>\n\t<meta property=\"og:image:height\" content=\"2540\" \/>\n\t<meta property=\"og:image:type\" content=\"image\/png\" \/>\n<meta name=\"twitter:card\" content=\"summary_large_image\" \/>\n<meta name=\"twitter:label1\" content=\"Est. reading time\" \/>\n\t<meta name=\"twitter:data1\" content=\"1 minute\" \/>\n<script type=\"application\/ld+json\" class=\"yoast-schema-graph\">{\"@context\":\"https:\\\/\\\/schema.org\",\"@graph\":[{\"@type\":\"WebPage\",\"@id\":\"https:\\\/\\\/edituracrimca.ro\\\/magazin\\\/simbolismul-vesmintelor-liturgice\\\/\",\"url\":\"https:\\\/\\\/edituracrimca.ro\\\/magazin\\\/simbolismul-vesmintelor-liturgice\\\/\",\"name\":\"Simbolismul Ve\u0219mintelor liturgice - Editura CRIMCA\",\"isPartOf\":{\"@id\":\"https:\\\/\\\/edituracrimca.ro\\\/#website\"},\"primaryImageOfPage\":{\"@id\":\"https:\\\/\\\/edituracrimca.ro\\\/magazin\\\/simbolismul-vesmintelor-liturgice\\\/#primaryimage\"},\"image\":{\"@id\":\"https:\\\/\\\/edituracrimca.ro\\\/magazin\\\/simbolismul-vesmintelor-liturgice\\\/#primaryimage\"},\"thumbnailUrl\":\"https:\\\/\\\/edituracrimca.ro\\\/wp-content\\\/uploads\\\/2026\\\/04\\\/simbolismul-vesmintelor-liturgice_front-v2.png\",\"datePublished\":\"2026-04-02T18:44:27+00:00\",\"dateModified\":\"2026-04-18T10:49:17+00:00\",\"breadcrumb\":{\"@id\":\"https:\\\/\\\/edituracrimca.ro\\\/magazin\\\/simbolismul-vesmintelor-liturgice\\\/#breadcrumb\"},\"inLanguage\":\"en-US\",\"potentialAction\":[{\"@type\":\"ReadAction\",\"target\":[\"https:\\\/\\\/edituracrimca.ro\\\/magazin\\\/simbolismul-vesmintelor-liturgice\\\/\"]}]},{\"@type\":\"ImageObject\",\"inLanguage\":\"en-US\",\"@id\":\"https:\\\/\\\/edituracrimca.ro\\\/magazin\\\/simbolismul-vesmintelor-liturgice\\\/#primaryimage\",\"url\":\"https:\\\/\\\/edituracrimca.ro\\\/wp-content\\\/uploads\\\/2026\\\/04\\\/simbolismul-vesmintelor-liturgice_front-v2.png\",\"contentUrl\":\"https:\\\/\\\/edituracrimca.ro\\\/wp-content\\\/uploads\\\/2026\\\/04\\\/simbolismul-vesmintelor-liturgice_front-v2.png\",\"width\":1654,\"height\":2540},{\"@type\":\"BreadcrumbList\",\"@id\":\"https:\\\/\\\/edituracrimca.ro\\\/magazin\\\/simbolismul-vesmintelor-liturgice\\\/#breadcrumb\",\"itemListElement\":[{\"@type\":\"ListItem\",\"position\":1,\"name\":\"Prima pagin\u0103\",\"item\":\"https:\\\/\\\/edituracrimca.ro\\\/\"},{\"@type\":\"ListItem\",\"position\":2,\"name\":\"Magazin\",\"item\":\"https:\\\/\\\/edituracrimca.ro\\\/magazin\\\/\"},{\"@type\":\"ListItem\",\"position\":3,\"name\":\"Simbolismul Ve\u0219mintelor liturgice\"}]},{\"@type\":\"WebSite\",\"@id\":\"https:\\\/\\\/edituracrimca.ro\\\/#website\",\"url\":\"https:\\\/\\\/edituracrimca.ro\\\/\",\"name\":\"Editura CRIMCA\",\"description\":\"Cuv\u00e2ntul care Zide\u0219te\",\"publisher\":{\"@id\":\"https:\\\/\\\/edituracrimca.ro\\\/#organization\"},\"potentialAction\":[{\"@type\":\"SearchAction\",\"target\":{\"@type\":\"EntryPoint\",\"urlTemplate\":\"https:\\\/\\\/edituracrimca.ro\\\/?s={search_term_string}\"},\"query-input\":{\"@type\":\"PropertyValueSpecification\",\"valueRequired\":true,\"valueName\":\"search_term_string\"}}],\"inLanguage\":\"en-US\"},{\"@type\":\"Organization\",\"@id\":\"https:\\\/\\\/edituracrimca.ro\\\/#organization\",\"name\":\"Editura CRIMCA\",\"url\":\"https:\\\/\\\/edituracrimca.ro\\\/\",\"logo\":{\"@type\":\"ImageObject\",\"inLanguage\":\"en-US\",\"@id\":\"https:\\\/\\\/edituracrimca.ro\\\/#\\\/schema\\\/logo\\\/image\\\/\",\"url\":\"https:\\\/\\\/edituracrimca.ro\\\/wp-content\\\/uploads\\\/2026\\\/04\\\/editura-crimca.svg\",\"contentUrl\":\"https:\\\/\\\/edituracrimca.ro\\\/wp-content\\\/uploads\\\/2026\\\/04\\\/editura-crimca.svg\",\"width\":601,\"height\":206,\"caption\":\"Editura CRIMCA\"},\"image\":{\"@id\":\"https:\\\/\\\/edituracrimca.ro\\\/#\\\/schema\\\/logo\\\/image\\\/\"},\"sameAs\":[\"https:\\\/\\\/web.facebook.com\\\/EdCrimca\",\"https:\\\/\\\/www.instagram.com\\\/jurnalculturalcrimca\\\/\"]}]}<\/script>\n<!-- \/ Yoast SEO Premium plugin. -->","yoast_head_json":{"title":"Simbolismul Ve\u0219mintelor liturgice - Editura CRIMCA","robots":{"index":"index","follow":"follow","max-snippet":"max-snippet:-1","max-image-preview":"max-image-preview:large","max-video-preview":"max-video-preview:-1"},"canonical":"https:\/\/edituracrimca.ro\/en\/shop\/simbolismul-vesmintelor-liturgice\/","og_locale":"en_US","og_type":"article","og_title":"Simbolismul Ve\u0219mintelor liturgice","og_description":"Autor: Pr. Dr. Vl\u0103du\u021b-Iulian RO\u0218UFormat: 135x210Num\u0103r pagini: 184Anul public\u0103rii: 2025Tip copert\u0103: Cartonat\u0103","og_url":"https:\/\/edituracrimca.ro\/en\/shop\/simbolismul-vesmintelor-liturgice\/","og_site_name":"Editura CRIMCA","article_publisher":"https:\/\/web.facebook.com\/EdCrimca","article_modified_time":"2026-04-18T10:49:17+00:00","og_image":[{"width":1654,"height":2540,"url":"https:\/\/edituracrimca.ro\/wp-content\/uploads\/2026\/04\/simbolismul-vesmintelor-liturgice_front-v2.png","type":"image\/png"}],"twitter_card":"summary_large_image","twitter_misc":{"Est. reading time":"1 minute"},"schema":{"@context":"https:\/\/schema.org","@graph":[{"@type":"WebPage","@id":"https:\/\/edituracrimca.ro\/magazin\/simbolismul-vesmintelor-liturgice\/","url":"https:\/\/edituracrimca.ro\/magazin\/simbolismul-vesmintelor-liturgice\/","name":"Simbolismul Ve\u0219mintelor liturgice - Editura CRIMCA","isPartOf":{"@id":"https:\/\/edituracrimca.ro\/#website"},"primaryImageOfPage":{"@id":"https:\/\/edituracrimca.ro\/magazin\/simbolismul-vesmintelor-liturgice\/#primaryimage"},"image":{"@id":"https:\/\/edituracrimca.ro\/magazin\/simbolismul-vesmintelor-liturgice\/#primaryimage"},"thumbnailUrl":"https:\/\/edituracrimca.ro\/wp-content\/uploads\/2026\/04\/simbolismul-vesmintelor-liturgice_front-v2.png","datePublished":"2026-04-02T18:44:27+00:00","dateModified":"2026-04-18T10:49:17+00:00","breadcrumb":{"@id":"https:\/\/edituracrimca.ro\/magazin\/simbolismul-vesmintelor-liturgice\/#breadcrumb"},"inLanguage":"en-US","potentialAction":[{"@type":"ReadAction","target":["https:\/\/edituracrimca.ro\/magazin\/simbolismul-vesmintelor-liturgice\/"]}]},{"@type":"ImageObject","inLanguage":"en-US","@id":"https:\/\/edituracrimca.ro\/magazin\/simbolismul-vesmintelor-liturgice\/#primaryimage","url":"https:\/\/edituracrimca.ro\/wp-content\/uploads\/2026\/04\/simbolismul-vesmintelor-liturgice_front-v2.png","contentUrl":"https:\/\/edituracrimca.ro\/wp-content\/uploads\/2026\/04\/simbolismul-vesmintelor-liturgice_front-v2.png","width":1654,"height":2540},{"@type":"BreadcrumbList","@id":"https:\/\/edituracrimca.ro\/magazin\/simbolismul-vesmintelor-liturgice\/#breadcrumb","itemListElement":[{"@type":"ListItem","position":1,"name":"Prima pagin\u0103","item":"https:\/\/edituracrimca.ro\/"},{"@type":"ListItem","position":2,"name":"Magazin","item":"https:\/\/edituracrimca.ro\/magazin\/"},{"@type":"ListItem","position":3,"name":"Simbolismul Ve\u0219mintelor liturgice"}]},{"@type":"WebSite","@id":"https:\/\/edituracrimca.ro\/#website","url":"https:\/\/edituracrimca.ro\/","name":"CRIMCA Publishing House","description":"The Word that Builds","publisher":{"@id":"https:\/\/edituracrimca.ro\/#organization"},"potentialAction":[{"@type":"SearchAction","target":{"@type":"EntryPoint","urlTemplate":"https:\/\/edituracrimca.ro\/?s={search_term_string}"},"query-input":{"@type":"PropertyValueSpecification","valueRequired":true,"valueName":"search_term_string"}}],"inLanguage":"en-US"},{"@type":"Organization","@id":"https:\/\/edituracrimca.ro\/#organization","name":"CRIMCA Publishing House","url":"https:\/\/edituracrimca.ro\/","logo":{"@type":"ImageObject","inLanguage":"en-US","@id":"https:\/\/edituracrimca.ro\/#\/schema\/logo\/image\/","url":"https:\/\/edituracrimca.ro\/wp-content\/uploads\/2026\/04\/editura-crimca.svg","contentUrl":"https:\/\/edituracrimca.ro\/wp-content\/uploads\/2026\/04\/editura-crimca.svg","width":601,"height":206,"caption":"Editura CRIMCA"},"image":{"@id":"https:\/\/edituracrimca.ro\/#\/schema\/logo\/image\/"},"sameAs":["https:\/\/web.facebook.com\/EdCrimca","https:\/\/www.instagram.com\/jurnalculturalcrimca\/"]}]}},"_links":{"self":[{"href":"https:\/\/edituracrimca.ro\/en\/wp-json\/wp\/v2\/product\/3072","targetHints":{"allow":["GET"]}}],"collection":[{"href":"https:\/\/edituracrimca.ro\/en\/wp-json\/wp\/v2\/product"}],"about":[{"href":"https:\/\/edituracrimca.ro\/en\/wp-json\/wp\/v2\/types\/product"}],"replies":[{"embeddable":true,"href":"https:\/\/edituracrimca.ro\/en\/wp-json\/wp\/v2\/comments?post=3072"}],"version-history":[{"count":1,"href":"https:\/\/edituracrimca.ro\/en\/wp-json\/wp\/v2\/product\/3072\/revisions"}],"predecessor-version":[{"id":3073,"href":"https:\/\/edituracrimca.ro\/en\/wp-json\/wp\/v2\/product\/3072\/revisions\/3073"}],"wp:featuredmedia":[{"embeddable":true,"href":"https:\/\/edituracrimca.ro\/en\/wp-json\/wp\/v2\/media\/3749"}],"wp:attachment":[{"href":"https:\/\/edituracrimca.ro\/en\/wp-json\/wp\/v2\/media?parent=3072"}],"wp:term":[{"taxonomy":"product_brand","embeddable":true,"href":"https:\/\/edituracrimca.ro\/en\/wp-json\/wp\/v2\/product_brand?post=3072"},{"taxonomy":"product_cat","embeddable":true,"href":"https:\/\/edituracrimca.ro\/en\/wp-json\/wp\/v2\/product_cat?post=3072"},{"taxonomy":"product_tag","embeddable":true,"href":"https:\/\/edituracrimca.ro\/en\/wp-json\/wp\/v2\/product_tag?post=3072"}],"curies":[{"name":"wp","href":"https:\/\/api.w.org\/{rel}","templated":true}]}}