{"id":3065,"date":"2026-04-02T20:44:27","date_gmt":"2026-04-02T18:44:27","guid":{"rendered":"https:\/\/edituracrimca.ro\/magazin\/tratat-asupra-tuturor-dogmelor\/"},"modified":"2026-04-18T12:49:06","modified_gmt":"2026-04-18T10:49:06","slug":"treatise-on-all-dogmas","status":"publish","type":"product","link":"https:\/\/edituracrimca.ro\/en\/shop\/treatise-on-all-dogmas\/","title":{"rendered":"Treatise on All Dogmas"},"content":{"rendered":"<p>A treatise on all the dogmas of our orthodox faith, according to the true principles laid down by our Lord Jesus Christ and his followers<br \/>\nSaint Simeon Archbishop of Thessalonica<br \/>\nThe fundamental work of St. Simeon Archbishop of Thessalonica entitled \u201eTreatise on the dogmas of our Orthodox faith, according to the principles laid down by our Lord Jesus Christ and His followers\u201d, should not be viewed only from the perspective of dogmatic theology, through which the author attempts to summarize the fundamental elements of the faith that he confessed from the pulpit. On the contrary! The text, articulated on the dogmatico-liturgical dimension, also reveals the value of the liturgical hermeneutics, so necessary for the theologian and priest of today.<br \/>\nThe present edition brings together in a single volume the reprint of the two parts that made up the \u201eTreatise on the dogmas of our Orthodox faith, according to the principles laid down by our Lord Jesus Christ and His followers\u201d, edited with great skill by Archim. dr. Grichentie Natu. The most important aspect that we sought was that the Romanian reader should have a \u201eblock\u201d material, compact, which would present the entire treatise of St. Simeon in its multiple forms, as it is preserved for example in the collection of abbot J.P. Migne (Patrologia Graeca 155, 33-976).<br \/>\nLect. dr. Alexandru Prelipcean<br \/>\nFaculty of Orthodox Theology \u201eDumitru St\u0103niloae\u201d from Ia\u0219i<\/p>","protected":false},"excerpt":{"rendered":"<p><strong>Format:<\/strong> 165 X 240<\/p>\n<p><strong>Number of pages:<\/strong> 782<\/p>\n<p><strong>Year of publication:<\/strong> 2025<\/p>\n<p><strong>Cover type:<\/strong> hardback<\/p>\n<p><strong>Cant:<\/strong> printed<\/p>","protected":false},"featured_media":0,"comment_status":"closed","ping_status":"open","template":"","meta":{"_acf_changed":false},"product_brand":[],"product_cat":[40],"product_tag":[],"class_list":{"0":"post-3065","1":"product","2":"type-product","3":"status-publish","5":"product_cat-carti","7":"first","8":"instock","9":"purchasable","10":"product-type-simple"},"acf":[],"yoast_head":"<!-- This site is optimized with the Yoast SEO Premium plugin v27.4 (Yoast SEO v27.4) - https:\/\/yoast.com\/product\/yoast-seo-premium-wordpress\/ -->\n<title>Tratat asupra Tuturor dogmelor - Editura CRIMCA<\/title>\n<meta name=\"robots\" content=\"index, follow, max-snippet:-1, max-image-preview:large, max-video-preview:-1\" \/>\n<link rel=\"canonical\" href=\"https:\/\/edituracrimca.ro\/en\/shop\/treatise-on-all-dogmas\/\" \/>\n<meta property=\"og:locale\" content=\"en_US\" \/>\n<meta property=\"og:type\" content=\"article\" \/>\n<meta property=\"og:title\" content=\"Tratat asupra Tuturor dogmelor\" \/>\n<meta property=\"og:description\" content=\"Format: 165 X 240Num\u0103r pagini: 782Anul public\u0103rii: 2025Tip copert\u0103: cartonat\u0103Cant: tip\u0103rit\" \/>\n<meta property=\"og:url\" content=\"https:\/\/edituracrimca.ro\/en\/shop\/treatise-on-all-dogmas\/\" \/>\n<meta property=\"og:site_name\" content=\"Editura CRIMCA\" \/>\n<meta property=\"article:publisher\" content=\"https:\/\/web.facebook.com\/EdCrimca\" \/>\n<meta property=\"article:modified_time\" content=\"2026-04-18T10:49:06+00:00\" \/>\n<meta name=\"twitter:card\" content=\"summary_large_image\" \/>\n<meta name=\"twitter:label1\" content=\"Est. reading time\" \/>\n\t<meta name=\"twitter:data1\" content=\"1 minute\" \/>\n<script type=\"application\/ld+json\" class=\"yoast-schema-graph\">{\"@context\":\"https:\\\/\\\/schema.org\",\"@graph\":[{\"@type\":\"WebPage\",\"@id\":\"https:\\\/\\\/edituracrimca.ro\\\/magazin\\\/tratat-asupra-tuturor-dogmelor\\\/\",\"url\":\"https:\\\/\\\/edituracrimca.ro\\\/magazin\\\/tratat-asupra-tuturor-dogmelor\\\/\",\"name\":\"Tratat asupra Tuturor dogmelor - Editura CRIMCA\",\"isPartOf\":{\"@id\":\"https:\\\/\\\/edituracrimca.ro\\\/#website\"},\"datePublished\":\"2026-04-02T18:44:27+00:00\",\"dateModified\":\"2026-04-18T10:49:06+00:00\",\"breadcrumb\":{\"@id\":\"https:\\\/\\\/edituracrimca.ro\\\/magazin\\\/tratat-asupra-tuturor-dogmelor\\\/#breadcrumb\"},\"inLanguage\":\"en-US\",\"potentialAction\":[{\"@type\":\"ReadAction\",\"target\":[\"https:\\\/\\\/edituracrimca.ro\\\/magazin\\\/tratat-asupra-tuturor-dogmelor\\\/\"]}]},{\"@type\":\"BreadcrumbList\",\"@id\":\"https:\\\/\\\/edituracrimca.ro\\\/magazin\\\/tratat-asupra-tuturor-dogmelor\\\/#breadcrumb\",\"itemListElement\":[{\"@type\":\"ListItem\",\"position\":1,\"name\":\"Prima pagin\u0103\",\"item\":\"https:\\\/\\\/edituracrimca.ro\\\/\"},{\"@type\":\"ListItem\",\"position\":2,\"name\":\"Magazin\",\"item\":\"https:\\\/\\\/edituracrimca.ro\\\/magazin\\\/\"},{\"@type\":\"ListItem\",\"position\":3,\"name\":\"Tratat asupra Tuturor dogmelor\"}]},{\"@type\":\"WebSite\",\"@id\":\"https:\\\/\\\/edituracrimca.ro\\\/#website\",\"url\":\"https:\\\/\\\/edituracrimca.ro\\\/\",\"name\":\"Editura CRIMCA\",\"description\":\"Cuv\u00e2ntul care Zide\u0219te\",\"publisher\":{\"@id\":\"https:\\\/\\\/edituracrimca.ro\\\/#organization\"},\"potentialAction\":[{\"@type\":\"SearchAction\",\"target\":{\"@type\":\"EntryPoint\",\"urlTemplate\":\"https:\\\/\\\/edituracrimca.ro\\\/?s={search_term_string}\"},\"query-input\":{\"@type\":\"PropertyValueSpecification\",\"valueRequired\":true,\"valueName\":\"search_term_string\"}}],\"inLanguage\":\"en-US\"},{\"@type\":\"Organization\",\"@id\":\"https:\\\/\\\/edituracrimca.ro\\\/#organization\",\"name\":\"Editura CRIMCA\",\"url\":\"https:\\\/\\\/edituracrimca.ro\\\/\",\"logo\":{\"@type\":\"ImageObject\",\"inLanguage\":\"en-US\",\"@id\":\"https:\\\/\\\/edituracrimca.ro\\\/#\\\/schema\\\/logo\\\/image\\\/\",\"url\":\"https:\\\/\\\/edituracrimca.ro\\\/wp-content\\\/uploads\\\/2026\\\/04\\\/editura-crimca.svg\",\"contentUrl\":\"https:\\\/\\\/edituracrimca.ro\\\/wp-content\\\/uploads\\\/2026\\\/04\\\/editura-crimca.svg\",\"width\":601,\"height\":206,\"caption\":\"Editura CRIMCA\"},\"image\":{\"@id\":\"https:\\\/\\\/edituracrimca.ro\\\/#\\\/schema\\\/logo\\\/image\\\/\"},\"sameAs\":[\"https:\\\/\\\/web.facebook.com\\\/EdCrimca\",\"https:\\\/\\\/www.instagram.com\\\/jurnalculturalcrimca\\\/\"]}]}<\/script>\n<!-- \/ Yoast SEO Premium plugin. -->","yoast_head_json":{"title":"Treatise on All Dogmas - CRIMCA Publishing House","robots":{"index":"index","follow":"follow","max-snippet":"max-snippet:-1","max-image-preview":"max-image-preview:large","max-video-preview":"max-video-preview:-1"},"canonical":"https:\/\/edituracrimca.ro\/en\/shop\/treatise-on-all-dogmas\/","og_locale":"en_US","og_type":"article","og_title":"Tratat asupra Tuturor dogmelor","og_description":"Format: 165 X 240Num\u0103r pagini: 782Anul public\u0103rii: 2025Tip copert\u0103: cartonat\u0103Cant: tip\u0103rit","og_url":"https:\/\/edituracrimca.ro\/en\/shop\/treatise-on-all-dogmas\/","og_site_name":"Editura CRIMCA","article_publisher":"https:\/\/web.facebook.com\/EdCrimca","article_modified_time":"2026-04-18T10:49:06+00:00","twitter_card":"summary_large_image","twitter_misc":{"Est. reading time":"1 minute"},"schema":{"@context":"https:\/\/schema.org","@graph":[{"@type":"WebPage","@id":"https:\/\/edituracrimca.ro\/magazin\/tratat-asupra-tuturor-dogmelor\/","url":"https:\/\/edituracrimca.ro\/magazin\/tratat-asupra-tuturor-dogmelor\/","name":"Treatise on All Dogmas - CRIMCA Publishing House","isPartOf":{"@id":"https:\/\/edituracrimca.ro\/#website"},"datePublished":"2026-04-02T18:44:27+00:00","dateModified":"2026-04-18T10:49:06+00:00","breadcrumb":{"@id":"https:\/\/edituracrimca.ro\/magazin\/tratat-asupra-tuturor-dogmelor\/#breadcrumb"},"inLanguage":"en-US","potentialAction":[{"@type":"ReadAction","target":["https:\/\/edituracrimca.ro\/magazin\/tratat-asupra-tuturor-dogmelor\/"]}]},{"@type":"BreadcrumbList","@id":"https:\/\/edituracrimca.ro\/magazin\/tratat-asupra-tuturor-dogmelor\/#breadcrumb","itemListElement":[{"@type":"ListItem","position":1,"name":"Prima pagin\u0103","item":"https:\/\/edituracrimca.ro\/"},{"@type":"ListItem","position":2,"name":"Magazin","item":"https:\/\/edituracrimca.ro\/magazin\/"},{"@type":"ListItem","position":3,"name":"Tratat asupra Tuturor dogmelor"}]},{"@type":"WebSite","@id":"https:\/\/edituracrimca.ro\/#website","url":"https:\/\/edituracrimca.ro\/","name":"CRIMCA Publishing House","description":"The Word that Builds","publisher":{"@id":"https:\/\/edituracrimca.ro\/#organization"},"potentialAction":[{"@type":"SearchAction","target":{"@type":"EntryPoint","urlTemplate":"https:\/\/edituracrimca.ro\/?s={search_term_string}"},"query-input":{"@type":"PropertyValueSpecification","valueRequired":true,"valueName":"search_term_string"}}],"inLanguage":"en-US"},{"@type":"Organization","@id":"https:\/\/edituracrimca.ro\/#organization","name":"CRIMCA Publishing House","url":"https:\/\/edituracrimca.ro\/","logo":{"@type":"ImageObject","inLanguage":"en-US","@id":"https:\/\/edituracrimca.ro\/#\/schema\/logo\/image\/","url":"https:\/\/edituracrimca.ro\/wp-content\/uploads\/2026\/04\/editura-crimca.svg","contentUrl":"https:\/\/edituracrimca.ro\/wp-content\/uploads\/2026\/04\/editura-crimca.svg","width":601,"height":206,"caption":"Editura CRIMCA"},"image":{"@id":"https:\/\/edituracrimca.ro\/#\/schema\/logo\/image\/"},"sameAs":["https:\/\/web.facebook.com\/EdCrimca","https:\/\/www.instagram.com\/jurnalculturalcrimca\/"]}]}},"_links":{"self":[{"href":"https:\/\/edituracrimca.ro\/en\/wp-json\/wp\/v2\/product\/3065","targetHints":{"allow":["GET"]}}],"collection":[{"href":"https:\/\/edituracrimca.ro\/en\/wp-json\/wp\/v2\/product"}],"about":[{"href":"https:\/\/edituracrimca.ro\/en\/wp-json\/wp\/v2\/types\/product"}],"replies":[{"embeddable":true,"href":"https:\/\/edituracrimca.ro\/en\/wp-json\/wp\/v2\/comments?post=3065"}],"version-history":[{"count":1,"href":"https:\/\/edituracrimca.ro\/en\/wp-json\/wp\/v2\/product\/3065\/revisions"}],"predecessor-version":[{"id":3066,"href":"https:\/\/edituracrimca.ro\/en\/wp-json\/wp\/v2\/product\/3065\/revisions\/3066"}],"wp:attachment":[{"href":"https:\/\/edituracrimca.ro\/en\/wp-json\/wp\/v2\/media?parent=3065"}],"wp:term":[{"taxonomy":"product_brand","embeddable":true,"href":"https:\/\/edituracrimca.ro\/en\/wp-json\/wp\/v2\/product_brand?post=3065"},{"taxonomy":"product_cat","embeddable":true,"href":"https:\/\/edituracrimca.ro\/en\/wp-json\/wp\/v2\/product_cat?post=3065"},{"taxonomy":"product_tag","embeddable":true,"href":"https:\/\/edituracrimca.ro\/en\/wp-json\/wp\/v2\/product_tag?post=3065"}],"curies":[{"name":"wp","href":"https:\/\/api.w.org\/{rel}","templated":true}]}}