{"id":3060,"date":"2026-04-02T20:44:27","date_gmt":"2026-04-02T18:44:27","guid":{"rendered":"https:\/\/edituracrimca.ro\/magazin\/paraclisul-maicii-domnului-o-scrisoare-de-pocainta-a-sufletului-comentariu\/"},"modified":"2026-04-18T12:48:53","modified_gmt":"2026-04-18T10:48:53","slug":"paraclisul-maicii-domnului-o-scrisoare-de-pocainta-a-sufletului-comentariu","status":"publish","type":"product","link":"https:\/\/edituracrimca.ro\/en\/shop\/paraclisul-maicii-domnului-o-scrisoare-de-pocainta-a-sufletului-comentariu\/","title":{"rendered":"Our Lady's Chaplet - A letter of repentance of the soul (comment)"},"content":{"rendered":"<p>Paraklesis to the Mother of God<br \/>\nArchbishop Calinic of Suceava and R\u0103d\u0103u\u021bi<br \/>\n,,\u00cen aceast\u0103 a II-a edi\u021bie a comentariului ap\u0103rut la Editura Crimca, ni se dezv\u0103luie importan\u021ba rug\u0103ciunii de poc\u0103in\u021b\u0103 ca mijloc de lucrare a m\u00e2ntuirii \u0219i suntem \u00eendemna\u021bi s\u0103 reflect\u0103m la puterea de mijlocire a rug\u0103ciunilor pe care Maica Domnului le face pentru noi.<br \/>\nAstfel, parcurg\u00e2nd cele 17 capitole, de la un Scurt Istoric \u0219i Structura paraclisului la explicarea tuturor stihirilor, sedelnelor, catavasiilor, stihoavnei, Apostolului \u0219i Evangheliei, ne d\u0103m seama c\u0103 Paraclisul c\u0103tre Maica Domnului este de fapt o discu\u021bie de consolare pe care noi o purt\u0103m \u00een vederea c\u00e2\u0219tig\u0103rii a ceea ce ar trebui s\u0103 fie cel mai scump lucru pentru noi, m\u00e2ntuirea.<br \/>\nAceasta este o scrisoare care nu poate s\u0103 r\u0103m\u00e2n\u0103 f\u0103r\u0103 r\u0103spuns \u0219i una care ar trebui s\u0103 se afle pe noptiera fiec\u0103rui preot, teolog \u0219i credincios care caut\u0103 s\u0103 fie \u00een leg\u0103tur\u0103 permanent\u0103 cu Cerul\u201d.<br \/>\nCrimca Publishing house<\/p>","protected":false},"excerpt":{"rendered":"<p><strong>Author:<\/strong> Archbishop Calinic of Suceava and R\u0103d\u0103u\u021bi<\/p>\n<p><strong>Format:<\/strong> 190 X 110<\/p>\n<p><strong>Number of pages:<\/strong> 84<\/p>\n<p><strong>Year of publication:<\/strong> 2021<\/p>\n<p><strong>Cover type:<\/strong> Paperback<\/p>\n<p><strong>ISBN:<\/strong> 978-606-734-137-9<\/p>","protected":false},"featured_media":3740,"comment_status":"closed","ping_status":"open","template":"","meta":{"_acf_changed":false},"product_brand":[],"product_cat":[40],"product_tag":[],"class_list":{"0":"post-3060","1":"product","2":"type-product","3":"status-publish","4":"has-post-thumbnail","6":"product_cat-carti","8":"first","9":"instock","10":"purchasable","11":"product-type-simple"},"acf":[],"yoast_head":"<!-- This site is optimized with the Yoast SEO Premium plugin v27.4 (Yoast SEO v27.4) - https:\/\/yoast.com\/product\/yoast-seo-premium-wordpress\/ -->\n<title>Paraclisul Maicii Domnului - O scrisoare de poc\u0103in\u021b\u0103 a sufletului (comentariu) - Editura CRIMCA<\/title>\n<meta name=\"robots\" content=\"index, follow, max-snippet:-1, max-image-preview:large, max-video-preview:-1\" \/>\n<link rel=\"canonical\" href=\"https:\/\/edituracrimca.ro\/en\/shop\/paraclisul-maicii-domnului-o-scrisoare-de-pocainta-a-sufletului-comentariu\/\" \/>\n<meta property=\"og:locale\" content=\"en_US\" \/>\n<meta property=\"og:type\" content=\"article\" \/>\n<meta property=\"og:title\" content=\"Paraclisul Maicii Domnului - O scrisoare de poc\u0103in\u021b\u0103 a sufletului (comentariu)\" \/>\n<meta property=\"og:description\" content=\"Autor: \u00cenaltpreasfin\u021bitul P\u0103rinte Calinic, Arhiepiscop al Sucevei \u0219i R\u0103d\u0103u\u021bilorFormat: 190 X 110Num\u0103r pagini: 84Anul public\u0103rii: 2021Tip copert\u0103: Bro\u0219at\u0103ISBN: 978-606-734-137-9\" \/>\n<meta property=\"og:url\" content=\"https:\/\/edituracrimca.ro\/en\/shop\/paraclisul-maicii-domnului-o-scrisoare-de-pocainta-a-sufletului-comentariu\/\" \/>\n<meta property=\"og:site_name\" content=\"Editura CRIMCA\" \/>\n<meta property=\"article:publisher\" content=\"https:\/\/web.facebook.com\/EdCrimca\" \/>\n<meta property=\"article:modified_time\" content=\"2026-04-18T10:48:53+00:00\" \/>\n<meta property=\"og:image\" content=\"https:\/\/edituracrimca.ro\/wp-content\/uploads\/2026\/04\/paraclisul-maicii-domnului-o-scrisoare-de-pocainta-a-sufletului-comentariu_front-v2.png\" \/>\n\t<meta property=\"og:image:width\" content=\"1359\" \/>\n\t<meta property=\"og:image:height\" content=\"2304\" \/>\n\t<meta property=\"og:image:type\" content=\"image\/png\" \/>\n<meta name=\"twitter:card\" content=\"summary_large_image\" \/>\n<meta name=\"twitter:label1\" content=\"Est. reading time\" \/>\n\t<meta name=\"twitter:data1\" content=\"1 minute\" \/>\n<script type=\"application\/ld+json\" class=\"yoast-schema-graph\">{\"@context\":\"https:\\\/\\\/schema.org\",\"@graph\":[{\"@type\":\"WebPage\",\"@id\":\"https:\\\/\\\/edituracrimca.ro\\\/magazin\\\/paraclisul-maicii-domnului-o-scrisoare-de-pocainta-a-sufletului-comentariu\\\/\",\"url\":\"https:\\\/\\\/edituracrimca.ro\\\/magazin\\\/paraclisul-maicii-domnului-o-scrisoare-de-pocainta-a-sufletului-comentariu\\\/\",\"name\":\"Paraclisul Maicii Domnului - O scrisoare de poc\u0103in\u021b\u0103 a sufletului (comentariu) - Editura CRIMCA\",\"isPartOf\":{\"@id\":\"https:\\\/\\\/edituracrimca.ro\\\/#website\"},\"primaryImageOfPage\":{\"@id\":\"https:\\\/\\\/edituracrimca.ro\\\/magazin\\\/paraclisul-maicii-domnului-o-scrisoare-de-pocainta-a-sufletului-comentariu\\\/#primaryimage\"},\"image\":{\"@id\":\"https:\\\/\\\/edituracrimca.ro\\\/magazin\\\/paraclisul-maicii-domnului-o-scrisoare-de-pocainta-a-sufletului-comentariu\\\/#primaryimage\"},\"thumbnailUrl\":\"https:\\\/\\\/edituracrimca.ro\\\/wp-content\\\/uploads\\\/2026\\\/04\\\/paraclisul-maicii-domnului-o-scrisoare-de-pocainta-a-sufletului-comentariu_front-v2.png\",\"datePublished\":\"2026-04-02T18:44:27+00:00\",\"dateModified\":\"2026-04-18T10:48:53+00:00\",\"breadcrumb\":{\"@id\":\"https:\\\/\\\/edituracrimca.ro\\\/magazin\\\/paraclisul-maicii-domnului-o-scrisoare-de-pocainta-a-sufletului-comentariu\\\/#breadcrumb\"},\"inLanguage\":\"en-US\",\"potentialAction\":[{\"@type\":\"ReadAction\",\"target\":[\"https:\\\/\\\/edituracrimca.ro\\\/magazin\\\/paraclisul-maicii-domnului-o-scrisoare-de-pocainta-a-sufletului-comentariu\\\/\"]}]},{\"@type\":\"ImageObject\",\"inLanguage\":\"en-US\",\"@id\":\"https:\\\/\\\/edituracrimca.ro\\\/magazin\\\/paraclisul-maicii-domnului-o-scrisoare-de-pocainta-a-sufletului-comentariu\\\/#primaryimage\",\"url\":\"https:\\\/\\\/edituracrimca.ro\\\/wp-content\\\/uploads\\\/2026\\\/04\\\/paraclisul-maicii-domnului-o-scrisoare-de-pocainta-a-sufletului-comentariu_front-v2.png\",\"contentUrl\":\"https:\\\/\\\/edituracrimca.ro\\\/wp-content\\\/uploads\\\/2026\\\/04\\\/paraclisul-maicii-domnului-o-scrisoare-de-pocainta-a-sufletului-comentariu_front-v2.png\",\"width\":1359,\"height\":2304},{\"@type\":\"BreadcrumbList\",\"@id\":\"https:\\\/\\\/edituracrimca.ro\\\/magazin\\\/paraclisul-maicii-domnului-o-scrisoare-de-pocainta-a-sufletului-comentariu\\\/#breadcrumb\",\"itemListElement\":[{\"@type\":\"ListItem\",\"position\":1,\"name\":\"Prima pagin\u0103\",\"item\":\"https:\\\/\\\/edituracrimca.ro\\\/\"},{\"@type\":\"ListItem\",\"position\":2,\"name\":\"Magazin\",\"item\":\"https:\\\/\\\/edituracrimca.ro\\\/magazin\\\/\"},{\"@type\":\"ListItem\",\"position\":3,\"name\":\"Paraclisul Maicii Domnului &#8211; O scrisoare de poc\u0103in\u021b\u0103 a sufletului (comentariu)\"}]},{\"@type\":\"WebSite\",\"@id\":\"https:\\\/\\\/edituracrimca.ro\\\/#website\",\"url\":\"https:\\\/\\\/edituracrimca.ro\\\/\",\"name\":\"Editura CRIMCA\",\"description\":\"Cuv\u00e2ntul care Zide\u0219te\",\"publisher\":{\"@id\":\"https:\\\/\\\/edituracrimca.ro\\\/#organization\"},\"potentialAction\":[{\"@type\":\"SearchAction\",\"target\":{\"@type\":\"EntryPoint\",\"urlTemplate\":\"https:\\\/\\\/edituracrimca.ro\\\/?s={search_term_string}\"},\"query-input\":{\"@type\":\"PropertyValueSpecification\",\"valueRequired\":true,\"valueName\":\"search_term_string\"}}],\"inLanguage\":\"en-US\"},{\"@type\":\"Organization\",\"@id\":\"https:\\\/\\\/edituracrimca.ro\\\/#organization\",\"name\":\"Editura CRIMCA\",\"url\":\"https:\\\/\\\/edituracrimca.ro\\\/\",\"logo\":{\"@type\":\"ImageObject\",\"inLanguage\":\"en-US\",\"@id\":\"https:\\\/\\\/edituracrimca.ro\\\/#\\\/schema\\\/logo\\\/image\\\/\",\"url\":\"https:\\\/\\\/edituracrimca.ro\\\/wp-content\\\/uploads\\\/2026\\\/04\\\/editura-crimca.svg\",\"contentUrl\":\"https:\\\/\\\/edituracrimca.ro\\\/wp-content\\\/uploads\\\/2026\\\/04\\\/editura-crimca.svg\",\"width\":601,\"height\":206,\"caption\":\"Editura CRIMCA\"},\"image\":{\"@id\":\"https:\\\/\\\/edituracrimca.ro\\\/#\\\/schema\\\/logo\\\/image\\\/\"},\"sameAs\":[\"https:\\\/\\\/web.facebook.com\\\/EdCrimca\",\"https:\\\/\\\/www.instagram.com\\\/jurnalculturalcrimca\\\/\"]}]}<\/script>\n<!-- \/ Yoast SEO Premium plugin. -->","yoast_head_json":{"title":"Paraclisul Maicii Domnului - O scrisoare de poc\u0103in\u021b\u0103 a sufletului (comentariu) - Editura CRIMCA","robots":{"index":"index","follow":"follow","max-snippet":"max-snippet:-1","max-image-preview":"max-image-preview:large","max-video-preview":"max-video-preview:-1"},"canonical":"https:\/\/edituracrimca.ro\/en\/shop\/paraclisul-maicii-domnului-o-scrisoare-de-pocainta-a-sufletului-comentariu\/","og_locale":"en_US","og_type":"article","og_title":"Paraclisul Maicii Domnului - O scrisoare de poc\u0103in\u021b\u0103 a sufletului (comentariu)","og_description":"Autor: \u00cenaltpreasfin\u021bitul P\u0103rinte Calinic, Arhiepiscop al Sucevei \u0219i R\u0103d\u0103u\u021bilorFormat: 190 X 110Num\u0103r pagini: 84Anul public\u0103rii: 2021Tip copert\u0103: Bro\u0219at\u0103ISBN: 978-606-734-137-9","og_url":"https:\/\/edituracrimca.ro\/en\/shop\/paraclisul-maicii-domnului-o-scrisoare-de-pocainta-a-sufletului-comentariu\/","og_site_name":"Editura CRIMCA","article_publisher":"https:\/\/web.facebook.com\/EdCrimca","article_modified_time":"2026-04-18T10:48:53+00:00","og_image":[{"width":1359,"height":2304,"url":"https:\/\/edituracrimca.ro\/wp-content\/uploads\/2026\/04\/paraclisul-maicii-domnului-o-scrisoare-de-pocainta-a-sufletului-comentariu_front-v2.png","type":"image\/png"}],"twitter_card":"summary_large_image","twitter_misc":{"Est. reading time":"1 minute"},"schema":{"@context":"https:\/\/schema.org","@graph":[{"@type":"WebPage","@id":"https:\/\/edituracrimca.ro\/magazin\/paraclisul-maicii-domnului-o-scrisoare-de-pocainta-a-sufletului-comentariu\/","url":"https:\/\/edituracrimca.ro\/magazin\/paraclisul-maicii-domnului-o-scrisoare-de-pocainta-a-sufletului-comentariu\/","name":"Paraclisul Maicii Domnului - O scrisoare de poc\u0103in\u021b\u0103 a sufletului (comentariu) - Editura CRIMCA","isPartOf":{"@id":"https:\/\/edituracrimca.ro\/#website"},"primaryImageOfPage":{"@id":"https:\/\/edituracrimca.ro\/magazin\/paraclisul-maicii-domnului-o-scrisoare-de-pocainta-a-sufletului-comentariu\/#primaryimage"},"image":{"@id":"https:\/\/edituracrimca.ro\/magazin\/paraclisul-maicii-domnului-o-scrisoare-de-pocainta-a-sufletului-comentariu\/#primaryimage"},"thumbnailUrl":"https:\/\/edituracrimca.ro\/wp-content\/uploads\/2026\/04\/paraclisul-maicii-domnului-o-scrisoare-de-pocainta-a-sufletului-comentariu_front-v2.png","datePublished":"2026-04-02T18:44:27+00:00","dateModified":"2026-04-18T10:48:53+00:00","breadcrumb":{"@id":"https:\/\/edituracrimca.ro\/magazin\/paraclisul-maicii-domnului-o-scrisoare-de-pocainta-a-sufletului-comentariu\/#breadcrumb"},"inLanguage":"en-US","potentialAction":[{"@type":"ReadAction","target":["https:\/\/edituracrimca.ro\/magazin\/paraclisul-maicii-domnului-o-scrisoare-de-pocainta-a-sufletului-comentariu\/"]}]},{"@type":"ImageObject","inLanguage":"en-US","@id":"https:\/\/edituracrimca.ro\/magazin\/paraclisul-maicii-domnului-o-scrisoare-de-pocainta-a-sufletului-comentariu\/#primaryimage","url":"https:\/\/edituracrimca.ro\/wp-content\/uploads\/2026\/04\/paraclisul-maicii-domnului-o-scrisoare-de-pocainta-a-sufletului-comentariu_front-v2.png","contentUrl":"https:\/\/edituracrimca.ro\/wp-content\/uploads\/2026\/04\/paraclisul-maicii-domnului-o-scrisoare-de-pocainta-a-sufletului-comentariu_front-v2.png","width":1359,"height":2304},{"@type":"BreadcrumbList","@id":"https:\/\/edituracrimca.ro\/magazin\/paraclisul-maicii-domnului-o-scrisoare-de-pocainta-a-sufletului-comentariu\/#breadcrumb","itemListElement":[{"@type":"ListItem","position":1,"name":"Prima pagin\u0103","item":"https:\/\/edituracrimca.ro\/"},{"@type":"ListItem","position":2,"name":"Magazin","item":"https:\/\/edituracrimca.ro\/magazin\/"},{"@type":"ListItem","position":3,"name":"Paraclisul Maicii Domnului &#8211; O scrisoare de poc\u0103in\u021b\u0103 a sufletului (comentariu)"}]},{"@type":"WebSite","@id":"https:\/\/edituracrimca.ro\/#website","url":"https:\/\/edituracrimca.ro\/","name":"CRIMCA Publishing House","description":"The Word that Builds","publisher":{"@id":"https:\/\/edituracrimca.ro\/#organization"},"potentialAction":[{"@type":"SearchAction","target":{"@type":"EntryPoint","urlTemplate":"https:\/\/edituracrimca.ro\/?s={search_term_string}"},"query-input":{"@type":"PropertyValueSpecification","valueRequired":true,"valueName":"search_term_string"}}],"inLanguage":"en-US"},{"@type":"Organization","@id":"https:\/\/edituracrimca.ro\/#organization","name":"CRIMCA Publishing House","url":"https:\/\/edituracrimca.ro\/","logo":{"@type":"ImageObject","inLanguage":"en-US","@id":"https:\/\/edituracrimca.ro\/#\/schema\/logo\/image\/","url":"https:\/\/edituracrimca.ro\/wp-content\/uploads\/2026\/04\/editura-crimca.svg","contentUrl":"https:\/\/edituracrimca.ro\/wp-content\/uploads\/2026\/04\/editura-crimca.svg","width":601,"height":206,"caption":"Editura CRIMCA"},"image":{"@id":"https:\/\/edituracrimca.ro\/#\/schema\/logo\/image\/"},"sameAs":["https:\/\/web.facebook.com\/EdCrimca","https:\/\/www.instagram.com\/jurnalculturalcrimca\/"]}]}},"_links":{"self":[{"href":"https:\/\/edituracrimca.ro\/en\/wp-json\/wp\/v2\/product\/3060","targetHints":{"allow":["GET"]}}],"collection":[{"href":"https:\/\/edituracrimca.ro\/en\/wp-json\/wp\/v2\/product"}],"about":[{"href":"https:\/\/edituracrimca.ro\/en\/wp-json\/wp\/v2\/types\/product"}],"replies":[{"embeddable":true,"href":"https:\/\/edituracrimca.ro\/en\/wp-json\/wp\/v2\/comments?post=3060"}],"version-history":[{"count":1,"href":"https:\/\/edituracrimca.ro\/en\/wp-json\/wp\/v2\/product\/3060\/revisions"}],"predecessor-version":[{"id":3061,"href":"https:\/\/edituracrimca.ro\/en\/wp-json\/wp\/v2\/product\/3060\/revisions\/3061"}],"wp:featuredmedia":[{"embeddable":true,"href":"https:\/\/edituracrimca.ro\/en\/wp-json\/wp\/v2\/media\/3740"}],"wp:attachment":[{"href":"https:\/\/edituracrimca.ro\/en\/wp-json\/wp\/v2\/media?parent=3060"}],"wp:term":[{"taxonomy":"product_brand","embeddable":true,"href":"https:\/\/edituracrimca.ro\/en\/wp-json\/wp\/v2\/product_brand?post=3060"},{"taxonomy":"product_cat","embeddable":true,"href":"https:\/\/edituracrimca.ro\/en\/wp-json\/wp\/v2\/product_cat?post=3060"},{"taxonomy":"product_tag","embeddable":true,"href":"https:\/\/edituracrimca.ro\/en\/wp-json\/wp\/v2\/product_tag?post=3060"}],"curies":[{"name":"wp","href":"https:\/\/api.w.org\/{rel}","templated":true}]}}