{"id":11530,"date":"2025-11-27T13:41:10","date_gmt":"2025-11-27T11:41:10","guid":{"rendered":"https:\/\/edituracrimca.ro\/?post_type=product&#038;p=11530"},"modified":"2025-11-27T13:41:11","modified_gmt":"2025-11-27T11:41:11","slug":"tratat-asupra-tuturor-dogmelor-credintei-noastre-ortodoxe-dupa-adevaratele-principii-puse-de-domnul-nostru-iisus-hristos-si-urmasii-sai","status":"publish","type":"product","link":"https:\/\/edituracrimca.ro\/en\/product\/tratat-asupra-tuturor-dogmelor-credintei-noastre-ortodoxe-dupa-adevaratele-principii-puse-de-domnul-nostru-iisus-hristos-si-urmasii-sai\/","title":{"rendered":"Tratat asupra tuturor dogmelor credin\u021bei noastre ortodoxe, dup\u0103 adev\u0103ratele principii puse de Domnul nostru Iisus Hristos \u0219i urma\u0219ii S\u0103i"},"content":{"rendered":"<p><b>Tratat asupra tuturor dogmelor credin\u021bei noastre ortodoxe, dup\u0103 adev\u0103ratele principii puse de Domnul nostru Iisus Hristos \u0219i urma\u0219ii S\u00e6i<span class=\"Apple-converted-space\">\u00a0<\/span><\/b><\/p>\n<p><b>Sf\u00e2ntul Simeon Arhiepiscopul Tesalonicului<span class=\"Apple-converted-space\">\u00a0<\/span><\/b><\/p>\n<p>Opera fundamental\u0103 a Sf\u00e2ntului Simeon Arhipscopul Tesalonicului cu titlul \u201eTratatul asupra dogmelor credin\u0163ei noastre ortodoxe, dup\u0103 principii puse de Domnul nostru Iisus Hristos \u015fi urma\u015fii S\u0103i\u201d, nu trebuie privit\u0103 doar din perspectiva Teologiei dogmatice, prin care autorul \u00eencearc\u0103 s\u0103 sintetizeze elementele fundamentale ale credin\u0163ei pe care o m\u0103rturisea de la amvon. Dimpotriv\u0103! Textul, articulat pe dimensiunea dogmatico-liturgic\u0103, descoper\u0103 \u015fi valen\u0163ele erminiilor liturgice, at\u00e2t de necesare teologului \u015fi preotului de ast\u00e6zi.<span class=\"Apple-converted-space\">\u00a0<\/span><\/p>\n<p>Edi\u0163ia de fa\u021b\u0103 grupeaz\u0103 retip\u0103rirea \u00eentr-un singur volum a cele dou\u0103 p\u0103r\u0163i care au constituit \u201eTratatul asupra dogmelor credin\u0163ei noastre ortodoxe, dup\u0103 principii puse de Domnul nostru Iisus Hristos \u015fi urma\u015fii S\u0103i\u201d, tratat editat cu mult\u0103 akribie de arhim. dr. Grichentie Natu. Cel mai important aspect pe care l-am urm\u0103rit a fost ca lectorul rom\u00e2n s\u0103 aib\u0103 parte de un material \u201ebloc\u201d, compact, care s\u0103 \u00eei prezinte \u00eentregul tratat al Sf. Simeon sub formele sale multiple, a\u015fa cum se p\u0103streaz\u0103 el spre exemplu \u00een colec\u0163ia abatelui J.P. Migne (Patrologia Graeca 155, 33-976).<\/p>\n<p>Lect. dr. Alexandru Prelipcean<span class=\"Apple-converted-space\">\u00a0<\/span><\/p>\n<p>Facultatea de Teologie Ortodox\u0103 \u201eDumitru St\u0103niloae\u201d din Ia\u0219i<\/p>","protected":false},"excerpt":{"rendered":"<p>Format: 165\/240<\/p>\n<p>Num\u00e6r pagini: 782<\/p>\n<p>Anul public\u00e6rii: 2025<\/p>\n<p>Tip copert\u00e6: cartonat\u00e6<\/p>\n<p>Cant tip\u00e6rit<\/p>","protected":false},"featured_media":11531,"template":"","meta":[],"product_brand":[],"product_cat":[67],"product_tag":[],"class_list":{"0":"post-11530","1":"product","2":"type-product","3":"status-publish","4":"has-post-thumbnail","6":"product_cat-noutati-editoriale","8":"first","9":"instock","10":"taxable","11":"shipping-taxable","12":"purchasable","13":"product-type-simple"},"_links":{"self":[{"href":"https:\/\/edituracrimca.ro\/en\/wp-json\/wp\/v2\/product\/11530","targetHints":{"allow":["GET"]}}],"collection":[{"href":"https:\/\/edituracrimca.ro\/en\/wp-json\/wp\/v2\/product"}],"about":[{"href":"https:\/\/edituracrimca.ro\/en\/wp-json\/wp\/v2\/types\/product"}],"wp:featuredmedia":[{"embeddable":true,"href":"https:\/\/edituracrimca.ro\/en\/wp-json\/wp\/v2\/media\/11531"}],"wp:attachment":[{"href":"https:\/\/edituracrimca.ro\/en\/wp-json\/wp\/v2\/media?parent=11530"}],"wp:term":[{"taxonomy":"product_brand","embeddable":true,"href":"https:\/\/edituracrimca.ro\/en\/wp-json\/wp\/v2\/product_brand?post=11530"},{"taxonomy":"product_cat","embeddable":true,"href":"https:\/\/edituracrimca.ro\/en\/wp-json\/wp\/v2\/product_cat?post=11530"},{"taxonomy":"product_tag","embeddable":true,"href":"https:\/\/edituracrimca.ro\/en\/wp-json\/wp\/v2\/product_tag?post=11530"}],"curies":[{"name":"wp","href":"https:\/\/api.w.org\/{rel}","templated":true}]}}