{"id":11527,"date":"2025-11-27T13:24:47","date_gmt":"2025-11-27T11:24:47","guid":{"rendered":"https:\/\/edituracrimca.ro\/?post_type=product&#038;p=11527"},"modified":"2025-11-27T13:24:47","modified_gmt":"2025-11-27T11:24:47","slug":"in-servitutem-sanctorum-o-incursiune-in-activitatea-societatii-bollandiste","status":"publish","type":"product","link":"https:\/\/edituracrimca.ro\/en\/product\/in-servitutem-sanctorum-o-incursiune-in-activitatea-societatii-bollandiste\/","title":{"rendered":"In servitutem Sanctorum. O incursiune \u00een activitatea Societ\u0103\u021bii Bollandiste"},"content":{"rendered":"<p><b>In servitutem Sanctorum. O incursiune \u00een activitatea Societ\u0103\u021bii Bollandiste<\/b><\/p>\n<p><b>Pr. Constantin OPREA<span class=\"Apple-converted-space\">\u00a0<\/span><\/b><\/p>\n<p>Lucrarea <i>In servitutem Sanctorum. O incursiune \u00een activitatea Societ\u00e6\u0163ii Bollandiste<\/i>, semnat\u0103 de p\u0103rintele Constantin Oprea, se constituie \u00eentr-o contribu\u021bie remarcabil\u0103 la istoriografia bisericeasc\u0103 \u0219i, totodat\u0103, \u00eentr-un demers academic onest \u0219i temeinic \u00een slujba cunoa\u0219terii tradi\u021biei cre\u0219tine universale. \u00cenc\u0103 de la primele pagini, cititorul este invitat \u00eentr-un spa\u021biu intelectual dens \u0219i provocator, \u00een care istoria, teologia, filologia \u0219i critica textului se \u00eempletesc armonios.<\/p>\n<p>Societatea Bollandist\u0103, fondat\u0103 \u00een secolul al XVII-lea de c\u0103tre iezui\u021bii flamanzi \u00een frunte cu Jean Bolland, a reprezentat una dintre cele mai riguroase \u0219i sistematice ini\u021biative de cercetare hagiografice din \u00eentreaga Europa. Cei care au urmat acestui \u00eenceput au transformat ceea ce era p\u00e2n\u00e6 atunci o tradi\u021bie narativ\u0103 devo\u021bional\u0103 \u00eentr-un corpus critic de texte, adesea editate cu o acribie filologic\u00e6 demn\u00e6 de cele mai \u00eenalte standarde academice. Ceea ce i-a caracterizat pe membrii acestei societ\u0103\u021bi nu a fost doar erudi\u021bia, ci \u0219i o profund\u0103 con\u0219tiin\u021b\u0103 a misiunii lor: aceea de a discerne adev\u0103rul istoric al sfin\u021beniei \u0219i de a-l face accesibil genera\u021biilor urm\u0103toare.<\/p>\n<p>Pr. Prof. Univ. Dr. Emanoil B\u00e6bu\u0219<\/p>\n<p>Facultatea de Teologie Ortodox\u0103 \u201eJustinian Patriarhul\u201d din Bucure\u0219ti<\/p>","protected":false},"excerpt":{"rendered":"<p>Format: 165\/240<\/p>\n<p>Num\u0103r pagini: 560<\/p>\n<p>Anul public\u0103rii: 2025<\/p>\n<p>Tip copert\u0103: cartonat\u0103<\/p>\n<p>Cant tip\u0103rit<\/p>","protected":false},"featured_media":11528,"template":"","meta":[],"product_brand":[],"product_cat":[67],"product_tag":[],"class_list":{"0":"post-11527","1":"product","2":"type-product","3":"status-publish","4":"has-post-thumbnail","6":"product_cat-noutati-editoriale","8":"first","9":"instock","10":"taxable","11":"shipping-taxable","12":"purchasable","13":"product-type-simple"},"_links":{"self":[{"href":"https:\/\/edituracrimca.ro\/en\/wp-json\/wp\/v2\/product\/11527","targetHints":{"allow":["GET"]}}],"collection":[{"href":"https:\/\/edituracrimca.ro\/en\/wp-json\/wp\/v2\/product"}],"about":[{"href":"https:\/\/edituracrimca.ro\/en\/wp-json\/wp\/v2\/types\/product"}],"wp:featuredmedia":[{"embeddable":true,"href":"https:\/\/edituracrimca.ro\/en\/wp-json\/wp\/v2\/media\/11528"}],"wp:attachment":[{"href":"https:\/\/edituracrimca.ro\/en\/wp-json\/wp\/v2\/media?parent=11527"}],"wp:term":[{"taxonomy":"product_brand","embeddable":true,"href":"https:\/\/edituracrimca.ro\/en\/wp-json\/wp\/v2\/product_brand?post=11527"},{"taxonomy":"product_cat","embeddable":true,"href":"https:\/\/edituracrimca.ro\/en\/wp-json\/wp\/v2\/product_cat?post=11527"},{"taxonomy":"product_tag","embeddable":true,"href":"https:\/\/edituracrimca.ro\/en\/wp-json\/wp\/v2\/product_tag?post=11527"}],"curies":[{"name":"wp","href":"https:\/\/api.w.org\/{rel}","templated":true}]}}