{"id":7144,"date":"2022-06-23T09:32:52","date_gmt":"2022-06-23T06:32:52","guid":{"rendered":"https:\/\/edituracrimca.ro\/?page_id=7144"},"modified":"2023-04-26T14:56:49","modified_gmt":"2023-04-26T11:56:49","slug":"in-curs-de-aparitie","status":"publish","type":"page","link":"https:\/\/edituracrimca.ro\/en\/in-curs-de-aparitie\/","title":{"rendered":"Coming soon"},"content":{"rendered":"<div data-elementor-type=\"wp-page\" data-elementor-id=\"7144\" class=\"elementor elementor-7144\">\n\t\t\t\t\t\t\t\t\t<section class=\"elementor-section elementor-top-section elementor-element elementor-element-2827842 elementor-section-boxed elementor-section-height-default elementor-section-height-default qodef-elementor-content-no\" data-id=\"2827842\" data-element_type=\"section\">\n\t\t\t\t\t\t<div class=\"elementor-container elementor-column-gap-default\">\n\t\t\t\t\t<div class=\"elementor-column elementor-col-100 elementor-top-column elementor-element elementor-element-c4a735f\" data-id=\"c4a735f\" data-element_type=\"column\">\n\t\t\t<div class=\"elementor-widget-wrap elementor-element-populated\">\n\t\t\t\t\t\t\t\t<div class=\"elementor-element elementor-element-c3e1da5 elementor-widget elementor-widget-heading\" data-id=\"c3e1da5\" data-element_type=\"widget\" data-widget_type=\"heading.default\">\n\t\t\t\t<div class=\"elementor-widget-container\">\n\t\t\t<style>\/*! elementor - v3.10.2 - 29-01-2023 *\/\n.elementor-heading-title{padding:0;margin:0;line-height:1}.elementor-widget-heading .elementor-heading-title[class*=elementor-size-]>a{color:inherit;font-size:inherit;line-height:inherit}.elementor-widget-heading .elementor-heading-title.elementor-size-small{font-size:15px}.elementor-widget-heading .elementor-heading-title.elementor-size-medium{font-size:19px}.elementor-widget-heading .elementor-heading-title.elementor-size-large{font-size:29px}.elementor-widget-heading .elementor-heading-title.elementor-size-xl{font-size:39px}.elementor-widget-heading .elementor-heading-title.elementor-size-xxl{font-size:59px}<\/style><h4 class=\"elementor-heading-title elementor-size-large\">Coming soon<\/h4>\t\t<\/div>\n\t\t\t\t<\/div>\n\t\t\t\t<div class=\"elementor-element elementor-element-630350a elementor-widget-divider--view-line elementor-widget elementor-widget-divider\" data-id=\"630350a\" data-element_type=\"widget\" data-widget_type=\"divider.default\">\n\t\t\t\t<div class=\"elementor-widget-container\">\n\t\t\t<style>\/*! elementor - v3.10.2 - 29-01-2023 *\/\n.elementor-widget-divider{--divider-border-style:none;--divider-border-width:1px;--divider-color:#2c2c2c;--divider-icon-size:20px;--divider-element-spacing:10px;--divider-pattern-height:24px;--divider-pattern-size:20px;--divider-pattern-url:none;--divider-pattern-repeat:repeat-x}.elementor-widget-divider .elementor-divider{display:flex}.elementor-widget-divider .elementor-divider__text{font-size:15px;line-height:1;max-width:95%}.elementor-widget-divider .elementor-divider__element{margin:0 var(--divider-element-spacing);flex-shrink:0}.elementor-widget-divider .elementor-icon{font-size:var(--divider-icon-size)}.elementor-widget-divider .elementor-divider-separator{display:flex;margin:0;direction:ltr}.elementor-widget-divider--view-line_icon .elementor-divider-separator,.elementor-widget-divider--view-line_text .elementor-divider-separator{align-items:center}.elementor-widget-divider--view-line_icon .elementor-divider-separator:after,.elementor-widget-divider--view-line_icon .elementor-divider-separator:before,.elementor-widget-divider--view-line_text .elementor-divider-separator:after,.elementor-widget-divider--view-line_text .elementor-divider-separator:before{display:block;content:\"\";border-bottom:0;flex-grow:1;border-top:var(--divider-border-width) var(--divider-border-style) var(--divider-color)}.elementor-widget-divider--element-align-left .elementor-divider .elementor-divider-separator>.elementor-divider__svg:first-of-type{flex-grow:0;flex-shrink:100}.elementor-widget-divider--element-align-left .elementor-divider-separator:before{content:none}.elementor-widget-divider--element-align-left .elementor-divider__element{margin-left:0}.elementor-widget-divider--element-align-right .elementor-divider .elementor-divider-separator>.elementor-divider__svg:last-of-type{flex-grow:0;flex-shrink:100}.elementor-widget-divider--element-align-right .elementor-divider-separator:after{content:none}.elementor-widget-divider--element-align-right .elementor-divider__element{margin-right:0}.elementor-widget-divider:not(.elementor-widget-divider--view-line_text):not(.elementor-widget-divider--view-line_icon) .elementor-divider-separator{border-top:var(--divider-border-width) var(--divider-border-style) var(--divider-color)}.elementor-widget-divider--separator-type-pattern{--divider-border-style:none}.elementor-widget-divider--separator-type-pattern.elementor-widget-divider--view-line .elementor-divider-separator,.elementor-widget-divider--separator-type-pattern:not(.elementor-widget-divider--view-line) .elementor-divider-separator:after,.elementor-widget-divider--separator-type-pattern:not(.elementor-widget-divider--view-line) .elementor-divider-separator:before,.elementor-widget-divider--separator-type-pattern:not([class*=elementor-widget-divider--view]) .elementor-divider-separator{width:100%;min-height:var(--divider-pattern-height);-webkit-mask-size:var(--divider-pattern-size) 100%;mask-size:var(--divider-pattern-size) 100%;-webkit-mask-repeat:var(--divider-pattern-repeat);mask-repeat:var(--divider-pattern-repeat);background-color:var(--divider-color);-webkit-mask-image:var(--divider-pattern-url);mask-image:var(--divider-pattern-url)}.elementor-widget-divider--no-spacing{--divider-pattern-size:auto}.elementor-widget-divider--bg-round{--divider-pattern-repeat:round}.rtl .elementor-widget-divider .elementor-divider__text{direction:rtl}.e-con-inner>.elementor-widget-divider,.e-con>.elementor-widget-divider{width:var(--container-widget-width);--flex-grow:var(--container-widget-flex-grow)}<\/style>\t\t<div class=\"elementor-divider\">\n\t\t\t<span class=\"elementor-divider-separator\">\n\t\t\t\t\t\t<\/span>\n\t\t<\/div>\n\t\t\t\t<\/div>\n\t\t\t\t<\/div>\n\t\t\t\t\t<\/div>\n\t\t<\/div>\n\t\t\t\t\t\t\t<\/div>\n\t\t<\/section>\n\t\t\t\t<section class=\"elementor-section elementor-top-section elementor-element elementor-element-52a1e4c elementor-section-boxed elementor-section-height-default elementor-section-height-default qodef-elementor-content-no\" data-id=\"52a1e4c\" data-element_type=\"section\">\n\t\t\t\t\t\t<div class=\"elementor-container elementor-column-gap-default\">\n\t\t\t\t\t<div class=\"elementor-column elementor-col-100 elementor-top-column elementor-element elementor-element-f2754d0\" data-id=\"f2754d0\" data-element_type=\"column\">\n\t\t\t<div class=\"elementor-widget-wrap elementor-element-populated\">\n\t\t\t\t\t\t\t\t<div class=\"elementor-element elementor-element-e451341 elementor-position-left elementor-vertical-align-top elementor-widget elementor-widget-image-box\" data-id=\"e451341\" data-element_type=\"widget\" data-widget_type=\"image-box.default\">\n\t\t\t\t<div class=\"elementor-widget-container\">\n\t\t\t<style>\/*! elementor - v3.10.2 - 29-01-2023 *\/\n.elementor-widget-image-box .elementor-image-box-content{width:100%}@media (min-width:768px){.elementor-widget-image-box.elementor-position-left .elementor-image-box-wrapper,.elementor-widget-image-box.elementor-position-right .elementor-image-box-wrapper{display:flex}.elementor-widget-image-box.elementor-position-right .elementor-image-box-wrapper{text-align:right;flex-direction:row-reverse}.elementor-widget-image-box.elementor-position-left .elementor-image-box-wrapper{text-align:left;flex-direction:row}.elementor-widget-image-box.elementor-position-top .elementor-image-box-img{margin:auto}.elementor-widget-image-box.elementor-vertical-align-top .elementor-image-box-wrapper{align-items:flex-start}.elementor-widget-image-box.elementor-vertical-align-middle .elementor-image-box-wrapper{align-items:center}.elementor-widget-image-box.elementor-vertical-align-bottom .elementor-image-box-wrapper{align-items:flex-end}}@media (max-width:767px){.elementor-widget-image-box .elementor-image-box-img{margin-left:auto!important;margin-right:auto!important;margin-bottom:15px}}.elementor-widget-image-box .elementor-image-box-img{display:inline-block}.elementor-widget-image-box .elementor-image-box-title a{color:inherit}.elementor-widget-image-box .elementor-image-box-wrapper{text-align:center}.elementor-widget-image-box .elementor-image-box-description{margin:0}<\/style><div class=\"elementor-image-box-wrapper\"><figure class=\"elementor-image-box-img\"><img loading=\"lazy\" decoding=\"async\" width=\"650\" height=\"650\" src=\"https:\/\/edituracrimca.ro\/wp-content\/uploads\/2022\/06\/coperta-in-lucru-650x650.png\" class=\"attachment-belletrist_image_size_square size-belletrist_image_size_square wp-image-7157\" alt=\"\" srcset=\"https:\/\/edituracrimca.ro\/wp-content\/uploads\/2022\/06\/coperta-in-lucru-650x650.png 650w, https:\/\/edituracrimca.ro\/wp-content\/uploads\/2022\/06\/coperta-in-lucru-300x300.png 300w, https:\/\/edituracrimca.ro\/wp-content\/uploads\/2022\/06\/coperta-in-lucru-100x100.png 100w, https:\/\/edituracrimca.ro\/wp-content\/uploads\/2022\/06\/coperta-in-lucru-150x150.png 150w, https:\/\/edituracrimca.ro\/wp-content\/uploads\/2022\/06\/coperta-in-lucru-1300x1300.png 1300w\" sizes=\"auto, (max-width: 650px) 100vw, 650px\" \/><\/figure><div class=\"elementor-image-box-content\"><h3 class=\"elementor-image-box-title\">Copii din Biblie. Despre cei mici din vremea veche, pentru cei mici din vremea noastr\u0103 <\/h3><p class=\"elementor-image-box-description\">Preot Dumitru C\u0103lug\u0103r<\/p><\/div><\/div>\t\t<\/div>\n\t\t\t\t<\/div>\n\t\t\t\t<div class=\"elementor-element elementor-element-643ccfc elementor-widget elementor-widget-text-editor\" data-id=\"643ccfc\" data-element_type=\"widget\" data-widget_type=\"text-editor.default\">\n\t\t\t\t<div class=\"elementor-widget-container\">\n\t\t\t<style>\/*! elementor - v3.10.2 - 29-01-2023 *\/\n.elementor-widget-text-editor.elementor-drop-cap-view-stacked .elementor-drop-cap{background-color:#818a91;color:#fff}.elementor-widget-text-editor.elementor-drop-cap-view-framed .elementor-drop-cap{color:#818a91;border:3px solid;background-color:transparent}.elementor-widget-text-editor:not(.elementor-drop-cap-view-default) .elementor-drop-cap{margin-top:8px}.elementor-widget-text-editor:not(.elementor-drop-cap-view-default) .elementor-drop-cap-letter{width:1em;height:1em}.elementor-widget-text-editor .elementor-drop-cap{float:left;text-align:center;line-height:1;font-size:50px}.elementor-widget-text-editor .elementor-drop-cap-letter{display:inline-block}<\/style>\t\t\t\t<p>\u201eVolumul are un bogat con\u021binut scripturistic. P\u0103rintele Dumitru C\u0103lug\u0103r a f\u0103cut o selec\u021bie riguroas\u0103 a celor mai importante evenimente relatate \u00een Vechiul Testament \u0219i \u00een Noul Testament \u0219i le-a prezentat \u00eentr-o manier\u0103 adecvat\u0103 v\u00e2rstei copil\u0103riei, oferind astfel p\u0103rin\u021bilor oportunitatea de a-i familiariza pe cei mici cu textul Sfintei Scripturi. Lectur\u00e2nd acest text, copiii de ast\u0103zi (credincio\u0219ii de m\u00e2ine) vor cre\u0219te \u00een duhul autentic al spiritualit\u0103\u021bii ortodoxe \u0219i vor participa activ la via\u021ba Bisericii. Lucrarea are un pronun\u021bat caracter pedagogic, c\u0103ut\u00e2nd s\u0103 ofere solu\u021bii problemelor din prezent prin raportare la Sf\u00e2nta Scriptur\u0103. Pornind de la aceste preciz\u0103ri, volumul se dovede\u0219te a fi un material didactic foarte folositor \u00een educarea tinerei genera\u021bii, dar \u0219i o m\u0103rturie a faptului c\u0103 Biserica Ortodox\u0103 Rom\u00e2n\u0103 se \u00eengrije\u0219te de cre\u0219terea s\u0103n\u0103toas\u0103 copiilor\u201d.<\/p><p>Crimca Publishing house<\/p>\t\t\t\t\t\t<\/div>\n\t\t\t\t<\/div>\n\t\t\t\t\t<\/div>\n\t\t<\/div>\n\t\t\t\t\t\t\t<\/div>\n\t\t<\/section>\n\t\t\t\t<section class=\"elementor-section elementor-top-section elementor-element elementor-element-0edd6b3 elementor-section-boxed elementor-section-height-default elementor-section-height-default qodef-elementor-content-no\" data-id=\"0edd6b3\" data-element_type=\"section\">\n\t\t\t\t\t\t<div class=\"elementor-container elementor-column-gap-default\">\n\t\t\t\t\t<div class=\"elementor-column elementor-col-100 elementor-top-column elementor-element elementor-element-aaed762\" data-id=\"aaed762\" data-element_type=\"column\">\n\t\t\t<div class=\"elementor-widget-wrap elementor-element-populated\">\n\t\t\t\t\t\t\t\t<div class=\"elementor-element elementor-element-c98d892 elementor-widget-divider--view-line elementor-widget elementor-widget-divider\" data-id=\"c98d892\" data-element_type=\"widget\" data-widget_type=\"divider.default\">\n\t\t\t\t<div class=\"elementor-widget-container\">\n\t\t\t\t\t<div class=\"elementor-divider\">\n\t\t\t<span class=\"elementor-divider-separator\">\n\t\t\t\t\t\t<\/span>\n\t\t<\/div>\n\t\t\t\t<\/div>\n\t\t\t\t<\/div>\n\t\t\t\t<div class=\"elementor-element elementor-element-356a106 elementor-widget elementor-widget-text-editor\" data-id=\"356a106\" data-element_type=\"widget\" data-widget_type=\"text-editor.default\">\n\t\t\t\t<div class=\"elementor-widget-container\">\n\t\t\t\t\t\t\t<ul><li><em>Despre dumnezeiescul har \u2013 <\/em>Dosoftei Murariu;<\/li><li><em>\u00cendrum\u0103ri pastorale pentru Sf\u00e2nta Tain\u0103 a Botezului <\/em>\u2013 Colectiv de autori;<\/li><li><em>Luca Arbure \u2013 Portarul Sucevei \u2013 <\/em>Arhidiacon Vasile M. Demciuc;<\/li><li><em>Enciclopedie teologic\u0103 a Preasfintei N\u0103sc\u0103toare de Dumnezeu Maria <\/em>\u2013 Remus Rus;<\/li><li><em>\u00cendreptar de spovedanie <\/em>\u2013 \u00cenaltpreasfin\u021bitul Calinic, Arhiepiscop al Sucevei \u0219i R\u0103d\u0103u\u021bilor;<\/li><li><em>Chipuri de femei din Vechiul Testament <\/em>\u2013 Pr. Lauren\u021biu Stamatin;<\/li><li><em>Journey to Mount Athos \u2013 <\/em>Father Spyridon Bailey<em> (traducere);<\/em><\/li><li><em>Return to Mount Athos \u2013 <\/em>Father Spyridon Bailey<em> (traducere);<\/em><\/li><li><em>Via\u021ba, Acatistul \u0219i Paraclisul Sf\u00e2ntului Leontie de la R\u0103d\u0103u\u021bi;<\/em> \u2013 ***;<em>\u00a0<\/em><\/li><li><em>\u201eCuvinte, d\u0103-mi cuvinte\u201d. De la via\u021ba \u201esmeritului Roman\u201d la teologia poetic\u0103 a Melodului bizantin \u2013 <\/em>Alexandru Prelipcean;\u00a0<\/li><li><em>Hristos \u00eentre \u201estr\u0103ini\u201d \u0219i \u00eentoarcerea noastr\u0103<\/em> \u2013 Pr. Ioan Buliga;\u00a0<\/li><li><em>La pas prin Parohia Frasin. File de monografie \u2013 <\/em>Ion Netea, Gheorghe Ianovici, Andrei Ianovici;\u00a0<\/li><li><em>Biblia \u00een Filocalie &#8211; <\/em>\u00cenaltpreasfin\u021bitul Calinic, Arhiepiscop al Sucevei \u0219i R\u0103d\u0103u\u021bilor;\u00a0<\/li><li><em>Predica \u00een Evul Mediu \u2013 <\/em>Ieromonah Vasile Vasilache;<\/li><li><em>Dimitrie Onciul. Istoric, profesor, fondator, patriot <\/em>\u2013 ***;<\/li><li><em>Epitimiile \u0219i aplicarea lor \u00een scaunul m\u0103rturisirii <\/em>\u2013 Diac. Prof. Dr. Ioan Popovici;<\/li><li><em>Lacrimi de mir \u0219i vis de pace <\/em>\u2013 Preot Mihai Cobziuc;<\/li><li><em>P\u0103rintele Iosif Trifa. \u00cenv\u0103\u021b\u0103torul credin\u021bei. Volumul 1 \u2013 ***;<\/em><\/li><li><em>P\u0103rintele Iosif Trifa. \u00cenv\u0103\u021b\u0103torul credin\u021bei. Volumul 2 \u2013 ***;<\/em><\/li><li><em>Ctitorii \u0219i a\u0219ez\u0103minte rom\u00e2ne\u0219ti din Sf\u00e2ntul Munte Athos <\/em>\u2013 Pr. Vichentie Nechifor.<\/li><\/ul>\t\t\t\t\t\t<\/div>\n\t\t\t\t<\/div>\n\t\t\t\t\t<\/div>\n\t\t<\/div>\n\t\t\t\t\t\t\t<\/div>\n\t\t<\/section>\n\t\t\t\t\t\t\t<\/div>","protected":false},"excerpt":{"rendered":"<p>\u00cen curs de apari\u021bie Copii din Biblie. Despre cei mici din vremea veche, pentru cei mici din vremea noastr\u0103 Preot Dumitru C\u0103lug\u0103r \u201eVolumul are un bogat con\u021binut scripturistic. P\u0103rintele Dumitru C\u0103lug\u0103r a f\u0103cut o selec\u021bie riguroas\u0103 a celor mai importante evenimente relatate \u00een Vechiul Testament \u0219i \u00een Noul Testament \u0219i le-a prezentat \u00eentr-o manier\u0103 adecvat\u0103 [&hellip;]<\/p>","protected":false},"author":3,"featured_media":0,"parent":0,"menu_order":0,"comment_status":"closed","ping_status":"closed","template":"","meta":{"footnotes":""},"class_list":["post-7144","page","type-page","status-publish","hentry"],"_links":{"self":[{"href":"https:\/\/edituracrimca.ro\/en\/wp-json\/wp\/v2\/pages\/7144","targetHints":{"allow":["GET"]}}],"collection":[{"href":"https:\/\/edituracrimca.ro\/en\/wp-json\/wp\/v2\/pages"}],"about":[{"href":"https:\/\/edituracrimca.ro\/en\/wp-json\/wp\/v2\/types\/page"}],"author":[{"embeddable":true,"href":"https:\/\/edituracrimca.ro\/en\/wp-json\/wp\/v2\/users\/3"}],"replies":[{"embeddable":true,"href":"https:\/\/edituracrimca.ro\/en\/wp-json\/wp\/v2\/comments?post=7144"}],"version-history":[{"count":100,"href":"https:\/\/edituracrimca.ro\/en\/wp-json\/wp\/v2\/pages\/7144\/revisions"}],"predecessor-version":[{"id":9024,"href":"https:\/\/edituracrimca.ro\/en\/wp-json\/wp\/v2\/pages\/7144\/revisions\/9024"}],"wp:attachment":[{"href":"https:\/\/edituracrimca.ro\/en\/wp-json\/wp\/v2\/media?parent=7144"}],"curies":[{"name":"wp","href":"https:\/\/api.w.org\/{rel}","templated":true}]}}