{"id":5697,"date":"2022-05-18T14:01:30","date_gmt":"2022-05-18T11:01:30","guid":{"rendered":"https:\/\/edituracrimca.ro\/?page_id=5697"},"modified":"2022-07-07T16:05:07","modified_gmt":"2022-07-07T13:05:07","slug":"inaltpreasfintitul-calinic","status":"publish","type":"page","link":"https:\/\/edituracrimca.ro\/en\/inaltpreasfintitul-calinic\/","title":{"rendered":"Ips Calinic"},"content":{"rendered":"<div data-elementor-type=\"wp-page\" data-elementor-id=\"5697\" class=\"elementor elementor-5697\">\n\t\t\t\t\t\t\t\t\t<section class=\"elementor-section elementor-top-section elementor-element elementor-element-53230e4 elementor-section-full_width elementor-section-stretched elementor-section-height-default elementor-section-height-default qodef-elementor-content-no\" data-id=\"53230e4\" data-element_type=\"section\" data-settings=\"{&quot;stretch_section&quot;:&quot;section-stretched&quot;}\">\n\t\t\t\t\t\t<div class=\"elementor-container elementor-column-gap-extended\">\n\t\t\t\t\t<div class=\"elementor-column elementor-col-100 elementor-top-column elementor-element elementor-element-f2ed3ae\" data-id=\"f2ed3ae\" data-element_type=\"column\">\n\t\t\t<div class=\"elementor-widget-wrap elementor-element-populated\">\n\t\t\t\t\t\t\t\t<section class=\"elementor-section elementor-inner-section elementor-element elementor-element-e046da8 elementor-section-full_width elementor-section-height-full elementor-section-height-default qodef-elementor-content-no\" data-id=\"e046da8\" data-element_type=\"section\">\n\t\t\t\t\t\t<div class=\"elementor-container elementor-column-gap-extended\">\n\t\t\t\t\t<div class=\"elementor-column elementor-col-50 elementor-inner-column elementor-element elementor-element-8906113\" data-id=\"8906113\" data-element_type=\"column\">\n\t\t\t<div class=\"elementor-widget-wrap elementor-element-populated\">\n\t\t\t\t\t\t\t\t<div class=\"elementor-element elementor-element-8d4d327 elementor-widget elementor-widget-image\" data-id=\"8d4d327\" data-element_type=\"widget\" data-widget_type=\"image.default\">\n\t\t\t\t<div class=\"elementor-widget-container\">\n\t\t\t<style>\/*! elementor - v3.10.2 - 29-01-2023 *\/\n.elementor-widget-image{text-align:center}.elementor-widget-image a{display:inline-block}.elementor-widget-image a img[src$=\".svg\"]{width:48px}.elementor-widget-image img{vertical-align:middle;display:inline-block}<\/style>\t\t\t\t\t\t\t\t\t\t\t\t<img loading=\"lazy\" decoding=\"async\" width=\"683\" height=\"1024\" src=\"https:\/\/edituracrimca.ro\/wp-content\/uploads\/2022\/05\/IPS-BG-3-scaled-1-683x1024.jpg\" class=\"attachment-large size-large wp-image-5702\" alt=\"\" srcset=\"https:\/\/edituracrimca.ro\/wp-content\/uploads\/2022\/05\/IPS-BG-3-scaled-1-683x1024.jpg 683w, https:\/\/edituracrimca.ro\/wp-content\/uploads\/2022\/05\/IPS-BG-3-scaled-1-600x900.jpg 600w, https:\/\/edituracrimca.ro\/wp-content\/uploads\/2022\/05\/IPS-BG-3-scaled-1-200x300.jpg 200w, https:\/\/edituracrimca.ro\/wp-content\/uploads\/2022\/05\/IPS-BG-3-scaled-1-768x1152.jpg 768w, https:\/\/edituracrimca.ro\/wp-content\/uploads\/2022\/05\/IPS-BG-3-scaled-1-1024x1536.jpg 1024w, https:\/\/edituracrimca.ro\/wp-content\/uploads\/2022\/05\/IPS-BG-3-scaled-1-1366x2048.jpg 1366w, https:\/\/edituracrimca.ro\/wp-content\/uploads\/2022\/05\/IPS-BG-3-scaled-1.jpg 1707w\" sizes=\"auto, (max-width: 683px) 100vw, 683px\" \/>\t\t\t\t\t\t\t\t\t\t\t\t\t\t\t<\/div>\n\t\t\t\t<\/div>\n\t\t\t\t\t<\/div>\n\t\t<\/div>\n\t\t\t\t<div class=\"elementor-column elementor-col-50 elementor-inner-column elementor-element elementor-element-4b1fb64\" data-id=\"4b1fb64\" data-element_type=\"column\">\n\t\t\t<div class=\"elementor-widget-wrap elementor-element-populated\">\n\t\t\t\t\t\t\t\t<div class=\"elementor-element elementor-element-f1a4d3c elementor-widget elementor-widget-heading\" data-id=\"f1a4d3c\" data-element_type=\"widget\" data-widget_type=\"heading.default\">\n\t\t\t\t<div class=\"elementor-widget-container\">\n\t\t\t<style>\/*! elementor - v3.10.2 - 29-01-2023 *\/\n.elementor-heading-title{padding:0;margin:0;line-height:1}.elementor-widget-heading .elementor-heading-title[class*=elementor-size-]>a{color:inherit;font-size:inherit;line-height:inherit}.elementor-widget-heading .elementor-heading-title.elementor-size-small{font-size:15px}.elementor-widget-heading .elementor-heading-title.elementor-size-medium{font-size:19px}.elementor-widget-heading .elementor-heading-title.elementor-size-large{font-size:29px}.elementor-widget-heading .elementor-heading-title.elementor-size-xl{font-size:39px}.elementor-widget-heading .elementor-heading-title.elementor-size-xxl{font-size:59px}<\/style><h2 class=\"elementor-heading-title elementor-size-default\">\u2020 Calinic\n<\/h2>\t\t<\/div>\n\t\t\t\t<\/div>\n\t\t\t\t<div class=\"elementor-element elementor-element-b6b58d4 elementor-widget elementor-widget-heading\" data-id=\"b6b58d4\" data-element_type=\"widget\" data-widget_type=\"heading.default\">\n\t\t\t\t<div class=\"elementor-widget-container\">\n\t\t\t<h4 class=\"elementor-heading-title elementor-size-default\">Archbishop of Suceava and R\u0103d\u0103u\u021bi<\/h4>\t\t<\/div>\n\t\t\t\t<\/div>\n\t\t\t\t<div class=\"elementor-element elementor-element-5bc43a0 elementor-widget elementor-widget-text-editor\" data-id=\"5bc43a0\" data-element_type=\"widget\" data-widget_type=\"text-editor.default\">\n\t\t\t\t<div class=\"elementor-widget-container\">\n\t\t\t<style>\/*! elementor - v3.10.2 - 29-01-2023 *\/\n.elementor-widget-text-editor.elementor-drop-cap-view-stacked .elementor-drop-cap{background-color:#818a91;color:#fff}.elementor-widget-text-editor.elementor-drop-cap-view-framed .elementor-drop-cap{color:#818a91;border:3px solid;background-color:transparent}.elementor-widget-text-editor:not(.elementor-drop-cap-view-default) .elementor-drop-cap{margin-top:8px}.elementor-widget-text-editor:not(.elementor-drop-cap-view-default) .elementor-drop-cap-letter{width:1em;height:1em}.elementor-widget-text-editor .elementor-drop-cap{float:left;text-align:center;line-height:1;font-size:50px}.elementor-widget-text-editor .elementor-drop-cap-letter{display:inline-block}<\/style>\t\t\t\t<p>Data na\u0219terii:\u00a0\u00a018 noiembrie 1957;<br \/>Locul na\u0219terii:\u00a0 loc. Ia\u0219i, jud. Ia\u0219i;<\/p><p>Tuns \u00een monahism: 1984;<br \/>Hirotonit ierodiacon:\u00a014 mai 1986;<br \/>Hirotonit ieromonah: 15 august 1986;<br \/>Hirotonit episcop:\u00a025 martie 1991;<br \/>\u00centronizat Arhiepiscop al Sucevei \u0219i R\u0103d\u0103u\u021bilor: 26 iulie 2020.<\/p><p><strong>C\u0103r\u0163i publicate<\/strong><\/p><p><i>Biblia \u00een Filocalie<\/i>, <i>Thanatology and Immortality<\/i>, <i>Parabolele lui Iisus de Joachim Jeremias<\/i>, <i>Medita\u021bii filocalice<\/i>, <i>F\u0103r\u00e2me dintr-o existen\u0163\u0103 exemplar\u0103. Arhimandritul Iachint \u2013 un stare\u0163 simbol<\/i>, <i>Fenomenul \u201eBiserica ortodox\u0103 secret\u0103&#8221; \u2013 o erezie la \u00eenceput de mileniu III<\/i>, <i>Predici la \u00eenmorm\u00e2nt\u0103ri \u2013 53 de modele<\/i>, <i>Un personaj plurivalent al cet\u0103\u021bii &#8211; Claudiu Paradais: eseist, muzeograf, critic \u0219i istoric de art\u0103<\/i>, <i>Sfin\u021bii \u2013 Ml\u0103di\u021be din Hristos<\/i>, <i>M\u0103n\u0103stirea Had\u00e2mbu \u2013 350 ani de istorie \u0219i spiritualitate<\/i>, <i>S\u0103rb\u0103torile \u2013 daruri ale \u00cenvierii<\/i>, <i>Duminicile \u2013 pece\u021bi ale \u00cenvierii<\/i>, <i>Trecut-au anii. Un destin sinuos devenit poezie<\/i>, <i>Triodul \u2013 Golgota poc\u0103in\u021bei<\/i>, <em>Penticostarul \u2013 Cincizecimea \u00cenvierii<\/em>, <em>Cartea Sfin\u021birilor<\/em>, <em>Imnul Icoanei F\u0103c\u0103toare de Minuni de la M\u0103n\u0103stirea Had\u00e2mbu<\/em>, <em>Nou\u0103sprezece plus unul<\/em>, <em>Paraclisul Maicii Domnului \u2013 o scrisoare de poc\u0103in\u021b\u0103 c\u0103tre omul contemporan<\/em>, <em>Maica Domnului \u00een lumina Sfintei Scripturi \u0219i a Sfintei Tradi\u021bii. O sintez\u0103 pentru omul gr\u0103bit<\/em>, <em>Sfin\u021birile \u2013 lucr\u0103ri ale Duhului Sf\u00e2nt (pareneze)<\/em>, <em>R\u00e2nduieli \u0219i rug\u0103ciuni la diferite trebuin\u021be<\/em>, <em>F\u0103r\u00e2me de comuniune \u0219i neuitare &#8211; Prof. Dumitru R\u0103d\u0103uceanu<\/em>, <em>Miride \u00een cuvinte<\/em>, <em>Via\u0163a p\u0103rintelui Serafim \u00eentre vedenii, vise \u015fi realitate<\/em>, <em>Mitropolia Caterisi\u0163ilor de la Secuieni<\/em>, <em>Arhim. Mitrofan B\u0103ltu\u021b\u0103 \u2013 un nume nepieritor<\/em>, <em>Imnul Icoanei F\u0103c\u0103toare de Minuni de la M\u0103n\u0103stirea Gorovei<\/em>, <em>P\u0103rintele Hrisostom D\u0103nil\u0103 \u2013 matematicianul vie\u021bii tr\u0103ite \u00een Hristos<\/em>, <em>P\u0103rin\u021bii copil\u0103riei mele<\/em>, <em>\u00cenmorm\u00e2ntarea sinuciga\u0219ilor \u2013 moment pastoral \u0219i misionar<\/em>, <em>M\u0103n\u0103stirea \u201eNa\u0219terea Maicii Domnului\u201d \u2013 Had\u00e2mbu. Monografie<\/em>, <em>M\u0103n\u0103stirea \u201eIzvorul T\u0103m\u0103duirii\u201d \u2013 Zosin. Monografie<\/em>, <em>Parabolele \u2013 nestemate ale \u00eenv\u0103\u021b\u0103turii lui Iisus<\/em>, <em>Lacrimi \u00een cuvinte<\/em>, <em>M\u0103n\u0103stirea \u201eNa\u0219terea Maicii Domnului\u201d \u2013 Had\u00e2mbu<\/em>, <em>Minunile \u2013 Revela\u021bii ale Sfintei Treimi<\/em>, <em>Icoana Maicii Domnului de la M\u0103n\u0103stirea Had\u00e2mbu \u2013 minuni recente<\/em>, <em>Biserica \u201eSf\u00e2ntul Iulian din Tars\u201d. Monografie<\/em>, <em>Despre Sfintele Taine \u0219i Ierurgii, Ofrand\u0103 la ceas aniversar<\/em>, <em>Prof. univ. dr. Mihail Isac \u2013 Biofizicianul ie\u0219ean de renume international<\/em>, <em>Complementaritate \u00een diversitate \u00een satul rom\u00e2nesc; continuitate \u0219i contiguitate episcopal\u0103; traduc\u0103tori de c\u0103r\u021bi biserice\u0219ti<\/em>, <em>Sfin\u021bii \u2013 Prietenii no\u0219tri adev\u0103ra\u021bi. Portrete \u00een cuvinte<\/em>, <em>Familia \u015fi Filantropia \u2013 dou\u0103 institu\u0163ii divino-umane<\/em>, <em>Cuv\u00e2nt\u0103ri la ceas de priveghere.<\/em><\/p><div class=\"gdlr-core-pbf-element\" style=\"box-sizing: inherit; border-color: #e6e6e6; background-position: initial; background-color: #ffffff; clear: both; color: #6b6b6b; font-family: Poppins, sans-serif; font-size: 16px;\"><div class=\"gdlr-core-title-item gdlr-core-item-pdb clearfix gdlr-core-left-align gdlr-core-title-item-caption-top gdlr-core-item-pdlr\" style=\"box-sizing: inherit; border-color: #e6e6e6; background-position: initial; padding-right: 20px; padding-bottom: 30px; padding-left: 20px; zoom: 1;\"><div class=\"gdlr-core-title-item-title-wrap clearfix\" style=\"box-sizing: inherit; border-color: #e6e6e6; background-position: initial; zoom: 1; position: relative;\">\u00a0<\/div><\/div><\/div>\t\t\t\t\t\t<\/div>\n\t\t\t\t<\/div>\n\t\t\t\t\t<\/div>\n\t\t<\/div>\n\t\t\t\t\t\t\t<\/div>\n\t\t<\/section>\n\t\t\t\t\t<\/div>\n\t\t<\/div>\n\t\t\t\t\t\t\t<\/div>\n\t\t<\/section>\n\t\t\t\t<section class=\"elementor-section elementor-top-section elementor-element elementor-element-af09e2d elementor-section-boxed elementor-section-height-default elementor-section-height-default qodef-elementor-content-no\" data-id=\"af09e2d\" data-element_type=\"section\">\n\t\t\t\t\t\t<div class=\"elementor-container elementor-column-gap-default\">\n\t\t\t\t\t<div class=\"elementor-column elementor-col-100 elementor-top-column elementor-element elementor-element-dbc464d\" data-id=\"dbc464d\" data-element_type=\"column\">\n\t\t\t<div class=\"elementor-widget-wrap elementor-element-populated\">\n\t\t\t\t\t\t\t\t<div class=\"elementor-element elementor-element-df65e00 elementor-widget elementor-widget-spacer\" data-id=\"df65e00\" data-element_type=\"widget\" data-widget_type=\"spacer.default\">\n\t\t\t\t<div class=\"elementor-widget-container\">\n\t\t\t<style>\/*! elementor - v3.10.2 - 29-01-2023 *\/\n.elementor-column .elementor-spacer-inner{height:var(--spacer-size)}.e-con{--container-widget-width:100%}.e-con-inner>.elementor-widget-spacer,.e-con>.elementor-widget-spacer{width:var(--container-widget-width,var(--spacer-size));--align-self:var(--container-widget-align-self,initial);--flex-shrink:0}.e-con-inner>.elementor-widget-spacer>.elementor-widget-container,.e-con-inner>.elementor-widget-spacer>.elementor-widget-container>.elementor-spacer,.e-con>.elementor-widget-spacer>.elementor-widget-container,.e-con>.elementor-widget-spacer>.elementor-widget-container>.elementor-spacer{height:100%}.e-con-inner>.elementor-widget-spacer>.elementor-widget-container>.elementor-spacer>.elementor-spacer-inner,.e-con>.elementor-widget-spacer>.elementor-widget-container>.elementor-spacer>.elementor-spacer-inner{height:var(--container-widget-height,var(--spacer-size))}<\/style>\t\t<div class=\"elementor-spacer\">\n\t\t\t<div class=\"elementor-spacer-inner\"><\/div>\n\t\t<\/div>\n\t\t\t\t<\/div>\n\t\t\t\t<\/div>\n\t\t\t\t<div class=\"elementor-element elementor-element-a17e53a elementor-widget elementor-widget-belletrist_core_separator\" data-id=\"a17e53a\" data-element_type=\"widget\" data-widget_type=\"belletrist_core_separator.default\">\n\t\t\t\t<div class=\"elementor-widget-container\">\n\t\t\t<div class=\"qodef-shortcode qodef-m  qodef-separator clear\">\n\t<div class=\"qodef-m-line\" ><\/div>\n<\/div>\t\t<\/div>\n\t\t\t\t<\/div>\n\t\t\t\t<div class=\"elementor-element elementor-element-5660f85 elementor-widget__width-inherit elementor-widget elementor-widget-belletrist_core_section_title\" data-id=\"5660f85\" data-element_type=\"widget\" data-widget_type=\"belletrist_core_section_title.default\">\n\t\t\t\t<div class=\"elementor-widget-container\">\n\t\t\t<div class=\"qodef-shortcode qodef-m  qodef-section-title qodef-alignment--center\">\n\t\t\t<h2 class=\"qodef-m-title\" >\n\t\t\t\t\tAsk the author\t\t\t<\/h2>\n\t\t\t<p class=\"qodef-m-text\" >Ask the author a question<\/p>\n<\/div>\t\t<\/div>\n\t\t\t\t<\/div>\n\t\t\t\t<div class=\"elementor-element elementor-element-936d08c elementor-widget__width-inherit elementor-widget elementor-widget-wp-widget-belletrist_core_contact_form_7\" data-id=\"936d08c\" data-element_type=\"widget\" data-widget_type=\"wp-widget-belletrist_core_contact_form_7.default\">\n\t\t\t\t<div class=\"elementor-widget-container\">\n\t\t\t\t\t\t<div class=\"qodef-contact-form-7\">\n\t\t\t\t\n<div class=\"wpcf7 no-js\" id=\"wpcf7-f5386-o1\" lang=\"en-US\" dir=\"ltr\">\n<div class=\"screen-reader-response\"><p role=\"status\" aria-live=\"polite\" aria-atomic=\"true\"><\/p> <ul><\/ul><\/div>\n<form action=\"\/en\/wp-json\/wp\/v2\/pages\/5697#wpcf7-f5386-o1\" method=\"post\" class=\"wpcf7-form init\" aria-label=\"Contact form\" novalidate=\"novalidate\" data-status=\"init\" data-no-translation-aria-label=\"\" data-trp-original-action=\"\/en\/wp-json\/wp\/v2\/pages\/5697#wpcf7-f5386-o1\">\n<div style=\"display: none;\">\n<input type=\"hidden\" name=\"_wpcf7\" value=\"5386\" \/>\n<input type=\"hidden\" name=\"_wpcf7_version\" value=\"5.7.3\" \/>\n<input type=\"hidden\" name=\"_wpcf7_locale\" value=\"en_US\" \/>\n<input type=\"hidden\" name=\"_wpcf7_unit_tag\" value=\"wpcf7-f5386-o1\" \/>\n<input type=\"hidden\" name=\"_wpcf7_container_post\" value=\"0\" \/>\n<input type=\"hidden\" name=\"_wpcf7_posted_data_hash\" value=\"\" \/>\n<\/div>\n<p><label> Your name<br \/>\n<span class=\"wpcf7-form-control-wrap\" data-name=\"your-name\"><input size=\"40\" class=\"wpcf7-form-control wpcf7-text wpcf7-validates-as-required\" aria-required=\"true\" aria-invalid=\"false\" value=\"\" type=\"text\" name=\"your-name\" \/><\/span> <\/label>\n<\/p>\n<p><label> E-mail<br \/>\n<span class=\"wpcf7-form-control-wrap\" data-name=\"your-email\"><input size=\"40\" class=\"wpcf7-form-control wpcf7-text wpcf7-email wpcf7-validates-as-required wpcf7-validates-as-email\" aria-required=\"true\" aria-invalid=\"false\" value=\"\" type=\"email\" name=\"your-email\" \/><\/span> <\/label><br \/>\n<label> Your question <span class=\"wpcf7-form-control-wrap\" data-name=\"text-898\"><input size=\"40\" class=\"wpcf7-form-control wpcf7-text wpcf7-validates-as-required\" aria-required=\"true\" aria-invalid=\"false\" value=\"\" type=\"text\" name=\"text-898\" \/><\/span> <\/label>\n<\/p>\n<p><button class=\"wpcf7-form-control wpcf7-submit qodef-button qodef-size--normal qodef-layout--outlined qodef-m\" type=\"submit\"><span class=\"qodef-m-text\">Send<\/span><\/button>\n<\/p><p style=\"display: none !important;\"><label>&#916;<textarea name=\"_wpcf7_ak_hp_textarea\" cols=\"45\" rows=\"8\" maxlength=\"100\"><\/textarea><\/label><input type=\"hidden\" id=\"ak_js_1\" name=\"_wpcf7_ak_js\" value=\"183\"\/><script>document.getElementById( \"ak_js_1\" ).setAttribute( \"value\", ( new Date() ).getTime() );<\/script><\/p><div class=\"wpcf7-response-output\" aria-hidden=\"true\"><\/div>\n<input type=\"hidden\" name=\"trp-form-language\" value=\"en\"\/><\/form>\n<\/div>\n\t\t\t<\/div>\n\t\t\t\t\t<\/div>\n\t\t\t\t<\/div>\n\t\t\t\t\t<\/div>\n\t\t<\/div>\n\t\t\t\t\t\t\t<\/div>\n\t\t<\/section>\n\t\t\t\t\t\t\t<\/div>","protected":false},"excerpt":{"rendered":"<p>\u00cenaltpreasfin\u021bitul P\u0103rinte Calinic Arhiepiscop al Sucevei \u0219i R\u0103d\u0103u\u021bilor Data na\u0219terii:\u00a0\u00a018 noiembrie 1957;Locul na\u0219terii:\u00a0 loc. Ia\u0219i, jud. Ia\u0219i; Tuns \u00een monahism: 1984;Hirotonit ierodiacon:\u00a014 mai 1986;Hirotonit ieromonah: 15 august 1986;Hirotonit episcop:\u00a025 martie 1991;\u00centronizat Arhiepiscop al Sucevei \u0219i R\u0103d\u0103u\u021bilor: 26 iulie 2020. C\u0103r\u0163i publicate Biblia \u00een Filocalie, Tanatologie \u0219i nemurire, Parabolele lui Iisus de Joachim Jeremias, Medita\u021bii filocalice, [&hellip;]<\/p>","protected":false},"author":3,"featured_media":0,"parent":0,"menu_order":0,"comment_status":"closed","ping_status":"closed","template":"","meta":{"footnotes":""},"class_list":["post-5697","page","type-page","status-publish","hentry"],"_links":{"self":[{"href":"https:\/\/edituracrimca.ro\/en\/wp-json\/wp\/v2\/pages\/5697","targetHints":{"allow":["GET"]}}],"collection":[{"href":"https:\/\/edituracrimca.ro\/en\/wp-json\/wp\/v2\/pages"}],"about":[{"href":"https:\/\/edituracrimca.ro\/en\/wp-json\/wp\/v2\/types\/page"}],"author":[{"embeddable":true,"href":"https:\/\/edituracrimca.ro\/en\/wp-json\/wp\/v2\/users\/3"}],"replies":[{"embeddable":true,"href":"https:\/\/edituracrimca.ro\/en\/wp-json\/wp\/v2\/comments?post=5697"}],"version-history":[{"count":46,"href":"https:\/\/edituracrimca.ro\/en\/wp-json\/wp\/v2\/pages\/5697\/revisions"}],"predecessor-version":[{"id":7899,"href":"https:\/\/edituracrimca.ro\/en\/wp-json\/wp\/v2\/pages\/5697\/revisions\/7899"}],"wp:attachment":[{"href":"https:\/\/edituracrimca.ro\/en\/wp-json\/wp\/v2\/media?parent=5697"}],"curies":[{"name":"wp","href":"https:\/\/api.w.org\/{rel}","templated":true}]}}